{"id":71028,"date":"2025-06-04T13:06:36","date_gmt":"2025-06-04T13:06:36","guid":{"rendered":"https:\/\/e.kosmolat.eu\/product\/ht-sampuns-skrubis-visiem-matu-tip-250-ml\/"},"modified":"2026-04-10T07:31:22","modified_gmt":"2026-04-10T07:31:22","slug":"i_ht-sampuns-skrubis-visiem-matu-tip-250-ml","status":"publish","type":"product","link":"https:\/\/e.kosmolat.eu\/lt\/produktas\/i_ht-sampuns-skrubis-visiem-matu-tip-250-ml\/","title":{"rendered":"I_HAIR TREND \u0160amp\u016bnas-\u0161veitiklis visiems plauk\u0173 tipams, 250 ml"},"content":{"rendered":"<p>\u0160amp\u016bnas-\u0161veitiklis giliai valo, mink\u0161tina plaukus ir skatina optimal\u0173 galvos odos funkcionavim\u0105, o tai svarbu stipriems ir sveikiems plaukams.<\/p>\n<p>Naudojimas: \u0160velniai masa\u017euojamaisiais judesiais u\u017etepkite ant dr\u0117gn\u0173 plauk\u0173, \u012ftrinkite ir kruop\u0161\u010diai nuplaukite vandeniu. Jei reikia, pakartokite. Naudokite 1kart1 per savait Naudokite 1 kart\u0105 per savait\u0119<\/p>\n<p>Atsargumo priemon\u0117s: Prie\u0161 naudojim\u0105 rekomenduojama i\u0161bandyti priemon\u0119 ant nedidelio odos ploto. Jei pasirei\u0161kia alergin\u0117 reakcija, nutraukite naudojim\u0105. Tik i\u0161oriniam naudojimui. Patekus \u012f akis, gausiai praplaukite tekan\u010diu vandeniu.<\/p>\n<p>\u012esp\u0117jimas: Sud\u0117tyje yra vitamino A. Prie\u0161 vartojim\u0105 atsi\u017evelkite \u012f paros doz\u0119.<\/p>\n<p>Kontraindikacijos: Galimas individualus jautrumas produkto sudedamosioms dalims.<\/p>\n<p>\u012esp\u0117jimas: Sud\u0117tyje yra vitamino A. Prie\u0161 naudojant atsi\u017evelgti \u012f paros doz\u0119.<\/p>\n<p>Laikyti nuo +5\u00b0C iki +25\u00b0C ir 55-70% santykin\u0117je dr\u0117gm\u0117je, vietojeapsaugotoje nuo tiesiogini\u0173 saul\u0117s spinduli\u0173. Nelaikykite gaminio ar\u010diau kaip 1 m (m) atstumu nuo auk\u0161tos temperat\u016bros \u0161altini\u0173.<\/p>\n<p>Geriausias: 36 m\u0117nesiai nuo pagaminimo datos.<\/p>\n","protected":false},"excerpt":{"rendered":"<p>\u0160amp\u016bnas-\u0161veitiklis giliai valo, mink\u0161tina plaukus ir skatina optimal\u0173 galvos odos funkcionavim\u0105, o tai svarbu stipriems ir sveikiems plaukams. Naudojimas: \u0160velniai masa\u017euojamaisiais judesiais u\u017etepkite ant dr\u0117gn\u0173 plauk\u0173, \u012ftrinkite ir kruop\u0161\u010diai nuplaukite vandeniu. Jei reikia, pakartokite. Naudokite 1kart1 per savait Naudokite 1 kart\u0105 per savait\u0119 Atsargumo priemon\u0117s: Prie\u0161 naudojim\u0105 rekomenduojama i\u0161bandyti priemon\u0119 ant nedidelio odos ploto. Jei [&#8230;]\n","protected":false},"featured_media":97066,"template":"","meta":[],"product_cat":[1251],"product_tag":[],"class_list":{"0":"post-71028","1":"product","2":"type-product","3":"status-publish","4":"has-post-thumbnail","6":"product_brand-naturpro_ua-lt","7":"product_cat-sampunai","9":"first","10":"outofstock","11":"taxable","12":"shipping-taxable","13":"product-type-simple"},"_links":{"self":[{"href":"https:\/\/e.kosmolat.eu\/lt\/wp-json\/wp\/v2\/product\/71028","targetHints":{"allow":["GET"]}}],"collection":[{"href":"https:\/\/e.kosmolat.eu\/lt\/wp-json\/wp\/v2\/product"}],"about":[{"href":"https:\/\/e.kosmolat.eu\/lt\/wp-json\/wp\/v2\/types\/product"}],"wp:featuredmedia":[{"embeddable":true,"href":"https:\/\/e.kosmolat.eu\/lt\/wp-json\/wp\/v2\/media\/97066"}],"wp:attachment":[{"href":"https:\/\/e.kosmolat.eu\/lt\/wp-json\/wp\/v2\/media?parent=71028"}],"wp:term":[{"taxonomy":"product_cat","embeddable":true,"href":"https:\/\/e.kosmolat.eu\/lt\/wp-json\/wp\/v2\/product_cat?post=71028"},{"taxonomy":"product_tag","embeddable":true,"href":"https:\/\/e.kosmolat.eu\/lt\/wp-json\/wp\/v2\/product_tag?post=71028"}],"curies":[{"name":"wp","href":"https:\/\/api.w.org\/{rel}","templated":true}]}}