{"id":71024,"date":"2025-06-04T12:51:12","date_gmt":"2025-06-04T12:51:12","guid":{"rendered":"https:\/\/e.kosmolat.eu\/product\/hair-trend-sulfate-free-shampoo-for-all-hair-types-250-%d0%bcl-hair-trend-i%d0%b5%d0%b7%d1%81%d1%83eu%d1%84a%d1%82%d0%bdc%d0%b9-ua%d0%bc%d0%bf%d1%83%d0%bdu-ae%d1%8f-%d0%b2%d1%81no\/"},"modified":"2025-09-15T13:03:16","modified_gmt":"2025-09-15T13:03:16","slug":"ht-sampuns-bez-sulfatiem-visiem-matu-tipiem-250-ml","status":"publish","type":"product","link":"https:\/\/e.kosmolat.eu\/lt\/produktas\/ht-sampuns-bez-sulfatiem-visiem-matu-tipiem-250-ml\/","title":{"rendered":"HAIR TREND \u0161amp\u016bnas be sulfat\u0173 visiems plauk\u0173 tipams, 250 ml"},"content":{"rendered":"<p>\u0160amp\u016bnas giliai maitina, mink\u0161tina plaukus ir suteikia jiems blizgesio.<\/p>\n<p>Naudojimas: \u0160velniai masa\u017euojamaisiais judesiais u\u017etepkite ant dr\u0117gn\u0173 plauk\u0173, \u012ftrinkite ir kruop\u0161\u010diai nuplaukite vandeniu. Jei reikia, pakartokite.<\/p>\n<p>Atsargumo priemon\u0117s: Prie\u0161 naudojim\u0105 rekomenduojama i\u0161bandyti priemon\u0119 ant nedidelio odos ploto. Jei pasirei\u0161kia alergin\u0117 reakcija, nutraukite naudojim\u0105. Tik i\u0161oriniam naudojimui. Patekus \u012f akis, gausiai praplaukite tekan\u010diu vandeniu.<\/p>\n<p>\u012esp\u0117jimas: Sud\u0117tyje yra vitamino A. Prie\u0161 vartojim\u0105 atsi\u017evelkite \u012f paros doz\u0119.<\/p>\n<p>Kontraindikacijos: Galimas individualus jautrumas produkto sudedamosioms dalims.<\/p>\n<p>\u012esp\u0117jimas: Sud\u0117tyje yra vitamino A. Prie\u0161 naudojant atsi\u017evelgti \u012f paros doz\u0119.<\/p>\n<p>Laikyti nuo +5\u00b0C iki +25\u00b0C ir 55-70% santykin\u0117je dr\u0117gm\u0117je, vietojeapsaugotoje nuo tiesiogini\u0173 saul\u0117s spinduli\u0173. Nelaikykite gaminio ar\u010diau kaip 1 m (m) atstumu nuo auk\u0161tos temperat\u016bros \u0161altini\u0173.<\/p>\n<p>Geriausias: 36 m\u0117nesiai nuo pagaminimo datos.<\/p>\n","protected":false},"excerpt":{"rendered":"<p>\u0160amp\u016bnas giliai maitina, mink\u0161tina plaukus ir suteikia jiems blizgesio. Naudojimas: \u0160velniai masa\u017euojamaisiais judesiais u\u017etepkite ant dr\u0117gn\u0173 plauk\u0173, \u012ftrinkite ir kruop\u0161\u010diai nuplaukite vandeniu. Jei reikia, pakartokite. Atsargumo priemon\u0117s: Prie\u0161 naudojim\u0105 rekomenduojama i\u0161bandyti priemon\u0119 ant nedidelio odos ploto. Jei pasirei\u0161kia alergin\u0117 reakcija, nutraukite naudojim\u0105. Tik i\u0161oriniam naudojimui. Patekus \u012f akis, gausiai praplaukite tekan\u010diu vandeniu. \u012esp\u0117jimas: Sud\u0117tyje yra [&#8230;]\n","protected":false},"featured_media":0,"template":"","meta":[],"product_cat":[1251],"product_tag":[],"class_list":{"0":"post-71024","1":"product","2":"type-product","3":"status-publish","5":"product_brand-naturpro_ua-lt","6":"product_cat-sampunai","8":"first","9":"outofstock","10":"taxable","11":"shipping-taxable","12":"product-type-simple"},"_links":{"self":[{"href":"https:\/\/e.kosmolat.eu\/lt\/wp-json\/wp\/v2\/product\/71024","targetHints":{"allow":["GET"]}}],"collection":[{"href":"https:\/\/e.kosmolat.eu\/lt\/wp-json\/wp\/v2\/product"}],"about":[{"href":"https:\/\/e.kosmolat.eu\/lt\/wp-json\/wp\/v2\/types\/product"}],"wp:attachment":[{"href":"https:\/\/e.kosmolat.eu\/lt\/wp-json\/wp\/v2\/media?parent=71024"}],"wp:term":[{"taxonomy":"product_cat","embeddable":true,"href":"https:\/\/e.kosmolat.eu\/lt\/wp-json\/wp\/v2\/product_cat?post=71024"},{"taxonomy":"product_tag","embeddable":true,"href":"https:\/\/e.kosmolat.eu\/lt\/wp-json\/wp\/v2\/product_tag?post=71024"}],"curies":[{"name":"wp","href":"https:\/\/api.w.org\/{rel}","templated":true}]}}