{"id":71015,"date":"2025-06-04T09:06:34","date_gmt":"2025-06-04T09:06:34","guid":{"rendered":"https:\/\/e.kosmolat.eu\/product\/ec-hyaluron-nomierin-toniks-norm-un-jutigai-adai-200-ml\/"},"modified":"2026-04-10T07:33:08","modified_gmt":"2026-04-10T07:33:08","slug":"ec-hyaluron-nomierin-toniks-norm-un-jutigai-adai-200-ml","status":"publish","type":"product","link":"https:\/\/e.kosmolat.eu\/lt\/produktas\/ec-hyaluron-nomierin-toniks-norm-un-jutigai-adai-200-ml\/","title":{"rendered":"ELEN Hyaluron raminamasis tonikas normaliai ir jautriai odai, 200 ml"},"content":{"rendered":"<p>Tonikas dr\u0117kina ir tonizuoja od\u0105, normalizuoja jos pH pusiausvyr\u0105, taip pat skatina efektyvesn\u012f krem\u0173 ir kit\u0173 odos prie\u017ei\u016bros priemoni\u0173 \u012fsig\u0117rim\u0105.<\/p>\n<p>Naudojimas: sudr\u0117kinkite vatos diskel\u012f toniku ir nuvalykite veido, aki\u0173 ir l\u016bp\u0173 od\u0105. Nereikia nuplauti.<\/p>\n<p>Atsargumo priemon\u0117s: Prie\u0161 naudojim\u0105 i\u0161bandykite \u0161veitimo kauk\u0119 ant nedidelio odos ploto. Jei pasirei\u0161kia alergin\u0117 reakcija, nutraukite naudojim\u0105. Tik i\u0161oriniam naudojimui. Rekomenduojama kauk\u0119 naudoti i\u0161 karto atidarius pakuot\u0119. Patekus \u012f akis, gausiai praplaukite tekan\u010diu vandeniu.<\/p>\n<p>Kontraindikacijos: individualus jautrumas  komponentams. <\/p>\n<p>Laikyti nuo +5\u00b0C iki +25\u00b0C ir 55-70% santykin\u0117je dr\u0117gm\u0117je, vietojeapsaugotoje nuo tiesiogini\u0173 saul\u0117s spinduli\u0173. Nelaikykite gaminio ar\u010diau kaip 1 m (m) atstumu nuo auk\u0161tos temperat\u016bros \u0161altini\u0173.<\/p>\n<p>Geriausias: 36 m\u0117nesiai nuo pagaminimo datos.<\/p>\n","protected":false},"excerpt":{"rendered":"<p>Tonikas dr\u0117kina ir tonizuoja od\u0105, normalizuoja jos pH pusiausvyr\u0105, taip pat skatina efektyvesn\u012f krem\u0173 ir kit\u0173 odos prie\u017ei\u016bros priemoni\u0173 \u012fsig\u0117rim\u0105. Naudojimas: sudr\u0117kinkite vatos diskel\u012f toniku ir nuvalykite veido, aki\u0173 ir l\u016bp\u0173 od\u0105. Nereikia nuplauti. Atsargumo priemon\u0117s: Prie\u0161 naudojim\u0105 i\u0161bandykite \u0161veitimo kauk\u0119 ant nedidelio odos ploto. Jei pasirei\u0161kia alergin\u0117 reakcija, nutraukite naudojim\u0105. Tik i\u0161oriniam naudojimui. Rekomenduojama [&#8230;]\n","protected":false},"featured_media":97090,"template":"","meta":[],"product_cat":[1580],"product_tag":[],"class_list":{"0":"post-71015","1":"product","2":"type-product","3":"status-publish","4":"has-post-thumbnail","6":"product_brand-naturpro_ua-lt","7":"product_cat-losjonai-ir-tonikai","9":"first","10":"outofstock","11":"taxable","12":"shipping-taxable","13":"product-type-simple"},"_links":{"self":[{"href":"https:\/\/e.kosmolat.eu\/lt\/wp-json\/wp\/v2\/product\/71015","targetHints":{"allow":["GET"]}}],"collection":[{"href":"https:\/\/e.kosmolat.eu\/lt\/wp-json\/wp\/v2\/product"}],"about":[{"href":"https:\/\/e.kosmolat.eu\/lt\/wp-json\/wp\/v2\/types\/product"}],"wp:featuredmedia":[{"embeddable":true,"href":"https:\/\/e.kosmolat.eu\/lt\/wp-json\/wp\/v2\/media\/97090"}],"wp:attachment":[{"href":"https:\/\/e.kosmolat.eu\/lt\/wp-json\/wp\/v2\/media?parent=71015"}],"wp:term":[{"taxonomy":"product_cat","embeddable":true,"href":"https:\/\/e.kosmolat.eu\/lt\/wp-json\/wp\/v2\/product_cat?post=71015"},{"taxonomy":"product_tag","embeddable":true,"href":"https:\/\/e.kosmolat.eu\/lt\/wp-json\/wp\/v2\/product_tag?post=71015"}],"curies":[{"name":"wp","href":"https:\/\/api.w.org\/{rel}","templated":true}]}}