{"id":71007,"date":"2025-06-04T07:52:32","date_gmt":"2025-06-04T07:52:32","guid":{"rendered":"https:\/\/e.kosmolat.eu\/?post_type=product&#038;p=71007"},"modified":"2026-03-30T17:27:41","modified_gmt":"2026-03-30T17:27:41","slug":"bioton-vecmamin-rec-bernu-kr-autinbiks-zonai-ar-kumel-un-provit-b5-75-ml","status":"publish","type":"product","link":"https:\/\/e.kosmolat.eu\/lt\/produktas\/bioton-vecmamin-rec-bernu-kr-autinbiks-zonai-ar-kumel-un-provit-b5-75-ml\/","title":{"rendered":"BIOTON Kremas k\u016bdikiams su ramun\u0117l\u0117mis ir provitaminu B5, 75 ml"},"content":{"rendered":"<p>K\u016bdiki\u0173 kremas specialiai sukurtas kasdienei k\u016bdikio odos prie\u017ei\u016brai naudojant po sauskeln\u0117mis. Ramun\u0117li\u0173 ekstraktas ir levand\u0173 aliejus kartu su provitaminu B5 turi raminam\u0105j\u012f poveik\u012f. Kremas padeda i\u0161vengti sausumo ir \u0161erpetojimo, u\u017etikrindamas patikim\u0105 apsaug\u0105 net ir reguliariai naudojant sauskelnes.<\/p>\n<p>Naudojimas: u\u017etepkite plon\u0105 sluoksn\u012f ant \u0161varios odos ir \u012ftrinkite lengvais masa\u017einiais judesiais.<\/p>\n<p>Laikymo s\u0105lygos: laikyti nuo +5 \u00b0C iki +25 \u00b0C temperat\u016broje.<\/p>\n<p>Atsargumo priemon\u0117s: Tik i\u0161oriniam naudojimui.<\/p>\n<p>Geriausias 24 m\u0117nesiai<\/p>\n","protected":false},"excerpt":{"rendered":"<p>K\u016bdiki\u0173 kremas specialiai sukurtas kasdienei k\u016bdikio odos prie\u017ei\u016brai naudojant po sauskeln\u0117mis. Ramun\u0117li\u0173 ekstraktas ir levand\u0173 aliejus kartu su provitaminu B5 turi raminam\u0105j\u012f poveik\u012f. Kremas padeda i\u0161vengti sausumo ir \u0161erpetojimo, u\u017etikrindamas patikim\u0105 apsaug\u0105 net ir reguliariai naudojant sauskelnes. Naudojimas: u\u017etepkite plon\u0105 sluoksn\u012f ant \u0161varios odos ir \u012ftrinkite lengvais masa\u017einiais judesiais. Laikymo s\u0105lygos: laikyti nuo +5 \u00b0C [&#8230;]\n","protected":false},"featured_media":94234,"template":"","meta":[],"product_cat":[1363],"product_tag":[],"class_list":{"0":"post-71007","1":"product","2":"type-product","3":"status-publish","4":"has-post-thumbnail","6":"product_brand-bioton_ua-lt","7":"product_cat-kuno-prieziuros-kosmetika","9":"first","10":"outofstock","11":"taxable","12":"shipping-taxable","13":"product-type-simple"},"_links":{"self":[{"href":"https:\/\/e.kosmolat.eu\/lt\/wp-json\/wp\/v2\/product\/71007","targetHints":{"allow":["GET"]}}],"collection":[{"href":"https:\/\/e.kosmolat.eu\/lt\/wp-json\/wp\/v2\/product"}],"about":[{"href":"https:\/\/e.kosmolat.eu\/lt\/wp-json\/wp\/v2\/types\/product"}],"wp:featuredmedia":[{"embeddable":true,"href":"https:\/\/e.kosmolat.eu\/lt\/wp-json\/wp\/v2\/media\/94234"}],"wp:attachment":[{"href":"https:\/\/e.kosmolat.eu\/lt\/wp-json\/wp\/v2\/media?parent=71007"}],"wp:term":[{"taxonomy":"product_cat","embeddable":true,"href":"https:\/\/e.kosmolat.eu\/lt\/wp-json\/wp\/v2\/product_cat?post=71007"},{"taxonomy":"product_tag","embeddable":true,"href":"https:\/\/e.kosmolat.eu\/lt\/wp-json\/wp\/v2\/product_tag?post=71007"}],"curies":[{"name":"wp","href":"https:\/\/api.w.org\/{rel}","templated":true}]}}