{"id":71003,"date":"2025-06-04T07:50:32","date_gmt":"2025-06-04T07:50:32","guid":{"rendered":"https:\/\/e.kosmolat.eu\/product\/bd-izgaism-sejas-pilinga-zeleja-visiem-adas-tip-75-ml\/"},"modified":"2026-04-10T07:29:08","modified_gmt":"2026-04-10T07:29:08","slug":"i_bd-izgaism-sejas-pilinga-zeleja-visiem-adas-tip-75-ml","status":"publish","type":"product","link":"https:\/\/e.kosmolat.eu\/lt\/produktas\/i_bd-izgaism-sejas-pilinga-zeleja-visiem-adas-tip-75-ml\/","title":{"rendered":"I_BEAUTYDERM \u0161viesinamasis \u0161veitiklis-pilingas visiems odos tipams, 75 ml"},"content":{"rendered":"<p>Veido \u0161veitiklis, d\u0117ka mikrokristalin\u0117s celiulioz\u0117s, \u0161velniai ir efektyviai pa\u0161alina negyvas odos l\u0105steles ir ne\u0161varumus. Patekusios ant odos, susidaro \u0161vei\u010diamosios dalel\u0117s, kurios \u0161velniai valo odos pavir\u0161i\u0173. Tonas tampa tolygesnis ir spindintis.<\/p>\n<p>Naudojimas: Tepkite priemon\u0119 ant \u0161varios, sausos veido odos, palikite 0,5\u20132 minut\u0117ms, tada \u0161velniai \u012fmasa\u017euokite od\u0105 ir nuplaukite \u0161iltu vandeniu.<\/p>\n<p>Atsargumo priemon\u0117s: Prie\u0161 naudojim\u0105 i\u0161bandykite \u0161veitimo kauk\u0119 ant nedidelio odos ploto. Jei pasirei\u0161kia alergin\u0117 reakcija, nutraukite naudojim\u0105. Tik i\u0161oriniam naudojimui. Rekomenduojama kauk\u0119 naudoti i\u0161 karto atidarius pakuot\u0119. Patekus \u012f akis, gausiai praplaukite tekan\u010diu vandeniu.<\/p>\n<p>Kontraindikacijos: individualus netoleravimas kauk\u0117s komponentams.<\/p>\n<p>Laikyti nuo +5\u00b0C iki +25\u00b0C temperat\u016broje ir 55-70% santykin\u0117je dr\u0117gm\u0117je, apsaugotoje nuo tiesiogini\u0173 saul\u0117s spinduli\u0173, ne ma\u017eesniu kaip vieno metro atstumu nuo auk\u0161tos temperat\u016bros \u0161altini\u0173.<\/p>\n<p>Geriausias: 36 m\u0117nesiai nuo pagaminimo datos.<\/p>\n","protected":false},"excerpt":{"rendered":"<p>Veido \u0161veitiklis, d\u0117ka mikrokristalin\u0117s celiulioz\u0117s, \u0161velniai ir efektyviai pa\u0161alina negyvas odos l\u0105steles ir ne\u0161varumus. Patekusios ant odos, susidaro \u0161vei\u010diamosios dalel\u0117s, kurios \u0161velniai valo odos pavir\u0161i\u0173. Tonas tampa tolygesnis ir spindintis. Naudojimas: Tepkite priemon\u0119 ant \u0161varios, sausos veido odos, palikite 0,5\u20132 minut\u0117ms, tada \u0161velniai \u012fmasa\u017euokite od\u0105 ir nuplaukite \u0161iltu vandeniu. Atsargumo priemon\u0117s: Prie\u0161 naudojim\u0105 i\u0161bandykite \u0161veitimo [&#8230;]\n","protected":false},"featured_media":106920,"template":"","meta":[],"product_cat":[1396],"product_tag":[],"class_list":{"0":"post-71003","1":"product","2":"type-product","3":"status-publish","4":"has-post-thumbnail","6":"product_brand-naturpro_ua-lt","7":"product_cat-veido-sveitikliai-ir-pilingai","9":"first","10":"instock","11":"taxable","12":"shipping-taxable","13":"product-type-simple"},"_links":{"self":[{"href":"https:\/\/e.kosmolat.eu\/lt\/wp-json\/wp\/v2\/product\/71003","targetHints":{"allow":["GET"]}}],"collection":[{"href":"https:\/\/e.kosmolat.eu\/lt\/wp-json\/wp\/v2\/product"}],"about":[{"href":"https:\/\/e.kosmolat.eu\/lt\/wp-json\/wp\/v2\/types\/product"}],"wp:featuredmedia":[{"embeddable":true,"href":"https:\/\/e.kosmolat.eu\/lt\/wp-json\/wp\/v2\/media\/106920"}],"wp:attachment":[{"href":"https:\/\/e.kosmolat.eu\/lt\/wp-json\/wp\/v2\/media?parent=71003"}],"wp:term":[{"taxonomy":"product_cat","embeddable":true,"href":"https:\/\/e.kosmolat.eu\/lt\/wp-json\/wp\/v2\/product_cat?post=71003"},{"taxonomy":"product_tag","embeddable":true,"href":"https:\/\/e.kosmolat.eu\/lt\/wp-json\/wp\/v2\/product_tag?post=71003"}],"curies":[{"name":"wp","href":"https:\/\/api.w.org\/{rel}","templated":true}]}}