{"id":70994,"date":"2025-06-04T04:03:53","date_gmt":"2025-06-04T04:03:53","guid":{"rendered":"https:\/\/e.kosmolat.eu\/product\/bd-atjaunin-auduma-sejas-maska-ar-koloidalo-zeltu-un-hialronsk-25-ml\/"},"modified":"2026-04-10T06:02:44","modified_gmt":"2026-04-10T06:02:44","slug":"bd-atjaunin-auduma-sejas-maska-ar-koloidalo-zeltu-un-hialronsk-25-ml","status":"publish","type":"product","link":"https:\/\/e.kosmolat.eu\/lt\/produktas\/bd-atjaunin-auduma-sejas-maska-ar-koloidalo-zeltu-un-hialronsk-25-ml\/","title":{"rendered":"BEAUTYDERM atjauninanti veido kauk\u0117 su koloidiniu auksu ir hialurono r\u016bg\u0161timi, 25 ml"},"content":{"rendered":"<p>Padeda palaikyti nat\u016bralius odos regeneracijos procesus ir optimal\u0173 dr\u0117gm\u0117s lyg\u012f, taip i\u0161saugant jos stangrum\u0105 ir elastingum\u0105. Vizualiai suma\u017eina rauk\u0161li\u0173 atsiradim\u0105. Audinio kauk\u0117 su aukso folija sukuria lengv\u0105 termin\u012f efekt\u0105 ir pagerina veikli\u0173j\u0173 med\u017eiag\u0173 \u012fsiskverbim\u0105.<\/p>\n<p>Naudojimo b\u016bdas:<br \/>\n1. I\u0161imkite kauk\u0119 i\u0161 pakuot\u0117s ir \u0161velniai paskirstydami pir\u0161t\u0173 galiukais u\u017ed\u0117kite ant anks\u010diau nuvalyto veido.<br \/>\n2. Palaikykite kauk\u0119 ant odos 15-20 minu\u010di\u0173.<br \/>\n3. Likusi\u0105 emulsijos dal\u012f masa\u017einiais judesiais \u012ftrinkite \u012f od\u0105. Neplaukite. Jei reikia, vatos diskeliu pa\u0161alinkite likusi\u0105 emulsij\u0105.<br \/>\nKauk\u0119 rekomenduojama naudoti 2\u20133 kartus per savait\u0119.<\/p>\n<p>D\u0117mesio: lak\u0161tin\u0117s kauk\u0117s nenaudokite pakartotinai! Skirta vienam naudojimui. Prie\u0161 naudodami kauk\u0119 i\u0161bandykite ant nedidelio odos ploto. Jei pasirei\u0161kia alergin\u0117 reakcija, nustokite naudoti. Tik i\u0161oriniam naudojimui. Kauk\u0119 rekomenduojama naudoti i\u0161kart atidarius pakuot\u0119. Patekus \u012f akis, kruop\u0161\u010diai praplaukite dideliu kiekiu tekan\u010dio vandens.<\/p>\n<p>Kontraindikacijos: individualus netoleravimas kauk\u0117s komponentams.<\/p>\n<p>Laikyti nuo +5\u00b0C iki +25\u00b0C temperat\u016broje ir 55-70% santykin\u0117je dr\u0117gm\u0117je, apsaugotoje nuo tiesiogini\u0173 saul\u0117s spinduli\u0173, ne ma\u017eesniu kaip vieno metro atstumu nuo auk\u0161tos temperat\u016bros \u0161altini\u0173.<\/p>\n<p>Geriausias: 36 m\u0117nesiai nuo pagaminimo datos.<\/p>\n","protected":false},"excerpt":{"rendered":"<p>Padeda palaikyti nat\u016bralius odos regeneracijos procesus ir optimal\u0173 dr\u0117gm\u0117s lyg\u012f, taip i\u0161saugant jos stangrum\u0105 ir elastingum\u0105. Vizualiai suma\u017eina rauk\u0161li\u0173 atsiradim\u0105. Audinio kauk\u0117 su aukso folija sukuria lengv\u0105 termin\u012f efekt\u0105 ir pagerina veikli\u0173j\u0173 med\u017eiag\u0173 \u012fsiskverbim\u0105. Naudojimo b\u016bdas: 1. I\u0161imkite kauk\u0119 i\u0161 pakuot\u0117s ir \u0161velniai paskirstydami pir\u0161t\u0173 galiukais u\u017ed\u0117kite ant anks\u010diau nuvalyto veido. 2. Palaikykite kauk\u0119 ant [&#8230;]\n","protected":false},"featured_media":86954,"template":"","meta":[],"product_cat":[1369],"product_tag":[],"class_list":{"0":"post-70994","1":"product","2":"type-product","3":"status-publish","4":"has-post-thumbnail","6":"product_brand-naturpro_ua-lt","7":"product_cat-veido-kaukes","9":"first","10":"outofstock","11":"taxable","12":"shipping-taxable","13":"product-type-simple"},"_links":{"self":[{"href":"https:\/\/e.kosmolat.eu\/lt\/wp-json\/wp\/v2\/product\/70994","targetHints":{"allow":["GET"]}}],"collection":[{"href":"https:\/\/e.kosmolat.eu\/lt\/wp-json\/wp\/v2\/product"}],"about":[{"href":"https:\/\/e.kosmolat.eu\/lt\/wp-json\/wp\/v2\/types\/product"}],"wp:featuredmedia":[{"embeddable":true,"href":"https:\/\/e.kosmolat.eu\/lt\/wp-json\/wp\/v2\/media\/86954"}],"wp:attachment":[{"href":"https:\/\/e.kosmolat.eu\/lt\/wp-json\/wp\/v2\/media?parent=70994"}],"wp:term":[{"taxonomy":"product_cat","embeddable":true,"href":"https:\/\/e.kosmolat.eu\/lt\/wp-json\/wp\/v2\/product_cat?post=70994"},{"taxonomy":"product_tag","embeddable":true,"href":"https:\/\/e.kosmolat.eu\/lt\/wp-json\/wp\/v2\/product_tag?post=70994"}],"curies":[{"name":"wp","href":"https:\/\/api.w.org\/{rel}","templated":true}]}}