{"id":70978,"date":"2025-06-04T04:02:41","date_gmt":"2025-06-04T04:02:41","guid":{"rendered":"https:\/\/e.kosmolat.eu\/product\/bd-juicy-apricot-sejas-maska-skrubis-10-ml\/"},"modified":"2026-03-31T10:46:55","modified_gmt":"2026-03-31T10:46:55","slug":"bd-juicy-apricot-sejas-maska-skrubis-10-ml","status":"publish","type":"product","link":"https:\/\/e.kosmolat.eu\/lt\/produktas\/bd-juicy-apricot-sejas-maska-skrubis-10-ml\/","title":{"rendered":"BEAUTYDERM Juicy Apricot veido \u0161veitiklis-kauk\u0117, 10 ml"},"content":{"rendered":"<p>\u0160veitiklis- kauk\u0117 sujungia dviej\u0173 odos prie\u017ei\u016bros priemoni\u0173 savybes. Sud\u0117tyje yra abrikos\u0173 kauliuk\u0173 milteli\u0173, kurie efektyviai valo odos pavir\u0161i\u0173 nuo negyv\u0173 l\u0105steli\u0173 ir kit\u0173 ne\u0161varum\u0173, palaikydami nat\u016bral\u0173 atsinaujinimo proces\u0105. Aktyv\u016bs \u0161veitimo kauk\u0117s komponentai giliai maitina od\u0105, pad\u0117dami palaikyti optimali\u0105 jos dr\u0117gm\u0117s pusiausvyr\u0105. Odos tekst\u016bra atrodo lygi, o tonas \u2013 vienodas ir spindintis.<\/p>\n<p>Naudojimas: Atidarykite pakuot\u0119 ir u\u017etepkite kauk\u0119-\u0161veitikl\u012f ant \u0161varios veido odos, vengdami odos aplink akis ir l\u016bpas. \u012emasa\u017euokite od\u0105, nuplaukite po 10\u201315 minu\u010di\u0173. Rekomenduojama naudoti 1\u20132 kartus per savait\u0119.<\/p>\n<p>Atsargumo priemon\u0117s: Prie\u0161 naudojim\u0105 i\u0161bandykite \u0161veitimo kauk\u0119 ant nedidelio odos ploto. Jei pasirei\u0161kia alergin\u0117 reakcija, nutraukite naudojim\u0105. Tik i\u0161oriniam naudojimui. Rekomenduojama kauk\u0119 naudoti i\u0161 karto atidarius pakuot\u0119. Patekus \u012f akis, gausiai praplaukite tekan\u010diu vandeniu.<\/p>\n<p>\u012esp\u0117jimas: Sud\u0117tyje yra vitamino A. Prie\u0161 naudojant atsi\u017evelgti \u012f paros doz\u0119.<\/p>\n<p>Kontraindikacijos: individualus netoleravimas kauk\u0117s komponentams.<br \/>\nLaikyti nuo +5\u00b0C iki +25\u00b0C temperat\u016broje ir 55-70% santykin\u0117je dr\u0117gm\u0117je, apsaugotoje nuo tiesiogini\u0173 saul\u0117s spinduli\u0173, ne ma\u017eesniu kaip vieno metro atstumu nuo auk\u0161tos temperat\u016bros \u0161altini\u0173.<\/p>\n<p>Geriausias: 36 m\u0117nesiai nuo pagaminimo datos.<\/p>\n","protected":false},"excerpt":{"rendered":"<p>\u0160veitiklis- kauk\u0117 sujungia dviej\u0173 odos prie\u017ei\u016bros priemoni\u0173 savybes. Sud\u0117tyje yra abrikos\u0173 kauliuk\u0173 milteli\u0173, kurie efektyviai valo odos pavir\u0161i\u0173 nuo negyv\u0173 l\u0105steli\u0173 ir kit\u0173 ne\u0161varum\u0173, palaikydami nat\u016bral\u0173 atsinaujinimo proces\u0105. Aktyv\u016bs \u0161veitimo kauk\u0117s komponentai giliai maitina od\u0105, pad\u0117dami palaikyti optimali\u0105 jos dr\u0117gm\u0117s pusiausvyr\u0105. Odos tekst\u016bra atrodo lygi, o tonas \u2013 vienodas ir spindintis. Naudojimas: Atidarykite pakuot\u0119 ir [&#8230;]\n","protected":false},"featured_media":97034,"template":"","meta":[],"product_cat":[1369],"product_tag":[],"class_list":{"0":"post-70978","1":"product","2":"type-product","3":"status-publish","4":"has-post-thumbnail","6":"product_brand-naturpro_ua-lt","7":"product_cat-veido-kaukes","9":"first","10":"instock","11":"taxable","12":"shipping-taxable","13":"product-type-simple"},"_links":{"self":[{"href":"https:\/\/e.kosmolat.eu\/lt\/wp-json\/wp\/v2\/product\/70978","targetHints":{"allow":["GET"]}}],"collection":[{"href":"https:\/\/e.kosmolat.eu\/lt\/wp-json\/wp\/v2\/product"}],"about":[{"href":"https:\/\/e.kosmolat.eu\/lt\/wp-json\/wp\/v2\/types\/product"}],"wp:featuredmedia":[{"embeddable":true,"href":"https:\/\/e.kosmolat.eu\/lt\/wp-json\/wp\/v2\/media\/97034"}],"wp:attachment":[{"href":"https:\/\/e.kosmolat.eu\/lt\/wp-json\/wp\/v2\/media?parent=70978"}],"wp:term":[{"taxonomy":"product_cat","embeddable":true,"href":"https:\/\/e.kosmolat.eu\/lt\/wp-json\/wp\/v2\/product_cat?post=70978"},{"taxonomy":"product_tag","embeddable":true,"href":"https:\/\/e.kosmolat.eu\/lt\/wp-json\/wp\/v2\/product_tag?post=70978"}],"curies":[{"name":"wp","href":"https:\/\/api.w.org\/{rel}","templated":true}]}}