{"id":70972,"date":"2025-06-03T13:50:57","date_gmt":"2025-06-03T13:50:57","guid":{"rendered":"https:\/\/e.kosmolat.eu\/product\/bd-detox-kosm-sejas-maska-ar-ar-meln-maliem-75-g\/"},"modified":"2025-07-23T07:38:50","modified_gmt":"2025-07-23T07:38:50","slug":"bd-detox-kosm-sejas-maska-ar-ar-meln-maliem-75-g","status":"publish","type":"product","link":"https:\/\/e.kosmolat.eu\/lt\/produktas\/bd-detox-kosm-sejas-maska-ar-ar-meln-maliem-75-g\/","title":{"rendered":"BEAUTYDERM Detox kosmetin\u0117 veido kauk\u0117 su juoduoju moliu, 75 g"},"content":{"rendered":"<p>Kosmetin\u0117 kauk\u0117, pagaminta juodojo molio pagrindu, sugeria riebal\u0173 pertekli\u0173 ir valo od\u0105.<\/p>\n<p>Naudojimas: U\u017etepkite kauk\u0119 ant \u0161varios odos, nuplaukite po 10\u201315 minu\u010di\u0173. Rekomenduojama naudoti 1\u20132 kartus per savait\u0119.<\/p>\n<p>Atsargumo priemon\u0117s: Prie\u0161 naudojim\u0105 i\u0161bandykite \u0161veitimo kauk\u0119 ant nedidelio odos ploto. Jei pasirei\u0161kia alergin\u0117 reakcija, nutraukite naudojim\u0105. Tik i\u0161oriniam naudojimui. Rekomenduojama kauk\u0119 naudoti i\u0161 karto atidarius pakuot\u0119. Patekus \u012f akis, gausiai praplaukite tekan\u010diu vandeniu.<\/p>\n<p>Kontraindikacijos: individualus netoleravimas kauk\u0117s komponentams.<\/p>\n<p>Laikyti nuo +5\u00b0C iki +25\u00b0C temperat\u016broje ir 55-70% santykin\u0117je dr\u0117gm\u0117je, apsaugotoje nuo tiesiogini\u0173 saul\u0117s spinduli\u0173, ne ma\u017eesniu kaip vieno metro atstumu nuo auk\u0161tos temperat\u016bros \u0161altini\u0173.<\/p>\n<p>Geriausias: 36 m\u0117nesiai nuo pagaminimo datos.<\/p>\n","protected":false},"excerpt":{"rendered":"<p>Kosmetin\u0117 kauk\u0117, pagaminta juodojo molio pagrindu, sugeria riebal\u0173 pertekli\u0173 ir valo od\u0105. Naudojimas: U\u017etepkite kauk\u0119 ant \u0161varios odos, nuplaukite po 10\u201315 minu\u010di\u0173. Rekomenduojama naudoti 1\u20132 kartus per savait\u0119. Atsargumo priemon\u0117s: Prie\u0161 naudojim\u0105 i\u0161bandykite \u0161veitimo kauk\u0119 ant nedidelio odos ploto. Jei pasirei\u0161kia alergin\u0117 reakcija, nutraukite naudojim\u0105. Tik i\u0161oriniam naudojimui. Rekomenduojama kauk\u0119 naudoti i\u0161 karto atidarius pakuot\u0119. [&#8230;]\n","protected":false},"featured_media":73810,"template":"","meta":[],"product_cat":[1369],"product_tag":[],"class_list":{"0":"post-70972","1":"product","2":"type-product","3":"status-publish","4":"has-post-thumbnail","6":"product_brand-naturpro_ua-lt","7":"product_cat-veido-kaukes","9":"first","10":"outofstock","11":"taxable","12":"shipping-taxable","13":"product-type-simple"},"_links":{"self":[{"href":"https:\/\/e.kosmolat.eu\/lt\/wp-json\/wp\/v2\/product\/70972","targetHints":{"allow":["GET"]}}],"collection":[{"href":"https:\/\/e.kosmolat.eu\/lt\/wp-json\/wp\/v2\/product"}],"about":[{"href":"https:\/\/e.kosmolat.eu\/lt\/wp-json\/wp\/v2\/types\/product"}],"wp:featuredmedia":[{"embeddable":true,"href":"https:\/\/e.kosmolat.eu\/lt\/wp-json\/wp\/v2\/media\/73810"}],"wp:attachment":[{"href":"https:\/\/e.kosmolat.eu\/lt\/wp-json\/wp\/v2\/media?parent=70972"}],"wp:term":[{"taxonomy":"product_cat","embeddable":true,"href":"https:\/\/e.kosmolat.eu\/lt\/wp-json\/wp\/v2\/product_cat?post=70972"},{"taxonomy":"product_tag","embeddable":true,"href":"https:\/\/e.kosmolat.eu\/lt\/wp-json\/wp\/v2\/product_tag?post=70972"}],"curies":[{"name":"wp","href":"https:\/\/api.w.org\/{rel}","templated":true}]}}