{"id":70964,"date":"2025-06-03T12:06:42","date_gmt":"2025-06-03T12:06:42","guid":{"rendered":"https:\/\/e.kosmolat.eu\/product\/beautyderm-facial-cosmetic-mask-banana-nutrition-75-ml-tm-beautyderm-%d0%ba%d0%be%d1%81%d0%bc%d0%b5%d1%82c%d1%87%d0%bda-%d0%bca%d1%81%d0%baa-ae%d1%8f-%d0%beiec%d1%87%d1%87\/"},"modified":"2025-08-04T05:32:58","modified_gmt":"2025-08-04T05:32:58","slug":"bd-banana-nutrition-kosm-sejas-maska-75-ml","status":"publish","type":"product","link":"https:\/\/e.kosmolat.eu\/lt\/produktas\/bd-banana-nutrition-kosm-sejas-maska-75-ml\/","title":{"rendered":"BEAUTYDERM Banana Nutrition kosmetin\u0117 veido kauk\u0117, 75 ml"},"content":{"rendered":"<p>Maitina ir dr\u0117kina od\u0105, padeda i\u0161laikyti jos stangrum\u0105 ir elastingum\u0105.<\/p>\n<p>Naudojimas: U\u017etepkite kauk\u0119 ant \u0161varios odos, nuplaukite po 10\u201315 minu\u010di\u0173.<\/p>\n<p>Atsargumo priemon\u0117s: Prie\u0161 naudojim\u0105 i\u0161bandykite kauk\u0119 ant nedidelio odos ploto. Jei pasirei\u0161kia alergin\u0117 reakcija, nutraukite naudojim\u0105. Tik i\u0161oriniam naudojimui. Patekus \u012f akis, gausiai praplaukite tekan\u010diu vandeniu.<\/p>\n<p>\u012esp\u0117jimas: Sud\u0117tyje yra vitamino A. Prie\u0161 naudojant atsi\u017evelgti \u012f paros doz\u0119.<\/p>\n<p>Kontraindikacijos: individualus netoleravimas kauk\u0117s komponentams.<\/p>\n<p>Laikyti nuo +5\u00b0C iki +25\u00b0C temperat\u016broje ir 55-70% santykin\u0117je dr\u0117gm\u0117je, apsaugotoje nuo tiesiogini\u0173 saul\u0117s spinduli\u0173, ne ma\u017eesniu kaip vieno metro atstumu nuo auk\u0161tos temperat\u016bros \u0161altini\u0173.<\/p>\n<p>Geriausias: 36 m\u0117nesiai nuo pagaminimo datos.<\/p>\n","protected":false},"excerpt":{"rendered":"<p>Maitina ir dr\u0117kina od\u0105, padeda i\u0161laikyti jos stangrum\u0105 ir elastingum\u0105. Naudojimas: U\u017etepkite kauk\u0119 ant \u0161varios odos, nuplaukite po 10\u201315 minu\u010di\u0173. Atsargumo priemon\u0117s: Prie\u0161 naudojim\u0105 i\u0161bandykite kauk\u0119 ant nedidelio odos ploto. Jei pasirei\u0161kia alergin\u0117 reakcija, nutraukite naudojim\u0105. Tik i\u0161oriniam naudojimui. Patekus \u012f akis, gausiai praplaukite tekan\u010diu vandeniu. \u012esp\u0117jimas: Sud\u0117tyje yra vitamino A. Prie\u0161 naudojant atsi\u017evelgti \u012f [&#8230;]\n","protected":false},"featured_media":73555,"template":"","meta":[],"product_cat":[1369],"product_tag":[],"class_list":{"0":"post-70964","1":"product","2":"type-product","3":"status-publish","4":"has-post-thumbnail","6":"product_brand-naturpro_ua-lt","7":"product_cat-veido-kaukes","9":"first","10":"outofstock","11":"taxable","12":"shipping-taxable","13":"product-type-simple"},"_links":{"self":[{"href":"https:\/\/e.kosmolat.eu\/lt\/wp-json\/wp\/v2\/product\/70964","targetHints":{"allow":["GET"]}}],"collection":[{"href":"https:\/\/e.kosmolat.eu\/lt\/wp-json\/wp\/v2\/product"}],"about":[{"href":"https:\/\/e.kosmolat.eu\/lt\/wp-json\/wp\/v2\/types\/product"}],"wp:featuredmedia":[{"embeddable":true,"href":"https:\/\/e.kosmolat.eu\/lt\/wp-json\/wp\/v2\/media\/73555"}],"wp:attachment":[{"href":"https:\/\/e.kosmolat.eu\/lt\/wp-json\/wp\/v2\/media?parent=70964"}],"wp:term":[{"taxonomy":"product_cat","embeddable":true,"href":"https:\/\/e.kosmolat.eu\/lt\/wp-json\/wp\/v2\/product_cat?post=70964"},{"taxonomy":"product_tag","embeddable":true,"href":"https:\/\/e.kosmolat.eu\/lt\/wp-json\/wp\/v2\/product_tag?post=70964"}],"curies":[{"name":"wp","href":"https:\/\/api.w.org\/{rel}","templated":true}]}}