{"id":70951,"date":"2025-06-03T04:02:29","date_gmt":"2025-06-03T04:02:29","guid":{"rendered":"https:\/\/e.kosmolat.eu\/product\/balsam-zvezda-balzams-inhalacijam-un-bersanai-30-ml\/"},"modified":"2026-04-24T05:34:17","modified_gmt":"2026-04-24T05:34:17","slug":"zvaigznite-balzams-inhalacijam-un-ierivesanai-30-ml","status":"publish","type":"product","link":"https:\/\/e.kosmolat.eu\/lt\/produktas\/zvaigznite-balzams-inhalacijam-un-ierivesanai-30-ml\/","title":{"rendered":"ZVEZDA Balzamas inhaliacijoms ir \u012ftrynimams, 30 ml"},"content":{"rendered":"<p>Tai n\u0117ra vaistas.<\/p>\n<p>Kosmetikos priemon\u0117 i\u0161oriniam naudojimui, skirta inhaliacijoms ir \u012ftrynimams. Gali b\u016bti naudojama per\u0161alimo sukelto diskomforto ma\u017einimui, taip pat raumen\u0173 ir s\u0105nari\u0173 b\u016bklei palengvinti. Tinka \u012ftrinti ir naudoti lokaliai.<\/p>\n<p>Sud\u0117tyje esantys mentolis, kamparas ir eteriniai aliejai gali pagerinti kraujotak\u0105, suma\u017einti patinimus ir u\u017edegimus.<\/p>\n<p>Naudojimas: Nedidel\u012f kiek\u012f priemon\u0117s u\u017etepkite ant odos ir \u012ftrinkite 3\u20134 kartus per dien\u0105 arba da\u017eniau, jei reikia.<br \/>\nInhaliacijoms: nedidel\u012f kiek\u012f priemon\u0117s i\u0161tirpinkite kar\u0161tame vandenyje ir \u012fkv\u0117pkite gar\u0173.<\/p>\n<p>Atsargumo priemon\u0117s: Nenaudoti vaikams iki 3 met\u0173. Vaikai nuo 3 met\u0173 tur\u0117t\u0173 naudoti pri\u017ei\u016brint suaugusiesiems. \u012ekv\u0117pimui skirtas vaikams nuo 12 met\u0173. Tik i\u0161oriniam naudojimui. Venkite patekimo \u012f akis, ant gleivini\u0173 ir ant atvir\u0173 \u017eaizd\u0173. Netrinkite \u012f \u0161nerves. Prie\u0161 naudodami produkt\u0105, i\u0161bandykite j\u012f ant nedidelio odos ploto, kad nustatytum\u0117te, ar n\u0117ra alergini\u0173 reakcij\u0173 \u012f jo sudedam\u0105sias dalis. Po produkto naudojimo nusiplaukite rankas.<\/p>\n<p>Kontraindikacijos: Netur\u0117t\u0173 vartoti pacientai, sergantys astma arba turintys padid\u0117jus\u012f individual\u0173 jautrum\u0105 sud\u0117ties komponentams.<\/p>\n<p>Laikymo s\u0105lygos: Laikyti originalioje pakuot\u0117je, sausoje vietoje, esant +5\u201325 \u00b0C temperat\u016brai esant ne didesnei kaip 75 % santykinei oro dr\u0117gmei, atokiai nuo atviros liepsnos, kar\u0161\u010dio ir tiesiogini\u0173 saul\u0117s spinduli\u0173. Laikyti vaikams nepasiekiamoje vietoje.<\/p>\n<p>Geriausias: 36 m\u0117nesiai nuo pagaminimo datos.<\/p>\n","protected":false},"excerpt":{"rendered":"<p>Tai n\u0117ra vaistas. Kosmetikos priemon\u0117 i\u0161oriniam naudojimui, skirta inhaliacijoms ir \u012ftrynimams. Gali b\u016bti naudojama per\u0161alimo sukelto diskomforto ma\u017einimui, taip pat raumen\u0173 ir s\u0105nari\u0173 b\u016bklei palengvinti. Tinka \u012ftrinti ir naudoti lokaliai. Sud\u0117tyje esantys mentolis, kamparas ir eteriniai aliejai gali pagerinti kraujotak\u0105, suma\u017einti patinimus ir u\u017edegimus. Naudojimas: Nedidel\u012f kiek\u012f priemon\u0117s u\u017etepkite ant odos ir \u012ftrinkite 3\u20134 kartus [&#8230;]\n","protected":false},"featured_media":94010,"template":"","meta":[],"product_cat":[1599],"product_tag":[],"class_list":{"0":"post-70951","1":"product","2":"type-product","3":"status-publish","4":"has-post-thumbnail","6":"product_brand-green-pharm-cosmetic_ua-lt","7":"product_cat-aliejai-ir-kitos-specifines-priemones","9":"first","10":"instock","11":"taxable","12":"shipping-taxable","13":"product-type-simple"},"_links":{"self":[{"href":"https:\/\/e.kosmolat.eu\/lt\/wp-json\/wp\/v2\/product\/70951","targetHints":{"allow":["GET"]}}],"collection":[{"href":"https:\/\/e.kosmolat.eu\/lt\/wp-json\/wp\/v2\/product"}],"about":[{"href":"https:\/\/e.kosmolat.eu\/lt\/wp-json\/wp\/v2\/types\/product"}],"wp:featuredmedia":[{"embeddable":true,"href":"https:\/\/e.kosmolat.eu\/lt\/wp-json\/wp\/v2\/media\/94010"}],"wp:attachment":[{"href":"https:\/\/e.kosmolat.eu\/lt\/wp-json\/wp\/v2\/media?parent=70951"}],"wp:term":[{"taxonomy":"product_cat","embeddable":true,"href":"https:\/\/e.kosmolat.eu\/lt\/wp-json\/wp\/v2\/product_cat?post=70951"},{"taxonomy":"product_tag","embeddable":true,"href":"https:\/\/e.kosmolat.eu\/lt\/wp-json\/wp\/v2\/product_tag?post=70951"}],"curies":[{"name":"wp","href":"https:\/\/api.w.org\/{rel}","templated":true}]}}