{"id":70939,"date":"2025-06-02T09:17:01","date_gmt":"2025-06-02T09:17:01","guid":{"rendered":"https:\/\/e.kosmolat.eu\/product\/beautyderm-liquid-eye-patches-u-are-bright-15-ml-beautyderm-sna%d0%ban-%d0%bfa%d1%82%d1%87n-%d0%bfna-%d0%be%d1%87n-u-are-bright-15\/"},"modified":"2026-04-22T08:28:28","modified_gmt":"2026-04-22T08:28:28","slug":"bd-u-are-bright-skidrie-patci-adai-ap-acim-15-ml","status":"publish","type":"product","link":"https:\/\/e.kosmolat.eu\/lt\/produktas\/bd-u-are-bright-skidrie-patci-adai-ap-acim-15-ml\/","title":{"rendered":"BEAUTYDERM U are Bright skysti paaki\u0173 pleistrai, 15 ml"},"content":{"rendered":"<p>Skysti pleistrai padeda skaistinti od\u0105 ir vizualiai suvienodinti jos atspalv\u012f. Priemon\u0117 palaiko nat\u016bral\u0173 dr\u0117gm\u0117s lyg\u012f, apsaugo nuo i\u0161saus\u0117jimo ir stiprina odos barjerin\u0119 funkcij\u0105.<\/p>\n<p>Naudojimas: Tepkite skystus pleistrus ant i\u0161 anksto nuvalytos odos aplink akis. Palaikykite, kol visi\u0161kai \u012fsigers. Rekomenduojama naudoti 2 kartus per dien\u0105. Tinka naudoti kasdien.<\/p>\n<p>Atsargumo priemon\u0117s: Prie\u0161 naudojim\u0105 rekomenduojama i\u0161bandyti ant nedidelio odos ploto. Jei pasirei\u0161kia alergin\u0117 reakcija, nutraukite naudojim\u0105 ir pasitarkite su gydytoju. Tik i\u0161oriniam naudojimui. Nenaudokite ant pa\u017eeistos ar sudirgusi\u0173os odos.<\/p>\n<p>Kontraindikacijos: individualus sudedam\u0173j\u0173 dali\u0173 netoleravimas.<\/p>\n<p>Laikymo s\u0105lygos: laikyti +5\u201325 \u00b0C temperat\u016broje, esant 55\u201370 % santykinei oro dr\u0117gmei, apsaugotoje nuo tiesiogini\u0173 saul\u0117s spinduli\u0173 vietoje, bent vieno metro atstumu nuo \u0161ilumos \u0161altini\u0173.<\/p>\n<p>Geriausias: 36 m\u0117nesiai nuo pagaminimo datos.<\/p>\n","protected":false},"excerpt":{"rendered":"<p>Skysti pleistrai padeda skaistinti od\u0105 ir vizualiai suvienodinti jos atspalv\u012f. Priemon\u0117 palaiko nat\u016bral\u0173 dr\u0117gm\u0117s lyg\u012f, apsaugo nuo i\u0161saus\u0117jimo ir stiprina odos barjerin\u0119 funkcij\u0105. Naudojimas: Tepkite skystus pleistrus ant i\u0161 anksto nuvalytos odos aplink akis. Palaikykite, kol visi\u0161kai \u012fsigers. Rekomenduojama naudoti 2 kartus per dien\u0105. Tinka naudoti kasdien. Atsargumo priemon\u0117s: Prie\u0161 naudojim\u0105 rekomenduojama i\u0161bandyti ant nedidelio [&#8230;]\n","protected":false},"featured_media":97062,"template":"","meta":[],"product_cat":[2181],"product_tag":[],"class_list":{"0":"post-70939","1":"product","2":"type-product","3":"status-publish","4":"has-post-thumbnail","6":"product_brand-naturpro_ua-lt","7":"product_cat-bez-kategorijas-lt","9":"first","10":"instock","11":"taxable","12":"shipping-taxable","13":"product-type-simple"},"_links":{"self":[{"href":"https:\/\/e.kosmolat.eu\/lt\/wp-json\/wp\/v2\/product\/70939","targetHints":{"allow":["GET"]}}],"collection":[{"href":"https:\/\/e.kosmolat.eu\/lt\/wp-json\/wp\/v2\/product"}],"about":[{"href":"https:\/\/e.kosmolat.eu\/lt\/wp-json\/wp\/v2\/types\/product"}],"wp:featuredmedia":[{"embeddable":true,"href":"https:\/\/e.kosmolat.eu\/lt\/wp-json\/wp\/v2\/media\/97062"}],"wp:attachment":[{"href":"https:\/\/e.kosmolat.eu\/lt\/wp-json\/wp\/v2\/media?parent=70939"}],"wp:term":[{"taxonomy":"product_cat","embeddable":true,"href":"https:\/\/e.kosmolat.eu\/lt\/wp-json\/wp\/v2\/product_cat?post=70939"},{"taxonomy":"product_tag","embeddable":true,"href":"https:\/\/e.kosmolat.eu\/lt\/wp-json\/wp\/v2\/product_tag?post=70939"}],"curies":[{"name":"wp","href":"https:\/\/api.w.org\/{rel}","templated":true}]}}