{"id":70935,"date":"2025-06-02T08:46:33","date_gmt":"2025-06-02T08:46:33","guid":{"rendered":"https:\/\/e.kosmolat.eu\/product\/beautyderm-liquid-eye-patches-u-are-smooth-15-ml-beautyderm-sna%d0%ban-%d0%bfa%d1%82%d1%87n-%d0%bfna-%d0%be%d1%87n-u-are-smooth-15\/"},"modified":"2026-04-22T08:28:11","modified_gmt":"2026-04-22T08:28:11","slug":"bd-u-are-smooth-skidrie-patci-adai-ap-acim-15-ml","status":"publish","type":"product","link":"https:\/\/e.kosmolat.eu\/lt\/produktas\/bd-u-are-smooth-skidrie-patci-adai-ap-acim-15-ml\/","title":{"rendered":"BEAUTYDERM U are Smooth skysti paaki\u0173 pleistrai, 15 ml"},"content":{"rendered":"<p>Skysti paaki\u0173 pleistrai padeda vizualiai pagerinti odos tekst\u016br\u0105, taip pat suma\u017einti patinim\u0105 ir rauk\u0161les. Veikliosios med\u017eiagos palaiko nat\u016brali\u0105 odos barjerin\u0119 funkcij\u0105.<\/p>\n<p>Naudojimas: Tepkite skystus pleistrus ant i\u0161 anksto nuvalytos odos aplink akis. Palaikykite, kol visi\u0161kai \u012fsigers. Rekomenduojama naudoti 2 kartus per dien\u0105. Tinka naudoti kasdien.<\/p>\n<p>\u012esp\u0117jimas: Sud\u0117tyje yra vitamino A. Prie\u0161 naudojant atsi\u017evelgti \u012f paros doz\u0119.<\/p>\n<p>Atsargumo priemon\u0117s: Prie\u0161 naudojim\u0105 rekomenduojama i\u0161bandyti ant nedidelio odos ploto. Jei pasirei\u0161kia alergin\u0117 reakcija, nutraukite naudojim\u0105 ir pasitarkite su gydytoju. Tik i\u0161oriniam naudojimui. Nenaudokite ant pa\u017eeistos ar sudirgusi\u0173os odos.<\/p>\n<p>Kontraindikacijos: individualus sudedam\u0173j\u0173 dali\u0173 netoleravimas.<\/p>\n<p>Laikymo s\u0105lygos: laikyti +5\u201325 \u00b0C temperat\u016broje, esant 55\u201370 % santykinei oro dr\u0117gmei, apsaugotoje nuo tiesiogini\u0173 saul\u0117s spinduli\u0173 vietoje, bent vieno metro atstumu nuo \u0161ilumos \u0161altini\u0173.<\/p>\n<p>Geriausias: 36 m\u0117nesiai nuo pagaminimo datos.<\/p>\n","protected":false},"excerpt":{"rendered":"<p>Skysti paaki\u0173 pleistrai padeda vizualiai pagerinti odos tekst\u016br\u0105, taip pat suma\u017einti patinim\u0105 ir rauk\u0161les. Veikliosios med\u017eiagos palaiko nat\u016brali\u0105 odos barjerin\u0119 funkcij\u0105. Naudojimas: Tepkite skystus pleistrus ant i\u0161 anksto nuvalytos odos aplink akis. Palaikykite, kol visi\u0161kai \u012fsigers. Rekomenduojama naudoti 2 kartus per dien\u0105. Tinka naudoti kasdien. \u012esp\u0117jimas: Sud\u0117tyje yra vitamino A. Prie\u0161 naudojant atsi\u017evelgti \u012f paros [&#8230;]\n","protected":false},"featured_media":97058,"template":"","meta":[],"product_cat":[2181],"product_tag":[],"class_list":{"0":"post-70935","1":"product","2":"type-product","3":"status-publish","4":"has-post-thumbnail","6":"product_brand-naturpro_ua-lt","7":"product_cat-bez-kategorijas-lt","9":"first","10":"outofstock","11":"taxable","12":"shipping-taxable","13":"product-type-simple"},"_links":{"self":[{"href":"https:\/\/e.kosmolat.eu\/lt\/wp-json\/wp\/v2\/product\/70935","targetHints":{"allow":["GET"]}}],"collection":[{"href":"https:\/\/e.kosmolat.eu\/lt\/wp-json\/wp\/v2\/product"}],"about":[{"href":"https:\/\/e.kosmolat.eu\/lt\/wp-json\/wp\/v2\/types\/product"}],"wp:featuredmedia":[{"embeddable":true,"href":"https:\/\/e.kosmolat.eu\/lt\/wp-json\/wp\/v2\/media\/97058"}],"wp:attachment":[{"href":"https:\/\/e.kosmolat.eu\/lt\/wp-json\/wp\/v2\/media?parent=70935"}],"wp:term":[{"taxonomy":"product_cat","embeddable":true,"href":"https:\/\/e.kosmolat.eu\/lt\/wp-json\/wp\/v2\/product_cat?post=70935"},{"taxonomy":"product_tag","embeddable":true,"href":"https:\/\/e.kosmolat.eu\/lt\/wp-json\/wp\/v2\/product_tag?post=70935"}],"curies":[{"name":"wp","href":"https:\/\/api.w.org\/{rel}","templated":true}]}}