{"id":70930,"date":"2025-06-02T07:46:21","date_gmt":"2025-06-02T07:46:21","guid":{"rendered":"https:\/\/e.kosmolat.eu\/product\/beautyderm-patches-against-imperfections-24-pcs-beautyderm-%d0%bfa%d1%82%d1%87n-%d0%bfs%d0%be%d1%82c-%d0%bd%d0%b5a%d0%been%d0%ban%d0%b2-24-u%d1%82\/"},"modified":"2025-09-22T09:13:35","modified_gmt":"2025-09-22T09:13:35","slug":"bd-patci-pret-nepilnibam-ar-salicilskabi-24-gab","status":"publish","type":"product","link":"https:\/\/e.kosmolat.eu\/lt\/produktas\/bd-patci-pret-nepilnibam-ar-salicilskabi-24-gab\/","title":{"rendered":"BEAUTYDERM pleistrai nuo spuog\u0173 su salicilo r\u016bg\u0161timi, 24 vnt."},"content":{"rendered":"<p>Pleistrai efektyviai sugeria i\u0161skyras i\u0161 problemini\u0173 odos viet\u0173, kartu apsaugodami j\u0105 nuo neigiamo aplinkos poveikio. Aktyv\u016bs pleistr\u0173 komponentai padeda atkurti od\u0105. D\u0117l to netobulumai ir j\u0173 atsiradimo pasekm\u0117s tampa ma\u017eiau pastebimos. Pleistrai yra labai ploni ir bespalviai, puikiai maskuoja u\u017edegimus ir tinka naudoti tiek dien\u0105, tiek nakt\u012f.<\/p>\n<p>Naudojimas:<br \/>\n1. Nuvalykite paveikt\u0105 odos viet\u0105.<br \/>\n2. Nuimkite nuo pleistro skaidri\u0105 pl\u0117vel\u0119.<br \/>\n3. \u012esitikinkite, kad oda sausa. Tvirtai prispauskite pleistr\u0105 lipnia puse prie odos.<br \/>\n4. Rekomenduojama nuimti pleistr\u0105, kai jis nustoja b\u016bti bespalvis. Naudokite pagal poreik\u012f.<\/p>\n<p>Atsargumo priemon\u0117s: PAKARTOTINAI NENAUDOTI PLEISTR\u0172! Prie\u0161 naudojim\u0105 rekomenduojama i\u0161bandyti pleistr\u0105 ant nedidelio odos ploto. Jei pasirei\u0161kia alergin\u0117 reakcija, nutraukite naudojim\u0105 ir pasitarkite su gydytoju. Tik i\u0161oriniam naudojimui. Nenaudokite ant giliai pa\u017eeist\u0173 ar infekuot\u0173 odos viet\u0173.<\/p>\n<p>Kontraindikacijos: individualus sudedam\u0173j\u0173 dali\u0173 netoleravimas.<\/p>\n<p>Laikymo s\u0105lygos: laikyti +5\u201325 \u00b0C temperat\u016broje, esant 55\u201370 % santykinei oro dr\u0117gmei, apsaugotoje nuo tiesiogini\u0173 saul\u0117s spinduli\u0173 vietoje, bent vieno metro atstumu nuo \u0161ilumos \u0161altini\u0173.<\/p>\n<p>Geriausias: 36 m\u0117nesiai nuo pagaminimo datos.<\/p>\n","protected":false},"excerpt":{"rendered":"<p>Pleistrai efektyviai sugeria i\u0161skyras i\u0161 problemini\u0173 odos viet\u0173, kartu apsaugodami j\u0105 nuo neigiamo aplinkos poveikio. Aktyv\u016bs pleistr\u0173 komponentai padeda atkurti od\u0105. D\u0117l to netobulumai ir j\u0173 atsiradimo pasekm\u0117s tampa ma\u017eiau pastebimos. Pleistrai yra labai ploni ir bespalviai, puikiai maskuoja u\u017edegimus ir tinka naudoti tiek dien\u0105, tiek nakt\u012f. Naudojimas: 1. Nuvalykite paveikt\u0105 odos viet\u0105. 2. Nuimkite [&#8230;]\n","protected":false},"featured_media":78160,"template":"","meta":[],"product_cat":[1341],"product_tag":[],"class_list":{"0":"post-70930","1":"product","2":"type-product","3":"status-publish","4":"has-post-thumbnail","6":"product_brand-naturpro_ua-lt","7":"product_cat-valomosios-kaukes","9":"first","10":"outofstock","11":"taxable","12":"shipping-taxable","13":"product-type-simple"},"_links":{"self":[{"href":"https:\/\/e.kosmolat.eu\/lt\/wp-json\/wp\/v2\/product\/70930","targetHints":{"allow":["GET"]}}],"collection":[{"href":"https:\/\/e.kosmolat.eu\/lt\/wp-json\/wp\/v2\/product"}],"about":[{"href":"https:\/\/e.kosmolat.eu\/lt\/wp-json\/wp\/v2\/types\/product"}],"wp:featuredmedia":[{"embeddable":true,"href":"https:\/\/e.kosmolat.eu\/lt\/wp-json\/wp\/v2\/media\/78160"}],"wp:attachment":[{"href":"https:\/\/e.kosmolat.eu\/lt\/wp-json\/wp\/v2\/media?parent=70930"}],"wp:term":[{"taxonomy":"product_cat","embeddable":true,"href":"https:\/\/e.kosmolat.eu\/lt\/wp-json\/wp\/v2\/product_cat?post=70930"},{"taxonomy":"product_tag","embeddable":true,"href":"https:\/\/e.kosmolat.eu\/lt\/wp-json\/wp\/v2\/product_tag?post=70930"}],"curies":[{"name":"wp","href":"https:\/\/api.w.org\/{rel}","templated":true}]}}