{"id":70926,"date":"2025-06-02T06:30:22","date_gmt":"2025-06-02T06:30:22","guid":{"rendered":"https:\/\/e.kosmolat.eu\/product\/beautyderm-cleansing-nose-strips-with-strawberry-3-pcs-box-%d0%be%d1%87c%d1%89%d1%83z%d1%87n-%d1%81%d0%bc%d1%83e%d0%bac-ae%d1%8f-%d0%bd%d0%be%d1%81%d1%83-%d0%b7-%d0%b5%d0%ba%d1%81%d1%82sa%d0%ba\/"},"modified":"2026-04-10T07:30:40","modified_gmt":"2026-04-10T07:30:40","slug":"bd-attirosas-deguna-sloks-ar-zemenu-ekstr-3-gab","status":"publish","type":"product","link":"https:\/\/e.kosmolat.eu\/lt\/produktas\/bd-attirosas-deguna-sloks-ar-zemenu-ekstr-3-gab\/","title":{"rendered":"BEAUTYDERM nosies valymo juostel\u0117s su bra\u0161ki\u0173 ekstraktu, 3 vnt."},"content":{"rendered":"<p>Giliai valo poras nuo negyv\u0173 l\u0105steli\u0173, riebal\u0173 pertekliaus ir ne\u0161varum\u0173. Poros tampa vizualiai ma\u017eiau pastebimos, oda \u012fgauna tolyg\u0173 ir spindint\u012f atspalv\u012f, pager\u0117ja jos tekst\u016bra.<\/p>\n<p>Naudojimas:<br \/>\n1. Sausomis rankomis nulupkite skaidri\u0105 pl\u0117vel\u0119 nuo juostel\u0117s.<br \/>\n2. Ttvirtai prispauskite juostel\u0119 lygiu pavir\u0161iumi prie \u0161varios ir dr\u0117gnos nosies odos.<br \/>\n3. Palikite, kol visi\u0161kai i\u0161d\u017eius (15\u201320 minu\u010di\u0173).<br \/>\n4. Nuimkite juostel\u0119 nuo apa\u010dios \u012f vir\u0161\u0173, jei reikia, nuplaukite od\u0105 vandeniu.<\/p>\n<p>Rekomenduojama naudoti 1\u20132 kartus per savait\u0119. \u012esp\u0117jimas: Nenaudokite ant sudirgusios ar pa\u017eeistos odos. Naudokite tik pagal nurodymus, tik nosiai. Prie\u0161 naudojim\u0105 i\u0161bandykite juosteles ant nedidelio odos ploto. Jei pasirei\u0161kia alergin\u0117 reakcija, nutraukite naudojim\u0105. Tik i\u0161oriniam naudojimui. Rekomenduojama juosteles sunaudoti i\u0161 karto atidarius individuali\u0105 pakuot\u0119. Patekus \u012f akis, gausiai praplauti tekan\u010diu vandeniu.<\/p>\n<p>Kontraindikacijos: individualus sudedam\u0173j\u0173 dali\u0173 netoleravimas.<\/p>\n<p>Laikymo s\u0105lygos: laikyti +5\u201325 \u00b0C temperat\u016broje, esant 55\u201370 % santykinei oro dr\u0117gmei, apsaugotoje nuo tiesiogini\u0173 saul\u0117s spinduli\u0173 vietoje, bent vieno metro atstumu nuo \u0161ilumos \u0161altini\u0173.<\/p>\n<p>Geriausias: 36 m\u0117nesiai nuo pagaminimo datos.<\/p>\n","protected":false},"excerpt":{"rendered":"<p>Giliai valo poras nuo negyv\u0173 l\u0105steli\u0173, riebal\u0173 pertekliaus ir ne\u0161varum\u0173. Poros tampa vizualiai ma\u017eiau pastebimos, oda \u012fgauna tolyg\u0173 ir spindint\u012f atspalv\u012f, pager\u0117ja jos tekst\u016bra. Naudojimas: 1. Sausomis rankomis nulupkite skaidri\u0105 pl\u0117vel\u0119 nuo juostel\u0117s. 2. Ttvirtai prispauskite juostel\u0119 lygiu pavir\u0161iumi prie \u0161varios ir dr\u0117gnos nosies odos. 3. Palikite, kol visi\u0161kai i\u0161d\u017eius (15\u201320 minu\u010di\u0173). 4. Nuimkite juostel\u0119 [&#8230;]\n","protected":false},"featured_media":97054,"template":"","meta":[],"product_cat":[1341],"product_tag":[],"class_list":{"0":"post-70926","1":"product","2":"type-product","3":"status-publish","4":"has-post-thumbnail","6":"product_brand-naturpro_ua-lt","7":"product_cat-valomosios-kaukes","9":"first","10":"instock","11":"taxable","12":"shipping-taxable","13":"product-type-simple"},"_links":{"self":[{"href":"https:\/\/e.kosmolat.eu\/lt\/wp-json\/wp\/v2\/product\/70926","targetHints":{"allow":["GET"]}}],"collection":[{"href":"https:\/\/e.kosmolat.eu\/lt\/wp-json\/wp\/v2\/product"}],"about":[{"href":"https:\/\/e.kosmolat.eu\/lt\/wp-json\/wp\/v2\/types\/product"}],"wp:featuredmedia":[{"embeddable":true,"href":"https:\/\/e.kosmolat.eu\/lt\/wp-json\/wp\/v2\/media\/97054"}],"wp:attachment":[{"href":"https:\/\/e.kosmolat.eu\/lt\/wp-json\/wp\/v2\/media?parent=70926"}],"wp:term":[{"taxonomy":"product_cat","embeddable":true,"href":"https:\/\/e.kosmolat.eu\/lt\/wp-json\/wp\/v2\/product_cat?post=70926"},{"taxonomy":"product_tag","embeddable":true,"href":"https:\/\/e.kosmolat.eu\/lt\/wp-json\/wp\/v2\/product_tag?post=70926"}],"curies":[{"name":"wp","href":"https:\/\/api.w.org\/{rel}","templated":true}]}}