{"id":70854,"date":"2025-06-01T18:02:09","date_gmt":"2025-06-01T18:02:09","guid":{"rendered":"https:\/\/e.kosmolat.eu\/product\/fb-profil-zobu-p-ar-ozola-mizas-un-baltegl-ekstr-uz-zalu-nov-75-ml\/"},"modified":"2026-04-24T06:30:32","modified_gmt":"2026-04-24T06:30:32","slug":"fb-profil-zobu-p-ar-ozola-mizas-un-baltegl-ekstr-uz-zalu-nov-75-ml","status":"publish","type":"product","link":"https:\/\/e.kosmolat.eu\/lt\/produktas\/fb-profil-zobu-p-ar-ozola-mizas-un-baltegl-ekstr-uz-zalu-nov-75-ml\/","title":{"rendered":"FOREST BALSAM Dant\u0173 pasta su \u0105\u017euol\u0173 \u017eiev\u0117s ir pu\u0161\u0173 ekstraktais \u017eoleli\u0173 nuoviro pagrindu, 75 ml"},"content":{"rendered":"<p>FOREST BALSAM Dant\u0173 pasta su \u0105\u017euol\u0173 \u017eiev\u0117s ir pu\u0161\u0173 ekstraktais \u017eoleli\u0173 nuoviro pagrindu.<\/p>\n<p>\u2022 KADAGI\u0172 EKSTRAKTAS, sustiprintas \u0105\u017euol\u0173 \u017eiev\u0117s ekstraktu, ma\u017eina bakterij\u0173 kiek\u012f burnos ertm\u0117je, tonizuoja ir prisotina dantenas vitaminais.<br \/>\n\u2022 \u0104\u017dUOL\u0172 \u017dIEV\u0116 turi hemostazin\u012f poveik\u012f.<br \/>\n\u2022 FORMUL\u0116 \u017dOL\u0116LI\u0172 NUOVIRO PAGRINDU, maitina ir stiprina dantenas.<\/p>\n<p>Naudojimas: kad dantys ir dantenos b\u016bt\u0173 sveiki, odontologai rekomenduoja dantis valyti 2-3 minutes bent 2 kartus per dien\u0105. Sud\u0117tyje yra natrio fluorido. Fluorid\u0173 mas\u0117s dalis 0,1 %. Nenaudoti jaunesniems nei 14 met\u0173 asmenims. Nenuryti. Naudojimas neatleid\u017eia nuo apsilankymo pas odontolog\u0105. Tai n\u0117ra vaistinis preparatas. Laikyti vaikams nepasiekiamoje vietoje.<\/p>\n<p>Laikymo s\u0105lygos: 0 \u00b0C &#8211; +25 \u00b0C.<\/p>\n","protected":false},"excerpt":{"rendered":"<p>FOREST BALSAM Dant\u0173 pasta su \u0105\u017euol\u0173 \u017eiev\u0117s ir pu\u0161\u0173 ekstraktais \u017eoleli\u0173 nuoviro pagrindu. \u2022 KADAGI\u0172 EKSTRAKTAS, sustiprintas \u0105\u017euol\u0173 \u017eiev\u0117s ekstraktu, ma\u017eina bakterij\u0173 kiek\u012f burnos ertm\u0117je, tonizuoja ir prisotina dantenas vitaminais. \u2022 \u0104\u017dUOL\u0172 \u017dIEV\u0116 turi hemostazin\u012f poveik\u012f. \u2022 FORMUL\u0116 \u017dOL\u0116LI\u0172 NUOVIRO PAGRINDU, maitina ir stiprina dantenas. Naudojimas: kad dantys ir dantenos b\u016bt\u0173 sveiki, odontologai rekomenduoja dantis [&#8230;]\n","protected":false},"featured_media":98783,"template":"","meta":[],"product_cat":[1308],"product_tag":[],"class_list":{"0":"post-70854","1":"product","2":"type-product","3":"status-publish","4":"has-post-thumbnail","6":"product_brand-private-label-lt","7":"product_cat-dantu-pastos-ir-geliai","9":"first","10":"instock","11":"taxable","12":"shipping-taxable","13":"product-type-simple"},"_links":{"self":[{"href":"https:\/\/e.kosmolat.eu\/lt\/wp-json\/wp\/v2\/product\/70854","targetHints":{"allow":["GET"]}}],"collection":[{"href":"https:\/\/e.kosmolat.eu\/lt\/wp-json\/wp\/v2\/product"}],"about":[{"href":"https:\/\/e.kosmolat.eu\/lt\/wp-json\/wp\/v2\/types\/product"}],"wp:featuredmedia":[{"embeddable":true,"href":"https:\/\/e.kosmolat.eu\/lt\/wp-json\/wp\/v2\/media\/98783"}],"wp:attachment":[{"href":"https:\/\/e.kosmolat.eu\/lt\/wp-json\/wp\/v2\/media?parent=70854"}],"wp:term":[{"taxonomy":"product_cat","embeddable":true,"href":"https:\/\/e.kosmolat.eu\/lt\/wp-json\/wp\/v2\/product_cat?post=70854"},{"taxonomy":"product_tag","embeddable":true,"href":"https:\/\/e.kosmolat.eu\/lt\/wp-json\/wp\/v2\/product_tag?post=70854"}],"curies":[{"name":"wp","href":"https:\/\/api.w.org\/{rel}","templated":true}]}}