{"id":70838,"date":"2025-06-01T18:01:30","date_gmt":"2025-06-01T18:01:30","guid":{"rendered":"https:\/\/e.kosmolat.eu\/product\/famirel-divfazu-lidz-kosm-non-ar-naves-juras-mineral-200-ml\/"},"modified":"2026-04-16T13:11:58","modified_gmt":"2026-04-16T13:11:58","slug":"famirel-divfazu-lidz-kosm-non-ar-naves-juras-mineral-200-ml","status":"publish","type":"product","link":"https:\/\/e.kosmolat.eu\/lt\/produktas\/famirel-divfazu-lidz-kosm-non-ar-naves-juras-mineral-200-ml\/","title":{"rendered":"FAMIREL Dviej\u0173 fazi\u0173 makia\u017eo valiklis su Negyvosios j\u016bros mineralais, 200 ml"},"content":{"rendered":"<p>Dviej\u0173 fazi\u0173 formul\u0117 efektyviai pa\u0161alina vis\u0173 tip\u0173 makia\u017e\u0105. Sud\u0117tyje yra migdol\u0173 ir argano aliej\u0173, kurie dr\u0117kina od\u0105. Agurk\u0173, alavijo ir ramun\u0117li\u0173 ekstraktai ramina, o Negyvosios j\u016bros mineralai ir vitaminas E maitina od\u0105. Priemon\u0117 ne tik nuvalo makia\u017eo liku\u010dius, bet ir \u0161velniai pa\u0161alina negyvas l\u0105steles, padeda atkurti vandens balans\u0105.<br \/>\nTinka visiems odos tipams.<\/p>\n<p>Naudojimas: prie\u0161 naudojim\u0105 suplakti. U\u017etepkite produkt\u0105 ant vatos diskelio ir \u0161velniai nuvalykite veid\u0105, kol bus pa\u0161alintas visas makia\u017eas.<\/p>\n<p>Atsargumo priemon\u0117s:<br \/>\n\u2022 Naudokite tik pagal paskirt\u012f.<br \/>\n\u2022 Neprarykite.<br \/>\n\u2022 Venkite patekimo \u012f akis.<br \/>\n\u2022 Laikyti vaikams nepasiekiamoje vietoje.<br \/>\n\u2022 Nenaudokite, jei yra individualus jautrumas komponentams.<br \/>\n\u2022 Jei atsiranda dirginimas, nedelsiant nutraukite naudojim\u0105.<br \/>\n\u2022 Sud\u0117tyje n\u0117ra paraben\u0173.<\/p>\n<p>Laikymo s\u0105lygos: laikyti nuo +5 iki +39 \u00b0C temperat\u016broje, o santykin\u0117 oro dr\u0117gm\u0117 55-70%.<\/p>\n","protected":false},"excerpt":{"rendered":"<p>Dviej\u0173 fazi\u0173 formul\u0117 efektyviai pa\u0161alina vis\u0173 tip\u0173 makia\u017e\u0105. Sud\u0117tyje yra migdol\u0173 ir argano aliej\u0173, kurie dr\u0117kina od\u0105. Agurk\u0173, alavijo ir ramun\u0117li\u0173 ekstraktai ramina, o Negyvosios j\u016bros mineralai ir vitaminas E maitina od\u0105. Priemon\u0117 ne tik nuvalo makia\u017eo liku\u010dius, bet ir \u0161velniai pa\u0161alina negyvas l\u0105steles, padeda atkurti vandens balans\u0105. Tinka visiems odos tipams. Naudojimas: prie\u0161 naudojim\u0105 [&#8230;]\n","protected":false},"featured_media":100492,"template":"","meta":[],"product_cat":[2181],"product_tag":[],"class_list":{"0":"post-70838","1":"product","2":"type-product","3":"status-publish","4":"has-post-thumbnail","6":"product_brand-famirel-il-lt","7":"product_cat-bez-kategorijas-lt","9":"first","10":"instock","11":"taxable","12":"shipping-taxable","13":"product-type-simple"},"_links":{"self":[{"href":"https:\/\/e.kosmolat.eu\/lt\/wp-json\/wp\/v2\/product\/70838","targetHints":{"allow":["GET"]}}],"collection":[{"href":"https:\/\/e.kosmolat.eu\/lt\/wp-json\/wp\/v2\/product"}],"about":[{"href":"https:\/\/e.kosmolat.eu\/lt\/wp-json\/wp\/v2\/types\/product"}],"wp:featuredmedia":[{"embeddable":true,"href":"https:\/\/e.kosmolat.eu\/lt\/wp-json\/wp\/v2\/media\/100492"}],"wp:attachment":[{"href":"https:\/\/e.kosmolat.eu\/lt\/wp-json\/wp\/v2\/media?parent=70838"}],"wp:term":[{"taxonomy":"product_cat","embeddable":true,"href":"https:\/\/e.kosmolat.eu\/lt\/wp-json\/wp\/v2\/product_cat?post=70838"},{"taxonomy":"product_tag","embeddable":true,"href":"https:\/\/e.kosmolat.eu\/lt\/wp-json\/wp\/v2\/product_tag?post=70838"}],"curies":[{"name":"wp","href":"https:\/\/api.w.org\/{rel}","templated":true}]}}