{"id":70830,"date":"2025-06-01T18:00:59","date_gmt":"2025-06-01T18:00:59","guid":{"rendered":"https:\/\/e.kosmolat.eu\/product\/famirel-botoderm-action-sejas-serums-40-ml\/"},"modified":"2026-04-16T13:47:50","modified_gmt":"2026-04-16T13:47:50","slug":"famirel-botoderm-action-sejas-serums-40-ml","status":"publish","type":"product","link":"https:\/\/e.kosmolat.eu\/lt\/produktas\/famirel-botoderm-action-sejas-serums-40-ml\/","title":{"rendered":"FAMIREL Botoderm Action veido serumas, 40 ml"},"content":{"rendered":"<p>Famirel BOTODERM \u2013 tai novatori\u0161ka technologija, u\u017etikrinanti Botox efekt\u0105. Naudokite kasdien ant veido ir kaklo, kad sul\u0117tintum\u0117te rauk\u0161li\u0173 atsiradim\u0105 ir suteiktum\u0117te tvirt\u0105, tonizuot\u0105 i\u0161vaizd\u0105, apie kuri\u0105 visada svajojote.<br \/>\nSerumas pasi\u017eymi antioksidacin\u0117mis savyb\u0117mis, apsaugo nuo smulki\u0173 rauk\u0161li\u0173 atsiradimo, gerina veido spalv\u0105 ir neleid\u017eia prarasti elastingumo.<br \/>\nNaudojimas: tepkite serum\u0105 ant nuvalytos veido ir kaklo odos, \u0161velniai masa\u017euokite, kol visi\u0161kai \u012fsigers. Nor\u0117dami gauti geriausius rezultatus, naudokite kasdien ma\u017eiausiai 30 dien\u0173.<\/p>\n<p>\u012esp\u0117jimas: Sud\u0117tyje yra vitamino A. Prie\u0161 naudojim\u0105 atkreipkite d\u0117mes\u012f \u012f paros norm\u0105.<\/p>\n<p>Atsargumo priemon\u0117s:<br \/>\n\u2022 Naudokite tik pagal paskirt\u012f.<br \/>\n\u2022 Neprarykite.<br \/>\n\u2022 Venkite patekimo \u012f akis.<br \/>\n\u2022 Laikyti vaikams nepasiekiamoje vietoje.<br \/>\n\u2022 Nenaudokite, jei yra individualus jautrumas komponentams.<br \/>\n\u2022 Jei atsiranda dirginimas, nedelsiant nutraukite naudojim\u0105.<br \/>\n\u2022 Sud\u0117tyje n\u0117ra paraben\u0173.<\/p>\n<p>Laikymo s\u0105lygos: laikyti nuo +5 iki +39 \u00b0C temperat\u016broje, o santykin\u0117 oro dr\u0117gm\u0117 55-70%.<\/p>\n","protected":false},"excerpt":{"rendered":"<p>Famirel BOTODERM \u2013 tai novatori\u0161ka technologija, u\u017etikrinanti Botox efekt\u0105. Naudokite kasdien ant veido ir kaklo, kad sul\u0117tintum\u0117te rauk\u0161li\u0173 atsiradim\u0105 ir suteiktum\u0117te tvirt\u0105, tonizuot\u0105 i\u0161vaizd\u0105, apie kuri\u0105 visada svajojote. Serumas pasi\u017eymi antioksidacin\u0117mis savyb\u0117mis, apsaugo nuo smulki\u0173 rauk\u0161li\u0173 atsiradimo, gerina veido spalv\u0105 ir neleid\u017eia prarasti elastingumo. Naudojimas: tepkite serum\u0105 ant nuvalytos veido ir kaklo odos, \u0161velniai masa\u017euokite, [&#8230;]\n","protected":false},"featured_media":107520,"template":"","meta":[],"product_cat":[1327],"product_tag":[],"class_list":{"0":"post-70830","1":"product","2":"type-product","3":"status-publish","4":"has-post-thumbnail","6":"product_brand-famirel-il-lt","7":"product_cat-serumai","9":"first","10":"instock","11":"taxable","12":"shipping-taxable","13":"product-type-simple"},"_links":{"self":[{"href":"https:\/\/e.kosmolat.eu\/lt\/wp-json\/wp\/v2\/product\/70830","targetHints":{"allow":["GET"]}}],"collection":[{"href":"https:\/\/e.kosmolat.eu\/lt\/wp-json\/wp\/v2\/product"}],"about":[{"href":"https:\/\/e.kosmolat.eu\/lt\/wp-json\/wp\/v2\/types\/product"}],"wp:featuredmedia":[{"embeddable":true,"href":"https:\/\/e.kosmolat.eu\/lt\/wp-json\/wp\/v2\/media\/107520"}],"wp:attachment":[{"href":"https:\/\/e.kosmolat.eu\/lt\/wp-json\/wp\/v2\/media?parent=70830"}],"wp:term":[{"taxonomy":"product_cat","embeddable":true,"href":"https:\/\/e.kosmolat.eu\/lt\/wp-json\/wp\/v2\/product_cat?post=70830"},{"taxonomy":"product_tag","embeddable":true,"href":"https:\/\/e.kosmolat.eu\/lt\/wp-json\/wp\/v2\/product_tag?post=70830"}],"curies":[{"name":"wp","href":"https:\/\/api.w.org\/{rel}","templated":true}]}}