{"id":70822,"date":"2025-06-01T18:00:43","date_gmt":"2025-06-01T18:00:43","guid":{"rendered":"https:\/\/e.kosmolat.eu\/product\/famirel-botoderm-action-krems-adai-ap-acim-40-ml\/"},"modified":"2026-04-14T17:15:34","modified_gmt":"2026-04-14T17:15:34","slug":"famirel-botoderm-action-krems-adai-ap-acim-40-ml","status":"publish","type":"product","link":"https:\/\/e.kosmolat.eu\/lt\/produktas\/famirel-botoderm-action-krems-adai-ap-acim-40-ml\/","title":{"rendered":"FAMIREL Botoderm Action paaki\u0173 kremas, 40 ml"},"content":{"rendered":"<p>Famirel BOTODERM \u2013 tai novatori\u0161ka technologija, u\u017etikrinanti Botox efekt\u0105. Paaki\u0173 kremas i\u0161lygina smulkias rauk\u0161leles, daro od\u0105 elastingesn\u0119, neleid\u017eia joms atsirasti.<\/p>\n<p>Naudojimo instrukcija: nedidel\u012f kiek\u012f kremo u\u017etepkite aplink akis ir \u0161velniai patrinkite, kol visi\u0161kai \u012fsigers. Nor\u0117dami gauti geriausius rezultatus, naudokite kasdien, ryte ir vakare, ma\u017eiausiai 30 dien\u0173.<\/p>\n<p>\u012esp\u0117jimas: Sud\u0117tyje yra vitamino A. Prie\u0161 naudojim\u0105 atkreipkite d\u0117mes\u012f \u012f paros norm\u0105.<\/p>\n<p>Atsargumo priemon\u0117s:<br \/>\n\u2022 Naudokite tik pagal paskirt\u012f.<br \/>\n\u2022 Neprarykite.<br \/>\n\u2022 Venkite patekimo \u012f akis.<br \/>\n\u2022 Laikyti vaikams nepasiekiamoje vietoje.<br \/>\n\u2022 Nenaudokite, jei yra individualus jautrumas komponentams.<br \/>\n\u2022 Jei atsiranda dirginimas, nedelsiant nutraukite naudojim\u0105.<br \/>\n\u2022 Sud\u0117tyje n\u0117ra paraben\u0173.<\/p>\n<p>Laikymo s\u0105lygos: laikyti nuo +5 iki +39 \u00b0C temperat\u016broje, o santykin\u0117 oro dr\u0117gm\u0117 55-70%.<\/p>\n","protected":false},"excerpt":{"rendered":"<p>Famirel BOTODERM \u2013 tai novatori\u0161ka technologija, u\u017etikrinanti Botox efekt\u0105. Paaki\u0173 kremas i\u0161lygina smulkias rauk\u0161leles, daro od\u0105 elastingesn\u0119, neleid\u017eia joms atsirasti. Naudojimo instrukcija: nedidel\u012f kiek\u012f kremo u\u017etepkite aplink akis ir \u0161velniai patrinkite, kol visi\u0161kai \u012fsigers. Nor\u0117dami gauti geriausius rezultatus, naudokite kasdien, ryte ir vakare, ma\u017eiausiai 30 dien\u0173. \u012esp\u0117jimas: Sud\u0117tyje yra vitamino A. Prie\u0161 naudojim\u0105 atkreipkite d\u0117mes\u012f [&#8230;]\n","protected":false},"featured_media":106936,"template":"","meta":[],"product_cat":[1590],"product_tag":[],"class_list":{"0":"post-70822","1":"product","2":"type-product","3":"status-publish","4":"has-post-thumbnail","6":"product_brand-famirel-il-lt","7":"product_cat-paakiu-kremai","9":"first","10":"instock","11":"taxable","12":"shipping-taxable","13":"product-type-simple"},"_links":{"self":[{"href":"https:\/\/e.kosmolat.eu\/lt\/wp-json\/wp\/v2\/product\/70822","targetHints":{"allow":["GET"]}}],"collection":[{"href":"https:\/\/e.kosmolat.eu\/lt\/wp-json\/wp\/v2\/product"}],"about":[{"href":"https:\/\/e.kosmolat.eu\/lt\/wp-json\/wp\/v2\/types\/product"}],"wp:featuredmedia":[{"embeddable":true,"href":"https:\/\/e.kosmolat.eu\/lt\/wp-json\/wp\/v2\/media\/106936"}],"wp:attachment":[{"href":"https:\/\/e.kosmolat.eu\/lt\/wp-json\/wp\/v2\/media?parent=70822"}],"wp:term":[{"taxonomy":"product_cat","embeddable":true,"href":"https:\/\/e.kosmolat.eu\/lt\/wp-json\/wp\/v2\/product_cat?post=70822"},{"taxonomy":"product_tag","embeddable":true,"href":"https:\/\/e.kosmolat.eu\/lt\/wp-json\/wp\/v2\/product_tag?post=70822"}],"curies":[{"name":"wp","href":"https:\/\/api.w.org\/{rel}","templated":true}]}}