{"id":70806,"date":"2025-06-01T17:59:47","date_gmt":"2025-06-01T17:59:47","guid":{"rendered":"https:\/\/e.kosmolat.eu\/product\/famirel-delicate-hydro-intensive-mitrin-dienas-kr-50-ml\/"},"modified":"2026-04-10T07:39:43","modified_gmt":"2026-04-10T07:39:43","slug":"famirel-delicate-hydro-intensive-mitrin-dienas-kr-50-ml","status":"publish","type":"product","link":"https:\/\/e.kosmolat.eu\/lt\/produktas\/famirel-delicate-hydro-intensive-mitrin-dienas-kr-50-ml\/","title":{"rendered":"FAMIREL Delicate &#038; Hydro Intensive Moisturizing dieninis kremas, 50 ml"},"content":{"rendered":"<p>Sausai, jautriai, dehidratuotai ir normaliai odai. Tinka visoms am\u017eiaus grup\u0117ms.<\/p>\n<p>Dr\u0117kinamasis dieninis kremas, kurio formul\u0117 sujungia unikalias Negyvosios j\u016bros druskos, augalini\u0173 aliej\u0173 ir ekstrakt\u0173 savybes. Didelis vitamin\u0173 ir mineral\u0173 kiekis apsaugo od\u0105 nuo neigiamo aplinkos poveikio, gaivina ir daro j\u0105 lygi\u0105.<br \/>\nNaudojimas: tepkite krem\u0105 ant nuvalytos veido ir kaklo odos, \u0161velniai masa\u017euokite, kol visi\u0161kai \u012fsigers. Idealiai tinka kaip makia\u017eo pagrindas. Nor\u0117dami gauti geriausius rezultatus, naudokite kasdien ma\u017eiausiai 30 dien\u0173.<br \/>\n\u012esp\u0117jimas: Sud\u0117tyje yra vitamino A. Prie\u0161 naudojim\u0105 atkreipkite d\u0117mes\u012f \u012f paros norm\u0105.<\/p>\n<p>Atsargumo priemon\u0117s:<br \/>\n\u2022 Naudokite tik pagal paskirt\u012f.<br \/>\n\u2022 Neprarykite.<br \/>\n\u2022 Venkite patekimo \u012f akis.<br \/>\n\u2022 Laikyti vaikams nepasiekiamoje vietoje.<br \/>\n\u2022 Nenaudokite, jei yra individualus jautrumas komponentams.<br \/>\n\u2022 Jei atsiranda dirginimas, nedelsiant nutraukite naudojim\u0105.<br \/>\n\u2022 Sud\u0117tyje n\u0117ra paraben\u0173.<\/p>\n<p>Laikymo s\u0105lygos: laikyti nuo +5 iki +39 \u00b0C temperat\u016broje, o santykin\u0117 oro dr\u0117gm\u0117 55-70%.<\/p>\n","protected":false},"excerpt":{"rendered":"<p>Sausai, jautriai, dehidratuotai ir normaliai odai. Tinka visoms am\u017eiaus grup\u0117ms. Dr\u0117kinamasis dieninis kremas, kurio formul\u0117 sujungia unikalias Negyvosios j\u016bros druskos, augalini\u0173 aliej\u0173 ir ekstrakt\u0173 savybes. Didelis vitamin\u0173 ir mineral\u0173 kiekis apsaugo od\u0105 nuo neigiamo aplinkos poveikio, gaivina ir daro j\u0105 lygi\u0105. Naudojimas: tepkite krem\u0105 ant nuvalytos veido ir kaklo odos, \u0161velniai masa\u017euokite, kol visi\u0161kai \u012fsigers. [&#8230;]\n","protected":false},"featured_media":106932,"template":"","meta":[],"product_cat":[1322],"product_tag":[],"class_list":{"0":"post-70806","1":"product","2":"type-product","3":"status-publish","4":"has-post-thumbnail","6":"product_brand-famirel-il-lt","7":"product_cat-veido-kremai","9":"first","10":"instock","11":"taxable","12":"shipping-taxable","13":"product-type-simple"},"_links":{"self":[{"href":"https:\/\/e.kosmolat.eu\/lt\/wp-json\/wp\/v2\/product\/70806","targetHints":{"allow":["GET"]}}],"collection":[{"href":"https:\/\/e.kosmolat.eu\/lt\/wp-json\/wp\/v2\/product"}],"about":[{"href":"https:\/\/e.kosmolat.eu\/lt\/wp-json\/wp\/v2\/types\/product"}],"wp:featuredmedia":[{"embeddable":true,"href":"https:\/\/e.kosmolat.eu\/lt\/wp-json\/wp\/v2\/media\/106932"}],"wp:attachment":[{"href":"https:\/\/e.kosmolat.eu\/lt\/wp-json\/wp\/v2\/media?parent=70806"}],"wp:term":[{"taxonomy":"product_cat","embeddable":true,"href":"https:\/\/e.kosmolat.eu\/lt\/wp-json\/wp\/v2\/product_cat?post=70806"},{"taxonomy":"product_tag","embeddable":true,"href":"https:\/\/e.kosmolat.eu\/lt\/wp-json\/wp\/v2\/product_tag?post=70806"}],"curies":[{"name":"wp","href":"https:\/\/api.w.org\/{rel}","templated":true}]}}