{"id":70798,"date":"2025-06-01T17:57:18","date_gmt":"2025-06-01T17:57:18","guid":{"rendered":"https:\/\/e.kosmolat.eu\/product\/gc-baroj-dusas-un-vannas-zel-savvalas-karpatu-zalu-un-ogu-speks-500-ml\/"},"modified":"2026-03-30T17:36:29","modified_gmt":"2026-03-30T17:36:29","slug":"i_gc-baroj-dusas-un-vannas-zel-savvalas-karpatu-zalu-un-ogu-speks-500-ml","status":"publish","type":"product","link":"https:\/\/e.kosmolat.eu\/lt\/produktas\/i_gc-baroj-dusas-un-vannas-zel-savvalas-karpatu-zalu-un-ogu-speks-500-ml\/","title":{"rendered":"I_GREEN COLLECTION Maitinantis du\u0161o ir vonios gelis Karpat\u0173 laukini\u0173 \u017eoleli\u0173 ir uog\u0173 galia, 500 ml"},"content":{"rendered":"<p>Prabangioje du\u0161o ir vonios gelio formul\u0117je  yra 23 veikliosios med\u017eiagos, pripildytos vitamin\u0173 ir laukini\u0173 \u017eoleli\u0173 energijos. Jame yra \u0161altalanki\u0173, ramun\u0117li\u0173, medetk\u0173, liep\u0173, raudon\u0117li\u0173, dobil\u0173, rugiag\u0117li\u0173, gudobeli\u0173, \u017een\u0161enio, jona\u017eoli\u0173, melis\u0173, \u010diobreli\u0173, pakalnu\u010di\u0173, m\u0117t\u0173 ir kiaulpieni\u0173. 5 verting\u0173 aliej\u0173 kompleksas \u2013 migdol\u0173, ramun\u0117li\u0173, \u0161alavij\u0173, taukmed\u017ei\u0173 sviesto ir kadagi\u0173 Gelis r\u016bpinasi oda, j\u0105 maitindamas ir mink\u0161tindamas. \u0160velni formul\u0117 su brukni\u0173 ekstraktu, muilo \u0161aknimis ir vitamin\u0173 kompleksu \u0161velniai valo od\u0105, tod\u0117l gel\u012f galima naudoti ne tik du\u0161e, bet ir kaip \u0161velnias vonios putas. Laukini\u0173 uog\u0173 ir \u017eoleli\u0173 aromatas suteiks energijos antpl\u016bd\u012f ir pakels nuotaik\u0105.<\/p>\n<p>Naudojimas: kaip du\u0161o \u017eel\u0117 \u2013 tepti ant dr\u0117gnos odos, masa\u017euoti, nuplauti vandeniu.<br \/>\nKaip vonios putos \u2013 suputokite nedidel\u012f kiek\u012f gelio po tekan\u010diu vandeniu, i\u0161simaud\u017eius nuplaukite od\u0105 \u0161variu vandeniu.<\/p>\n<p>\u012esp\u0117jimas: Sud\u0117tyje yra vitamino A. Prie\u0161 naudojant atsi\u017evelgti \u012f paros doz\u0119.<\/p>\n<p>Geriausias: 30 m\u0117nesi\u0173 nuo pagaminimo datos.<\/p>\n<p>Laikyti nuo +5 iki +25\u00b0C temperat\u016broje, atokiau nuo tiesiogini\u0173 saul\u0117s spinduli\u0173. Laikyti bent 0,5 m atstumu nuo \u0161ildymo prietais\u0173.<\/p>\n","protected":false},"excerpt":{"rendered":"<p>Prabangioje du\u0161o ir vonios gelio formul\u0117je yra 23 veikliosios med\u017eiagos, pripildytos vitamin\u0173 ir laukini\u0173 \u017eoleli\u0173 energijos. Jame yra \u0161altalanki\u0173, ramun\u0117li\u0173, medetk\u0173, liep\u0173, raudon\u0117li\u0173, dobil\u0173, rugiag\u0117li\u0173, gudobeli\u0173, \u017een\u0161enio, jona\u017eoli\u0173, melis\u0173, \u010diobreli\u0173, pakalnu\u010di\u0173, m\u0117t\u0173 ir kiaulpieni\u0173. 5 verting\u0173 aliej\u0173 kompleksas \u2013 migdol\u0173, ramun\u0117li\u0173, \u0161alavij\u0173, taukmed\u017ei\u0173 sviesto ir kadagi\u0173 Gelis r\u016bpinasi oda, j\u0105 maitindamas ir mink\u0161tindamas. \u0160velni formul\u0117 [&#8230;]\n","protected":false},"featured_media":99425,"template":"","meta":[],"product_cat":[1612],"product_tag":[],"class_list":{"0":"post-70798","1":"product","2":"type-product","3":"status-publish","4":"has-post-thumbnail","6":"product_brand-aljans-krasoti_ua-lt","7":"product_cat-putos-druska-vonios-bombos","9":"first","10":"outofstock","11":"taxable","12":"shipping-taxable","13":"product-type-simple"},"_links":{"self":[{"href":"https:\/\/e.kosmolat.eu\/lt\/wp-json\/wp\/v2\/product\/70798","targetHints":{"allow":["GET"]}}],"collection":[{"href":"https:\/\/e.kosmolat.eu\/lt\/wp-json\/wp\/v2\/product"}],"about":[{"href":"https:\/\/e.kosmolat.eu\/lt\/wp-json\/wp\/v2\/types\/product"}],"wp:featuredmedia":[{"embeddable":true,"href":"https:\/\/e.kosmolat.eu\/lt\/wp-json\/wp\/v2\/media\/99425"}],"wp:attachment":[{"href":"https:\/\/e.kosmolat.eu\/lt\/wp-json\/wp\/v2\/media?parent=70798"}],"wp:term":[{"taxonomy":"product_cat","embeddable":true,"href":"https:\/\/e.kosmolat.eu\/lt\/wp-json\/wp\/v2\/product_cat?post=70798"},{"taxonomy":"product_tag","embeddable":true,"href":"https:\/\/e.kosmolat.eu\/lt\/wp-json\/wp\/v2\/product_tag?post=70798"}],"curies":[{"name":"wp","href":"https:\/\/api.w.org\/{rel}","templated":true}]}}