{"id":70790,"date":"2025-06-01T17:56:31","date_gmt":"2025-06-01T17:56:31","guid":{"rendered":"https:\/\/e.kosmolat.eu\/product\/pharma-bio-lab-tradic-darvas-samp-pret-blaugznam-200-ml\/"},"modified":"2026-04-10T07:39:11","modified_gmt":"2026-04-10T07:39:11","slug":"pharma-bio-lab-tradic-darvas-samp-pret-blaugznam-200-ml","status":"publish","type":"product","link":"https:\/\/e.kosmolat.eu\/lt\/produktas\/pharma-bio-lab-tradic-darvas-samp-pret-blaugznam-200-ml\/","title":{"rendered":"PHARMA BIO LABORATORY Tradicinis deguto \u0161amp\u016bnas nuo pleiskan\u0173, 200 ml"},"content":{"rendered":"<p>Deguto \u0161amp\u016bnas yra specialiai sukurtas \u0161velniam galvos odos ir plauk\u0173, linkusi\u0173 \u012f pleiskanas, valymui. \u017doleli\u0173 formul\u0117 kartu su SYMCALMIN kompleksu ramina galvos od\u0105 ir ma\u017eina nie\u017e\u0117jim\u0105.<\/p>\n<p>Naudojimas: u\u017etepkite \u0161amp\u016bn\u0105 ant dr\u0117gn\u0173 plauk\u0173, palikite 2-3 minutes ir nuplaukite \u0161iltu vandeniu.<\/p>\n<p>Atsargumo priemon\u0117s: Tik i\u0161oriniam naudojimui. Patekus \u012f akis, gerai nuplauti vandeniu ir, jei reikia, kreiptis \u012f gydytoj\u0105.<\/p>\n<p>\u012esp\u0117jimas: galimas individualus padid\u0117j\u0119s jautrumas komponentams.<\/p>\n<p>Laikyti nuo +5 iki +25\u00b0C temperat\u016broje, atokiau nuo tiesiogini\u0173 saul\u0117s spinduli\u0173. Laikyti bent 0,5 m atstumu nuo \u0161ildymo prietais\u0173.<\/p>\n<p>Geriausias: 24 m\u0117nesi\u0173 nuo pagaminimo datos.<\/p>\n","protected":false},"excerpt":{"rendered":"<p>Deguto \u0161amp\u016bnas yra specialiai sukurtas \u0161velniam galvos odos ir plauk\u0173, linkusi\u0173 \u012f pleiskanas, valymui. \u017doleli\u0173 formul\u0117 kartu su SYMCALMIN kompleksu ramina galvos od\u0105 ir ma\u017eina nie\u017e\u0117jim\u0105. Naudojimas: u\u017etepkite \u0161amp\u016bn\u0105 ant dr\u0117gn\u0173 plauk\u0173, palikite 2-3 minutes ir nuplaukite \u0161iltu vandeniu. Atsargumo priemon\u0117s: Tik i\u0161oriniam naudojimui. Patekus \u012f akis, gerai nuplauti vandeniu ir, jei reikia, kreiptis \u012f [&#8230;]\n","protected":false},"featured_media":100576,"template":"","meta":[],"product_cat":[1251],"product_tag":[],"class_list":{"0":"post-70790","1":"product","2":"type-product","3":"status-publish","4":"has-post-thumbnail","6":"product_brand-aljans-krasoti_ua-lt","7":"product_cat-sampunai","9":"first","10":"outofstock","11":"taxable","12":"shipping-taxable","13":"product-type-simple"},"_links":{"self":[{"href":"https:\/\/e.kosmolat.eu\/lt\/wp-json\/wp\/v2\/product\/70790","targetHints":{"allow":["GET"]}}],"collection":[{"href":"https:\/\/e.kosmolat.eu\/lt\/wp-json\/wp\/v2\/product"}],"about":[{"href":"https:\/\/e.kosmolat.eu\/lt\/wp-json\/wp\/v2\/types\/product"}],"wp:featuredmedia":[{"embeddable":true,"href":"https:\/\/e.kosmolat.eu\/lt\/wp-json\/wp\/v2\/media\/100576"}],"wp:attachment":[{"href":"https:\/\/e.kosmolat.eu\/lt\/wp-json\/wp\/v2\/media?parent=70790"}],"wp:term":[{"taxonomy":"product_cat","embeddable":true,"href":"https:\/\/e.kosmolat.eu\/lt\/wp-json\/wp\/v2\/product_cat?post=70790"},{"taxonomy":"product_tag","embeddable":true,"href":"https:\/\/e.kosmolat.eu\/lt\/wp-json\/wp\/v2\/product_tag?post=70790"}],"curies":[{"name":"wp","href":"https:\/\/api.w.org\/{rel}","templated":true}]}}