{"id":70774,"date":"2025-06-01T17:55:45","date_gmt":"2025-06-01T17:55:45","guid":{"rendered":"https:\/\/e.kosmolat.eu\/product\/lk-kremziepes-atsvaidzinoss-arbuzs-doypack-450-ml\/"},"modified":"2026-04-23T09:19:16","modified_gmt":"2026-04-23T09:19:16","slug":"lk-kremziepes-atsvaidzinoss-arbuzs-doypack-450-ml","status":"publish","type":"product","link":"https:\/\/e.kosmolat.eu\/lt\/produktas\/lk-kremziepes-atsvaidzinoss-arbuzs-doypack-450-ml\/","title":{"rendered":"LINIJA KRASOTY Kreminis muilas Gaivinantis arb\u016bzas, doy-pack, 450 ml"},"content":{"rendered":"<p>Aromatingas kreminis muilas su arb\u016bz\u0173 ekstraktu ir glicerinu \u0161velniai valo od\u0105 nuo ne\u0161varum\u0173, palikdamas gaivumo ir \u0161varos poj\u016bt\u012f. Muilas turi lengv\u0105 arb\u016bz\u0173 aromat\u0105.<\/p>\n<p>Naudojimo instrukcija: u\u017etepkite muilu ant dr\u0117gnos odos, gerai nuplaukite vandeniu. Kad b\u016bt\u0173 patogiau naudoti, pakuot\u0117s turin\u012f supilkite \u012f buteliuk\u0105 su dozatoriumi.<\/p>\n<p>Atsargumo priemon\u0117s: Tik i\u0161oriniam naudojimui. Patekus \u012f akis, gerai nuplauti vandeniu ir, jei reikia, kreiptis \u012f gydytoj\u0105.<\/p>\n<p>\u012esp\u0117jimas: galimas individualus padid\u0117j\u0119s jautrumas komponentams.<\/p>\n<p>Laikyti nuo +5 iki +25\u00b0C temperat\u016broje, atokiau nuo tiesiogini\u0173 saul\u0117s spinduli\u0173. Laikyti bent 0,5 m atstumu nuo \u0161ildymo prietais\u0173.<\/p>\n<p>Geriausias: 30 m\u0117nesi\u0173 nuo pagaminimo datos.<\/p>\n","protected":false},"excerpt":{"rendered":"<p>Aromatingas kreminis muilas su arb\u016bz\u0173 ekstraktu ir glicerinu \u0161velniai valo od\u0105 nuo ne\u0161varum\u0173, palikdamas gaivumo ir \u0161varos poj\u016bt\u012f. Muilas turi lengv\u0105 arb\u016bz\u0173 aromat\u0105. Naudojimo instrukcija: u\u017etepkite muilu ant dr\u0117gnos odos, gerai nuplaukite vandeniu. Kad b\u016bt\u0173 patogiau naudoti, pakuot\u0117s turin\u012f supilkite \u012f buteliuk\u0105 su dozatoriumi. Atsargumo priemon\u0117s: Tik i\u0161oriniam naudojimui. Patekus \u012f akis, gerai nuplauti vandeniu [&#8230;]\n","protected":false},"featured_media":100572,"template":"","meta":[],"product_cat":[2181],"product_tag":[],"class_list":{"0":"post-70774","1":"product","2":"type-product","3":"status-publish","4":"has-post-thumbnail","6":"product_brand-aljans-krasoti_ua-lt","7":"product_cat-bez-kategorijas-lt","9":"first","10":"instock","11":"taxable","12":"shipping-taxable","13":"product-type-simple"},"_links":{"self":[{"href":"https:\/\/e.kosmolat.eu\/lt\/wp-json\/wp\/v2\/product\/70774","targetHints":{"allow":["GET"]}}],"collection":[{"href":"https:\/\/e.kosmolat.eu\/lt\/wp-json\/wp\/v2\/product"}],"about":[{"href":"https:\/\/e.kosmolat.eu\/lt\/wp-json\/wp\/v2\/types\/product"}],"wp:featuredmedia":[{"embeddable":true,"href":"https:\/\/e.kosmolat.eu\/lt\/wp-json\/wp\/v2\/media\/100572"}],"wp:attachment":[{"href":"https:\/\/e.kosmolat.eu\/lt\/wp-json\/wp\/v2\/media?parent=70774"}],"wp:term":[{"taxonomy":"product_cat","embeddable":true,"href":"https:\/\/e.kosmolat.eu\/lt\/wp-json\/wp\/v2\/product_cat?post=70774"},{"taxonomy":"product_tag","embeddable":true,"href":"https:\/\/e.kosmolat.eu\/lt\/wp-json\/wp\/v2\/product_tag?post=70774"}],"curies":[{"name":"wp","href":"https:\/\/api.w.org\/{rel}","templated":true}]}}