{"id":70766,"date":"2025-06-01T17:55:27","date_gmt":"2025-06-01T17:55:27","guid":{"rendered":"https:\/\/e.kosmolat.eu\/product\/lk-kremziepes-mitrinoss-bumbieris-doypack-450-ml\/"},"modified":"2026-04-16T10:47:45","modified_gmt":"2026-04-16T10:47:45","slug":"lk-kremziepes-mitrinoss-bumbieris-doypack-450-ml","status":"publish","type":"product","link":"https:\/\/e.kosmolat.eu\/lt\/produktas\/lk-kremziepes-mitrinoss-bumbieris-doypack-450-ml\/","title":{"rendered":"LINIJA KRASOTY Kreminis muilas Dr\u0117kinanti kriau\u0161\u0117, doy-pack, 450 ml"},"content":{"rendered":"<p>\u0160velnus r\u016bpestingas kreminis muilas su kriau\u0161i\u0173 ekstraktu ir glicerinu gerai putoja ir kruop\u0161\u010diai i\u0161valo od\u0105 nuo ne\u0161varum\u0173. \u017davingas vaisi\u0173 kvapas leid\u017eia odai jaustis gaiviai, patogiai ir \u0161velniai.<\/p>\n<p>Naudojimo instrukcija: u\u017etepkite muilu ant dr\u0117gnos odos, gerai nuplaukite vandeniu. Kad b\u016bt\u0173 patogiau naudoti, pakuot\u0117s turin\u012f supilkite \u012f buteliuk\u0105 su dozatoriumi.<\/p>\n<p>Atsargumo priemon\u0117s: Tik i\u0161oriniam naudojimui. Patekus \u012f akis, gerai nuplauti vandeniu ir, jei reikia, kreiptis \u012f gydytoj\u0105.<\/p>\n<p>\u012esp\u0117jimas: galimas individualus padid\u0117j\u0119s jautrumas komponentams.<\/p>\n<p>Laikyti nuo +5 iki +25\u00b0C temperat\u016broje, atokiau nuo tiesiogini\u0173 saul\u0117s spinduli\u0173. Laikyti bent 0,5 m atstumu nuo \u0161ildymo prietais\u0173.<\/p>\n<p>Geriausias: 30 m\u0117nesi\u0173 nuo pagaminimo datos.<\/p>\n","protected":false},"excerpt":{"rendered":"<p>\u0160velnus r\u016bpestingas kreminis muilas su kriau\u0161i\u0173 ekstraktu ir glicerinu gerai putoja ir kruop\u0161\u010diai i\u0161valo od\u0105 nuo ne\u0161varum\u0173. \u017davingas vaisi\u0173 kvapas leid\u017eia odai jaustis gaiviai, patogiai ir \u0161velniai. Naudojimo instrukcija: u\u017etepkite muilu ant dr\u0117gnos odos, gerai nuplaukite vandeniu. Kad b\u016bt\u0173 patogiau naudoti, pakuot\u0117s turin\u012f supilkite \u012f buteliuk\u0105 su dozatoriumi. Atsargumo priemon\u0117s: Tik i\u0161oriniam naudojimui. Patekus \u012f [&#8230;]\n","protected":false},"featured_media":99904,"template":"","meta":[],"product_cat":[1748],"product_tag":[],"class_list":{"0":"post-70766","1":"product","2":"type-product","3":"status-publish","4":"has-post-thumbnail","6":"product_brand-aljans-krasoti_ua-lt","7":"product_cat-skystas-muilas","9":"first","10":"instock","11":"taxable","12":"shipping-taxable","13":"product-type-simple"},"_links":{"self":[{"href":"https:\/\/e.kosmolat.eu\/lt\/wp-json\/wp\/v2\/product\/70766","targetHints":{"allow":["GET"]}}],"collection":[{"href":"https:\/\/e.kosmolat.eu\/lt\/wp-json\/wp\/v2\/product"}],"about":[{"href":"https:\/\/e.kosmolat.eu\/lt\/wp-json\/wp\/v2\/types\/product"}],"wp:featuredmedia":[{"embeddable":true,"href":"https:\/\/e.kosmolat.eu\/lt\/wp-json\/wp\/v2\/media\/99904"}],"wp:attachment":[{"href":"https:\/\/e.kosmolat.eu\/lt\/wp-json\/wp\/v2\/media?parent=70766"}],"wp:term":[{"taxonomy":"product_cat","embeddable":true,"href":"https:\/\/e.kosmolat.eu\/lt\/wp-json\/wp\/v2\/product_cat?post=70766"},{"taxonomy":"product_tag","embeddable":true,"href":"https:\/\/e.kosmolat.eu\/lt\/wp-json\/wp\/v2\/product_tag?post=70766"}],"curies":[{"name":"wp","href":"https:\/\/api.w.org\/{rel}","templated":true}]}}