{"id":70750,"date":"2025-06-01T17:54:49","date_gmt":"2025-06-01T17:54:49","guid":{"rendered":"https:\/\/e.kosmolat.eu\/product\/family-doctor-roku-kops-kr-aktiva-mitrin-75-ml\/"},"modified":"2026-04-23T06:01:44","modified_gmt":"2026-04-23T06:01:44","slug":"family-doctor-roku-kops-kr-aktiva-mitrin-75-ml","status":"publish","type":"product","link":"https:\/\/e.kosmolat.eu\/lt\/produktas\/family-doctor-roku-kops-kr-aktiva-mitrin-75-ml\/","title":{"rendered":"FAMILY DOCTOR Rank\u0173 prie\u017ei\u016bros kremas Aktyvus dr\u0117kinimas, 75 ml"},"content":{"rendered":"<p>Alavijas, vitaminai A, E, F, alyvuogi\u0173 aliejus. R\u016bpinasi rank\u0173 oda.<\/p>\n<p>Naudojimas: tepkite krem\u0105 ant \u0161varios, sausos rank\u0173 odos.<\/p>\n<p>Atsargumo priemon\u0117s: Tik i\u0161oriniam naudojimui. Patekus \u012f akis, gerai nuplauti vandeniu ir, jei reikia, kreiptis \u012f gydytoj\u0105. <\/p>\n<p>\u012esp\u0117jimas: galimas individualus padid\u0117j\u0119s jautrumas komponentams. <\/p>\n<p>Sud\u0117tyje yra vitamino A. Prie\u0161 naudojant atsi\u017evelgti \u012f paros doz\u0119.<\/p>\n<p>Geriausias: 30 m\u0117nesi\u0173 nuo pagaminimo datos.<\/p>\n<p>Laikyti nuo +5 iki +25\u00b0C temperat\u016broje, atokiau nuo tiesiogini\u0173 saul\u0117s spinduli\u0173. Laikyti bent 0,5 m atstumu nuo \u0161ildymo prietais\u0173.<\/p>\n","protected":false},"excerpt":{"rendered":"<p>Alavijas, vitaminai A, E, F, alyvuogi\u0173 aliejus. R\u016bpinasi rank\u0173 oda. Naudojimas: tepkite krem\u0105 ant \u0161varios, sausos rank\u0173 odos. Atsargumo priemon\u0117s: Tik i\u0161oriniam naudojimui. Patekus \u012f akis, gerai nuplauti vandeniu ir, jei reikia, kreiptis \u012f gydytoj\u0105. \u012esp\u0117jimas: galimas individualus padid\u0117j\u0119s jautrumas komponentams. Sud\u0117tyje yra vitamino A. Prie\u0161 naudojant atsi\u017evelgti \u012f paros doz\u0119. Geriausias: 30 m\u0117nesi\u0173 nuo [&#8230;]\n","protected":false},"featured_media":100568,"template":"","meta":[],"product_cat":[1304],"product_tag":[],"class_list":{"0":"post-70750","1":"product","2":"type-product","3":"status-publish","4":"has-post-thumbnail","6":"product_brand-aljans-krasoti_ua-lt","7":"product_cat-ranku-prieziuros-kosmetika","9":"first","10":"instock","11":"taxable","12":"shipping-taxable","13":"product-type-simple"},"_links":{"self":[{"href":"https:\/\/e.kosmolat.eu\/lt\/wp-json\/wp\/v2\/product\/70750","targetHints":{"allow":["GET"]}}],"collection":[{"href":"https:\/\/e.kosmolat.eu\/lt\/wp-json\/wp\/v2\/product"}],"about":[{"href":"https:\/\/e.kosmolat.eu\/lt\/wp-json\/wp\/v2\/types\/product"}],"wp:featuredmedia":[{"embeddable":true,"href":"https:\/\/e.kosmolat.eu\/lt\/wp-json\/wp\/v2\/media\/100568"}],"wp:attachment":[{"href":"https:\/\/e.kosmolat.eu\/lt\/wp-json\/wp\/v2\/media?parent=70750"}],"wp:term":[{"taxonomy":"product_cat","embeddable":true,"href":"https:\/\/e.kosmolat.eu\/lt\/wp-json\/wp\/v2\/product_cat?post=70750"},{"taxonomy":"product_tag","embeddable":true,"href":"https:\/\/e.kosmolat.eu\/lt\/wp-json\/wp\/v2\/product_tag?post=70750"}],"curies":[{"name":"wp","href":"https:\/\/api.w.org\/{rel}","templated":true}]}}