{"id":70726,"date":"2025-06-01T17:53:57","date_gmt":"2025-06-01T17:53:57","guid":{"rendered":"https:\/\/e.kosmolat.eu\/product\/fd-micel-ud-visiem-adas-tip-pat-loti-saus-ar-nosl-uz-kairinajumu-265-ml\/"},"modified":"2026-04-23T06:29:35","modified_gmt":"2026-04-23T06:29:35","slug":"fd-micel-ud-visiem-adas-tip-pat-loti-saus-ar-nosl-uz-kairinajumu-265-ml","status":"publish","type":"product","link":"https:\/\/e.kosmolat.eu\/lt\/produktas\/fd-micel-ud-visiem-adas-tip-pat-loti-saus-ar-nosl-uz-kairinajumu-265-ml\/","title":{"rendered":"FAMILY DOCTOR Micelinis vanduo vis\u0173 tip\u0173 odai, net ir labai sausai, \u012f dirginim\u0105 linkusiai odai, 265"},"content":{"rendered":"<p>Specialios formul\u0117s d\u0117ka micelinis vanduo r\u016bpinasi J\u016bs\u0173 veido oda. Jis \u0161velniai ir efektyviai valo od\u0105 nuo ne\u0161varum\u0173, nepalikdamas riebios pl\u0117vel\u0117s ar diskomforto jausmo po naudojimo.<\/p>\n<p>Naudojimas: u\u017etepkite ant vatos diskelio ir nuvalykite vis\u0105 veid\u0105, \u012fskaitant l\u016bp\u0173 ir aki\u0173 srit\u012f. Nereikalauja skalavimo.<\/p>\n<p>Atsargumo priemon\u0117s: Tik i\u0161oriniam naudojimui. Patekus \u012f akis, gerai nuplauti vandeniu ir, jei reikia, kreiptis \u012f gydytoj\u0105.<\/p>\n<p>\u012esp\u0117jimas: galimas individualus padid\u0117j\u0119s jautrumas komponentams. <\/p>\n<p>Geriausias: 24 m\u0117nesi\u0173 nuo pagaminimo datos.<\/p>\n<p>Laikyti nuo +5 iki +25\u00b0C temperat\u016broje, atokiau nuo tiesiogini\u0173 saul\u0117s spinduli\u0173. Laikyti bent 0,5 m atstumu nuo \u0161ildymo prietais\u0173.<\/p>\n","protected":false},"excerpt":{"rendered":"<p>Specialios formul\u0117s d\u0117ka micelinis vanduo r\u016bpinasi J\u016bs\u0173 veido oda. Jis \u0161velniai ir efektyviai valo od\u0105 nuo ne\u0161varum\u0173, nepalikdamas riebios pl\u0117vel\u0117s ar diskomforto jausmo po naudojimo. Naudojimas: u\u017etepkite ant vatos diskelio ir nuvalykite vis\u0105 veid\u0105, \u012fskaitant l\u016bp\u0173 ir aki\u0173 srit\u012f. Nereikalauja skalavimo. Atsargumo priemon\u0117s: Tik i\u0161oriniam naudojimui. Patekus \u012f akis, gerai nuplauti vandeniu ir, jei reikia, [&#8230;]\n","protected":false},"featured_media":99164,"template":"","meta":[],"product_cat":[1570],"product_tag":[],"class_list":{"0":"post-70726","1":"product","2":"type-product","3":"status-publish","4":"has-post-thumbnail","6":"product_brand-aljans-krasoti_ua-lt","7":"product_cat-micelinis-vanduo","9":"first","10":"instock","11":"taxable","12":"shipping-taxable","13":"product-type-simple"},"_links":{"self":[{"href":"https:\/\/e.kosmolat.eu\/lt\/wp-json\/wp\/v2\/product\/70726","targetHints":{"allow":["GET"]}}],"collection":[{"href":"https:\/\/e.kosmolat.eu\/lt\/wp-json\/wp\/v2\/product"}],"about":[{"href":"https:\/\/e.kosmolat.eu\/lt\/wp-json\/wp\/v2\/types\/product"}],"wp:featuredmedia":[{"embeddable":true,"href":"https:\/\/e.kosmolat.eu\/lt\/wp-json\/wp\/v2\/media\/99164"}],"wp:attachment":[{"href":"https:\/\/e.kosmolat.eu\/lt\/wp-json\/wp\/v2\/media?parent=70726"}],"wp:term":[{"taxonomy":"product_cat","embeddable":true,"href":"https:\/\/e.kosmolat.eu\/lt\/wp-json\/wp\/v2\/product_cat?post=70726"},{"taxonomy":"product_tag","embeddable":true,"href":"https:\/\/e.kosmolat.eu\/lt\/wp-json\/wp\/v2\/product_tag?post=70726"}],"curies":[{"name":"wp","href":"https:\/\/api.w.org\/{rel}","templated":true}]}}