{"id":70718,"date":"2025-06-01T17:53:42","date_gmt":"2025-06-01T17:53:42","guid":{"rendered":"https:\/\/e.kosmolat.eu\/product\/fd-attir-zeleja-tira-ada-matejosa-kops-tauk-un-probl-adai-250-ml\/"},"modified":"2026-03-30T17:35:22","modified_gmt":"2026-03-30T17:35:22","slug":"i_fd-attir-zeleja-tira-ada-matejosa-kops-tauk-un-probl-adai-250-ml","status":"publish","type":"product","link":"https:\/\/e.kosmolat.eu\/lt\/produktas\/i_fd-attir-zeleja-tira-ada-matejosa-kops-tauk-un-probl-adai-250-ml\/","title":{"rendered":"I_FAMILY DOCTOR Prausimosi gelis \u0160vari oda + Matinanti prie\u017ei\u016bra riebiai ir probleminei odai, 250 ml"},"content":{"rendered":"<p>Prausimosi gelis skirtas kasdienei riebios problemin\u0117s odos prie\u017ei\u016brai. Kruop\u0161\u010diai nuvalo ne\u0161varumus ir makia\u017eo liku\u010dius. Imbierai turi prie\u0161u\u017edegimini\u0173 savybi\u0173. Greipfrutai gaivina od\u0105 ir turi lengv\u0105 matin\u012f poveik\u012f.<\/p>\n<p>Naudojimas: nedidel\u012f kiek\u012f gelio u\u017etepkite ant deln\u0173, suputokite, u\u017etepkite ant dr\u0117gno veido, nuplaukite vandeniu.<\/p>\n<p>Atsargumo priemon\u0117s: Tik i\u0161oriniam naudojimui. Patekus \u012f akis, gerai nuplauti vandeniu ir, jei reikia, kreiptis \u012f gydytoj\u0105.<\/p>\n<p>\u012esp\u0117jimas: galimas individualus padid\u0117j\u0119s jautrumas komponentams. <\/p>\n<p>Geriausias: 30 m\u0117nesi\u0173 nuo pagaminimo datos.<\/p>\n<p>Laikyti nuo +5 iki +25\u00b0C temperat\u016broje, atokiau nuo tiesiogini\u0173 saul\u0117s spinduli\u0173. Laikyti bent 0,5 m atstumu nuo \u0161ildymo prietais\u0173.<\/p>\n","protected":false},"excerpt":{"rendered":"<p>Prausimosi gelis skirtas kasdienei riebios problemin\u0117s odos prie\u017ei\u016brai. Kruop\u0161\u010diai nuvalo ne\u0161varumus ir makia\u017eo liku\u010dius. Imbierai turi prie\u0161u\u017edegimini\u0173 savybi\u0173. Greipfrutai gaivina od\u0105 ir turi lengv\u0105 matin\u012f poveik\u012f. Naudojimas: nedidel\u012f kiek\u012f gelio u\u017etepkite ant deln\u0173, suputokite, u\u017etepkite ant dr\u0117gno veido, nuplaukite vandeniu. Atsargumo priemon\u0117s: Tik i\u0161oriniam naudojimui. Patekus \u012f akis, gerai nuplauti vandeniu ir, jei reikia, kreiptis [&#8230;]\n","protected":false},"featured_media":100436,"template":"","meta":[],"product_cat":[1577],"product_tag":[],"class_list":{"0":"post-70718","1":"product","2":"type-product","3":"status-publish","4":"has-post-thumbnail","6":"product_brand-aljans-krasoti_ua-lt","7":"product_cat-gelis","9":"first","10":"instock","11":"taxable","12":"shipping-taxable","13":"product-type-simple"},"_links":{"self":[{"href":"https:\/\/e.kosmolat.eu\/lt\/wp-json\/wp\/v2\/product\/70718","targetHints":{"allow":["GET"]}}],"collection":[{"href":"https:\/\/e.kosmolat.eu\/lt\/wp-json\/wp\/v2\/product"}],"about":[{"href":"https:\/\/e.kosmolat.eu\/lt\/wp-json\/wp\/v2\/types\/product"}],"wp:featuredmedia":[{"embeddable":true,"href":"https:\/\/e.kosmolat.eu\/lt\/wp-json\/wp\/v2\/media\/100436"}],"wp:attachment":[{"href":"https:\/\/e.kosmolat.eu\/lt\/wp-json\/wp\/v2\/media?parent=70718"}],"wp:term":[{"taxonomy":"product_cat","embeddable":true,"href":"https:\/\/e.kosmolat.eu\/lt\/wp-json\/wp\/v2\/product_cat?post=70718"},{"taxonomy":"product_tag","embeddable":true,"href":"https:\/\/e.kosmolat.eu\/lt\/wp-json\/wp\/v2\/product_tag?post=70718"}],"curies":[{"name":"wp","href":"https:\/\/api.w.org\/{rel}","templated":true}]}}