{"id":70710,"date":"2025-06-01T17:53:24","date_gmt":"2025-06-01T17:53:24","guid":{"rendered":"https:\/\/e.kosmolat.eu\/product\/fd-attir-zeleja-ultraattir-visiem-adas-tip-250-ml\/"},"modified":"2026-04-02T06:00:37","modified_gmt":"2026-04-02T06:00:37","slug":"i_fd-attir-zeleja-ultraattir-visiem-adas-tip-250-ml","status":"publish","type":"product","link":"https:\/\/e.kosmolat.eu\/lt\/produktas\/i_fd-attir-zeleja-ultraattir-visiem-adas-tip-250-ml\/","title":{"rendered":"I_FAMILY DOCTOR Prausimosi gelis ultra valymas visiems odos tipams, 250 ml"},"content":{"rendered":"<p>Malonaus aromato \u0161velnus prausimosis gelis formuoja sodrias putas ir \u0161velniai valo od\u0105 nuo ne\u0161varum\u0173.<\/p>\n<p>Naudojimas: nedidel\u012f kiek\u012f gelio u\u017etepkite ant deln\u0173, suputokite, u\u017etepkite ant dr\u0117gno veido, nuplaukite vandeniu.<\/p>\n<p>Atsargumo priemon\u0117s: Tik i\u0161oriniam naudojimui. Patekus \u012f akis, gerai nuplauti vandeniu ir, jei reikia, kreiptis \u012f gydytoj\u0105.<\/p>\n<p>\u012esp\u0117jimas: galimas individualus padid\u0117j\u0119s jautrumas komponentams. Sud\u0117tyje yra vitamino A. Prie\u0161 naudojant atsi\u017evelgti \u012f paros doz\u0119.<\/p>\n<p>Geriausias: 30 m\u0117nesi\u0173 nuo pagaminimo datos.<\/p>\n<p>Laikyti nuo +5 iki +25\u00b0C temperat\u016broje, atokiau nuo tiesiogini\u0173 saul\u0117s spinduli\u0173. Laikyti bent 0,5 m atstumu nuo \u0161ildymo prietais\u0173.<\/p>\n","protected":false},"excerpt":{"rendered":"<p>Malonaus aromato \u0161velnus prausimosis gelis formuoja sodrias putas ir \u0161velniai valo od\u0105 nuo ne\u0161varum\u0173. Naudojimas: nedidel\u012f kiek\u012f gelio u\u017etepkite ant deln\u0173, suputokite, u\u017etepkite ant dr\u0117gno veido, nuplaukite vandeniu. Atsargumo priemon\u0117s: Tik i\u0161oriniam naudojimui. Patekus \u012f akis, gerai nuplauti vandeniu ir, jei reikia, kreiptis \u012f gydytoj\u0105. \u012esp\u0117jimas: galimas individualus padid\u0117j\u0119s jautrumas komponentams. Sud\u0117tyje yra vitamino A. [&#8230;]\n","protected":false},"featured_media":99160,"template":"","meta":[],"product_cat":[2181],"product_tag":[],"class_list":{"0":"post-70710","1":"product","2":"type-product","3":"status-publish","4":"has-post-thumbnail","6":"product_brand-aljans-krasoti_ua-lt","7":"product_cat-bez-kategorijas-lt","9":"first","10":"instock","11":"taxable","12":"shipping-taxable","13":"product-type-simple"},"_links":{"self":[{"href":"https:\/\/e.kosmolat.eu\/lt\/wp-json\/wp\/v2\/product\/70710","targetHints":{"allow":["GET"]}}],"collection":[{"href":"https:\/\/e.kosmolat.eu\/lt\/wp-json\/wp\/v2\/product"}],"about":[{"href":"https:\/\/e.kosmolat.eu\/lt\/wp-json\/wp\/v2\/types\/product"}],"wp:featuredmedia":[{"embeddable":true,"href":"https:\/\/e.kosmolat.eu\/lt\/wp-json\/wp\/v2\/media\/99160"}],"wp:attachment":[{"href":"https:\/\/e.kosmolat.eu\/lt\/wp-json\/wp\/v2\/media?parent=70710"}],"wp:term":[{"taxonomy":"product_cat","embeddable":true,"href":"https:\/\/e.kosmolat.eu\/lt\/wp-json\/wp\/v2\/product_cat?post=70710"},{"taxonomy":"product_tag","embeddable":true,"href":"https:\/\/e.kosmolat.eu\/lt\/wp-json\/wp\/v2\/product_tag?post=70710"}],"curies":[{"name":"wp","href":"https:\/\/api.w.org\/{rel}","templated":true}]}}