{"id":70702,"date":"2025-06-01T17:53:09","date_gmt":"2025-06-01T17:53:09","guid":{"rendered":"https:\/\/e.kosmolat.eu\/product\/spa-natural-nomierin-zel-intum-higi-jutigai-adai-ar-kumeliti-un-piena-sukalam-250-ml\/"},"modified":"2026-04-02T07:10:09","modified_gmt":"2026-04-02T07:10:09","slug":"spa-natural-nomierin-zel-intum-higi-jutigai-adai-ar-kumeliti-un-piena-sukalam-250-ml","status":"publish","type":"product","link":"https:\/\/e.kosmolat.eu\/lt\/produktas\/spa-natural-nomierin-zel-intum-higi-jutigai-adai-ar-kumeliti-un-piena-sukalam-250-ml\/","title":{"rendered":"SPA NATURAL Raminantis intymios higienos gelis jautriai odai su ramun\u0117l\u0117mis ir pieno i\u0161r\u016bgomis, 250"},"content":{"rendered":"<p>Raminantis gelis intymiai higienai su ramun\u0117l\u0117mis ir pieno i\u0161r\u016bgomis sukurtas specialiai atsi\u017evelgiant \u012f intymios zonos poreikius. Jis \u0161velniai valo jautri\u0105 od\u0105, padeda i\u0161laikyti komforto jausm\u0105 vis\u0105 dien\u0105.<\/p>\n<p>Naudojimas: u\u017etepkite gel\u012f ant intymi\u0173 viet\u0173 odos, tada nuplaukite vandeniu.<\/p>\n<p>Atsargumo priemon\u0117s: Tik i\u0161oriniam naudojimui. Patekus \u012f akis, gerai nuplauti vandeniu ir, jei reikia, kreiptis \u012f gydytoj\u0105.<\/p>\n<p>\u012esp\u0117jimas: galimas individualus padid\u0117j\u0119s jautrumas komponentams. <\/p>\n<p>Geriausias: 30 m\u0117nesi\u0173 nuo pagaminimo datos.<\/p>\n<p>Laikyti nuo +5 iki +25\u00b0C temperat\u016broje, atokiau nuo tiesiogini\u0173 saul\u0117s spinduli\u0173. Laikyti bent 0,5 m atstumu nuo \u0161ildymo prietais\u0173.<\/p>\n","protected":false},"excerpt":{"rendered":"<p>Raminantis gelis intymiai higienai su ramun\u0117l\u0117mis ir pieno i\u0161r\u016bgomis sukurtas specialiai atsi\u017evelgiant \u012f intymios zonos poreikius. Jis \u0161velniai valo jautri\u0105 od\u0105, padeda i\u0161laikyti komforto jausm\u0105 vis\u0105 dien\u0105. Naudojimas: u\u017etepkite gel\u012f ant intymi\u0173 viet\u0173 odos, tada nuplaukite vandeniu. Atsargumo priemon\u0117s: Tik i\u0161oriniam naudojimui. Patekus \u012f akis, gerai nuplauti vandeniu ir, jei reikia, kreiptis \u012f gydytoj\u0105. \u012esp\u0117jimas: [&#8230;]\n","protected":false},"featured_media":99795,"template":"","meta":[],"product_cat":[1374],"product_tag":[],"class_list":{"0":"post-70702","1":"product","2":"type-product","3":"status-publish","4":"has-post-thumbnail","6":"product_brand-aljans-krasoti_ua-lt","7":"product_cat-intymi-higiena","9":"first","10":"instock","11":"taxable","12":"shipping-taxable","13":"product-type-simple"},"_links":{"self":[{"href":"https:\/\/e.kosmolat.eu\/lt\/wp-json\/wp\/v2\/product\/70702","targetHints":{"allow":["GET"]}}],"collection":[{"href":"https:\/\/e.kosmolat.eu\/lt\/wp-json\/wp\/v2\/product"}],"about":[{"href":"https:\/\/e.kosmolat.eu\/lt\/wp-json\/wp\/v2\/types\/product"}],"wp:featuredmedia":[{"embeddable":true,"href":"https:\/\/e.kosmolat.eu\/lt\/wp-json\/wp\/v2\/media\/99795"}],"wp:attachment":[{"href":"https:\/\/e.kosmolat.eu\/lt\/wp-json\/wp\/v2\/media?parent=70702"}],"wp:term":[{"taxonomy":"product_cat","embeddable":true,"href":"https:\/\/e.kosmolat.eu\/lt\/wp-json\/wp\/v2\/product_cat?post=70702"},{"taxonomy":"product_tag","embeddable":true,"href":"https:\/\/e.kosmolat.eu\/lt\/wp-json\/wp\/v2\/product_tag?post=70702"}],"curies":[{"name":"wp","href":"https:\/\/api.w.org\/{rel}","templated":true}]}}