{"id":70682,"date":"2025-06-01T17:52:24","date_gmt":"2025-06-01T17:52:24","guid":{"rendered":"https:\/\/e.kosmolat.eu\/product\/lady-wow-ceraclinix-ampoule-ampula-filleris-matiem-ar-keramidiem-15-ml\/"},"modified":"2026-03-30T17:34:40","modified_gmt":"2026-03-30T17:34:40","slug":"lady-wow-ceraclinix-ampoule-ampula-filleris-matiem-ar-keramidiem-15-ml","status":"publish","type":"product","link":"https:\/\/e.kosmolat.eu\/lt\/produktas\/lady-wow-ceraclinix-ampoule-ampula-filleris-matiem-ar-keramidiem-15-ml\/","title":{"rendered":"LADY WOW Ceraclinix Ampoule Plauk\u0173 u\u017epildas-ampul\u0117 su keramidais, 15 ml"},"content":{"rendered":"<p>Naudojimas:<br \/>\n1. I\u0161plaukite plaukus \u0161amp\u016bnu. U\u017epild\u0105 sumai\u0161ykite su \u0161altu vandeniu santykiu 1:1 nemetaliniame inde, kol kauk\u0117 i\u0161tirps.<br \/>\n2. Gautu mi\u0161iniu i\u0161tepkite \u0161varius, dr\u0117gnus plaukus per vis\u0105 ilg\u012f. Netepkite galvos odos ar plauk\u0173 \u0161akn\u0173.<br \/>\n3. Nor\u0117dami sustiprinti efekt\u0105, u\u017esid\u0117kite du\u0161o kepurait\u0119 arba termo kepurait\u0119 ir 5 minutes \u0161ildykite galv\u0105 plauk\u0173 d\u017eiovintuvu.<br \/>\n4. Palikite produkt\u0105 10-15 minu\u010di\u0173, apvyniokite galv\u0105 rank\u0161luos\u010diu.<br \/>\n5. Tada nuplaukite produkt\u0105 \u0161iltu vandeniu.<\/p>\n<p>Atsargumo priemon\u0117s: Tik i\u0161oriniam naudojimui. Patekus \u012f akis, gerai nuplauti vandeniu ir, jei reikia, kreiptis \u012f gydytoj\u0105.<\/p>\n<p>\u012esp\u0117jimas: Galimas individualus jautrumas recepto komponentams. <\/p>\n<p>Laikyti nuo +5 iki +25\u00b0C temperat\u016broje, atokiau nuo tiesiogini\u0173 saul\u0117s spinduli\u0173. Laikyti bent 0,5 m atstumu nuo \u0161ildymo prietais\u0173.<\/p>\n<p>Geriausias: 24 m\u0117nesi\u0173 nuo pagaminimo datos.<\/p>\n","protected":false},"excerpt":{"rendered":"<p>Naudojimas: 1. I\u0161plaukite plaukus \u0161amp\u016bnu. U\u017epild\u0105 sumai\u0161ykite su \u0161altu vandeniu santykiu 1:1 nemetaliniame inde, kol kauk\u0117 i\u0161tirps. 2. Gautu mi\u0161iniu i\u0161tepkite \u0161varius, dr\u0117gnus plaukus per vis\u0105 ilg\u012f. Netepkite galvos odos ar plauk\u0173 \u0161akn\u0173. 3. Nor\u0117dami sustiprinti efekt\u0105, u\u017esid\u0117kite du\u0161o kepurait\u0119 arba termo kepurait\u0119 ir 5 minutes \u0161ildykite galv\u0105 plauk\u0173 d\u017eiovintuvu. 4. Palikite produkt\u0105 10-15 minu\u010di\u0173, [&#8230;]\n","protected":false},"featured_media":98763,"template":"","meta":[],"product_cat":[1256],"product_tag":[],"class_list":{"0":"post-70682","1":"product","2":"type-product","3":"status-publish","4":"has-post-thumbnail","6":"product_brand-aljans-krasoti_ua-lt","7":"product_cat-plauku-kaukes","9":"first","10":"instock","11":"taxable","12":"shipping-taxable","13":"product-type-simple"},"_links":{"self":[{"href":"https:\/\/e.kosmolat.eu\/lt\/wp-json\/wp\/v2\/product\/70682","targetHints":{"allow":["GET"]}}],"collection":[{"href":"https:\/\/e.kosmolat.eu\/lt\/wp-json\/wp\/v2\/product"}],"about":[{"href":"https:\/\/e.kosmolat.eu\/lt\/wp-json\/wp\/v2\/types\/product"}],"wp:featuredmedia":[{"embeddable":true,"href":"https:\/\/e.kosmolat.eu\/lt\/wp-json\/wp\/v2\/media\/98763"}],"wp:attachment":[{"href":"https:\/\/e.kosmolat.eu\/lt\/wp-json\/wp\/v2\/media?parent=70682"}],"wp:term":[{"taxonomy":"product_cat","embeddable":true,"href":"https:\/\/e.kosmolat.eu\/lt\/wp-json\/wp\/v2\/product_cat?post=70682"},{"taxonomy":"product_tag","embeddable":true,"href":"https:\/\/e.kosmolat.eu\/lt\/wp-json\/wp\/v2\/product_tag?post=70682"}],"curies":[{"name":"wp","href":"https:\/\/api.w.org\/{rel}","templated":true}]}}