{"id":70674,"date":"2025-06-01T17:52:08","date_gmt":"2025-06-01T17:52:08","guid":{"rendered":"https:\/\/e.kosmolat.eu\/product\/lady-wow-keratin-ampoule-matu-sprejs-fillers-15-in-1-ar-keratnu-200-ml\/"},"modified":"2026-04-22T13:24:11","modified_gmt":"2026-04-22T13:24:11","slug":"lady-wow-keratin-ampoule-matu-sprejs-fillers-15-in-1-ar-keratnu-200-ml","status":"publish","type":"product","link":"https:\/\/e.kosmolat.eu\/lt\/produktas\/lady-wow-keratin-ampoule-matu-sprejs-fillers-15-in-1-ar-keratnu-200-ml\/","title":{"rendered":"LADY WOW Keratin Ampoule Plauk\u0173 u\u017epildas- pur\u0161kiklis su keratinu, 200 ml"},"content":{"rendered":"<p>1) Keratino prisotinimas;<br \/>\n2) U\u017epildo pa\u017eeistas plauk\u0173 vietas;<br \/>\n3) I\u0161lyginimas su laminavimo efektu;<br \/>\n4) Padeda atkurti pa\u017eeist\u0105 plauk\u0173 strukt\u016br\u0105;<br \/>\n5) Apsaugo nuo neigiam\u0173 veiksni\u0173;<br \/>\n6) Storina plaukus ir suteikia jiems elastingumo;<br \/>\n7) Apsaugo nuo galiuk\u0173 skilin\u0117jimo;<br \/>\n8) Neapsunkina plauk\u0173;<br \/>\n9) \u0160ilumin\u0117 apsauga;<br \/>\n10) Suteikia dr\u0117kinim\u0105 per vis\u0105 ilg\u012f;<br \/>\n11) Mink\u0161tina \u0161iurk\u0161\u010dius plaukus;<br \/>\n12) Palengvina \u0161ukavim\u0105 ir formavim\u0105;<br \/>\n13) Suma\u017eina garbanojimas\u012f;<br \/>\n14) Suteikia spindesio;<br \/>\n15) I\u0161laiko da\u017eyt\u0173 plauk\u0173 ry\u0161kum\u0105.<\/p>\n<p>Daugiafunkcinis nenuplaunamas u\u017epildas- pur\u0161kiklis skirtas sausiems ir pa\u017eeistiems plaukams pri\u017ei\u016br\u0117ti. Jis prisotina plaukus keratinu, suteikia prie\u017ei\u016bros ir suteikia blizgan\u010dio blizgesio jau nuo pirmo naudojimo.<\/p>\n<p>Naudojimas: purk\u0161ti priemon\u0119 ant dr\u0117gn\u0173 plauk\u0173 ma\u017edaug 20 cm atstumu, vengiant \u0161akn\u0173. I\u0161\u0161ukuokite, kad produktas geriau pasiskirstyt\u0173 per vis\u0105 plauk\u0173 ilg\u012f. Nenuplaukite gaminio. Tada formuokite plaukus kaip \u012fprasta.<\/p>\n<p>Atsargumo priemon\u0117s: Tik i\u0161oriniam naudojimui. Patekus \u012f akis, gerai nuplauti vandeniu ir, jei reikia, kreiptis \u012f gydytoj\u0105.<\/p>\n<p>\u012esp\u0117jimas: galimas individualus padid\u0117j\u0119s jautrumas komponentams. <\/p>\n<p>Geriausias: 24 m\u0117nesiai nuo pagaminimo datos.<\/p>\n<p>Laikyti nuo +5 iki +25\u00b0C temperat\u016broje, atokiau nuo tiesiogini\u0173 saul\u0117s spinduli\u0173. Laikyti bent 0,5 m atstumu nuo \u0161ildymo prietais\u0173.<\/p>\n","protected":false},"excerpt":{"rendered":"<p>1) Keratino prisotinimas; 2) U\u017epildo pa\u017eeistas plauk\u0173 vietas; 3) I\u0161lyginimas su laminavimo efektu; 4) Padeda atkurti pa\u017eeist\u0105 plauk\u0173 strukt\u016br\u0105; 5) Apsaugo nuo neigiam\u0173 veiksni\u0173; 6) Storina plaukus ir suteikia jiems elastingumo; 7) Apsaugo nuo galiuk\u0173 skilin\u0117jimo; 8) Neapsunkina plauk\u0173; 9) \u0160ilumin\u0117 apsauga; 10) Suteikia dr\u0117kinim\u0105 per vis\u0105 ilg\u012f; 11) Mink\u0161tina \u0161iurk\u0161\u010dius plaukus; 12) Palengvina \u0161ukavim\u0105 [&#8230;]\n","protected":false},"featured_media":100748,"template":"","meta":[],"product_cat":[2181],"product_tag":[],"class_list":{"0":"post-70674","1":"product","2":"type-product","3":"status-publish","4":"has-post-thumbnail","6":"product_brand-aljans-krasoti_ua-lt","7":"product_cat-bez-kategorijas-lt","9":"first","10":"instock","11":"taxable","12":"shipping-taxable","13":"product-type-simple"},"_links":{"self":[{"href":"https:\/\/e.kosmolat.eu\/lt\/wp-json\/wp\/v2\/product\/70674","targetHints":{"allow":["GET"]}}],"collection":[{"href":"https:\/\/e.kosmolat.eu\/lt\/wp-json\/wp\/v2\/product"}],"about":[{"href":"https:\/\/e.kosmolat.eu\/lt\/wp-json\/wp\/v2\/types\/product"}],"wp:featuredmedia":[{"embeddable":true,"href":"https:\/\/e.kosmolat.eu\/lt\/wp-json\/wp\/v2\/media\/100748"}],"wp:attachment":[{"href":"https:\/\/e.kosmolat.eu\/lt\/wp-json\/wp\/v2\/media?parent=70674"}],"wp:term":[{"taxonomy":"product_cat","embeddable":true,"href":"https:\/\/e.kosmolat.eu\/lt\/wp-json\/wp\/v2\/product_cat?post=70674"},{"taxonomy":"product_tag","embeddable":true,"href":"https:\/\/e.kosmolat.eu\/lt\/wp-json\/wp\/v2\/product_tag?post=70674"}],"curies":[{"name":"wp","href":"https:\/\/api.w.org\/{rel}","templated":true}]}}