{"id":70658,"date":"2025-06-01T17:51:07","date_gmt":"2025-06-01T17:51:07","guid":{"rendered":"https:\/\/e.kosmolat.eu\/product\/elitan-kremkr-uzac-un-skropst-nr-21-melna-kafija-5-ml-5-ml\/"},"modified":"2026-04-23T06:29:01","modified_gmt":"2026-04-23T06:29:01","slug":"elitan-kremkr-uzac-un-skropst-nr-21-melna-kafija-5-ml-5-ml","status":"publish","type":"product","link":"https:\/\/e.kosmolat.eu\/lt\/produktas\/elitan-kremkr-uzac-un-skropst-nr-21-melna-kafija-5-ml-5-ml\/","title":{"rendered":"ELITAN Kreminiai da\u017eai antakiams ir blakstienoms Nr.21 Juoda kava, 5 ml\/ 5 ml"},"content":{"rendered":"<p>\u2022 Be amoniako<br \/>\n\u2022 Tatuiruot\u0117s efektas<br \/>\n\u2022 Provitaminas B5<br \/>\n\u2022 UV filtras<\/p>\n<p>Atsargumo priemon\u0117s:<br \/>\nTik profesionalams. Sud\u0117tyje yra vandenilio peroksido, rezorcinolio, fenilendiamin\u0173 (toluendiamin\u0173). Gali sukelti sunki\u0105 alergin\u0119 reakcij\u0105. 48 valandas prie\u0161 naudojim\u0105 atlikite alergijos test\u0105. Perskaitykite ir vykdykite instrukcijose pateiktas instrukcijas. Nenaudoti jaunesniems nei 16 met\u0173 asmenims. Laikinos juodosios chna tatuiruot\u0117s padidina alergijos rizik\u0105. Nenaudoti, jei: b\u0117rimas ant veido, jautri, pa\u017eeista ir sudirgusi oda, pasirei\u0161k\u0117 alergini\u0173 reakcij\u0173 po plauk\u0173 da\u017eymo arba po laikinos juodos chna tatuiruot\u0117s. Vengti patekimo \u012f akis. Gaminiui patekus \u012f akis, nedelsiant gerai praplauti vandeniu.Naudokite apsaugines pir\u0161tines. Nenaudokite metalini\u0173 daikt\u0173. Laikyti vaikams nepasiekiamoje vietoje.<\/p>\n<p>Paketo turinys:<br \/>\nKreminiai da\u017eai, paket\u0117lis 5 ml<br \/>\nOksidacin\u0117 emulsija, paket\u0117lis 5ml<br \/>\nAplikatorius 1 vnt.<br \/>\nApsaugin\u0117s servet\u0117l\u0117s 2 vnt.<br \/>\nInstrukcija 2 vnt.<\/p>\n","protected":false},"excerpt":{"rendered":"<p>\u2022 Be amoniako \u2022 Tatuiruot\u0117s efektas \u2022 Provitaminas B5 \u2022 UV filtras Atsargumo priemon\u0117s: Tik profesionalams. Sud\u0117tyje yra vandenilio peroksido, rezorcinolio, fenilendiamin\u0173 (toluendiamin\u0173). Gali sukelti sunki\u0105 alergin\u0119 reakcij\u0105. 48 valandas prie\u0161 naudojim\u0105 atlikite alergijos test\u0105. Perskaitykite ir vykdykite instrukcijose pateiktas instrukcijas. Nenaudoti jaunesniems nei 16 met\u0173 asmenims. Laikinos juodosios chna tatuiruot\u0117s padidina alergijos rizik\u0105. Nenaudoti, [&#8230;]\n","protected":false},"featured_media":98291,"template":"","meta":[],"product_cat":[1666],"product_tag":[],"class_list":{"0":"post-70658","1":"product","2":"type-product","3":"status-publish","4":"has-post-thumbnail","6":"product_brand-kombi_ua-lt","7":"product_cat-antakiu-ir-blakstienu-dazai","9":"first","10":"instock","11":"taxable","12":"shipping-taxable","13":"product-type-simple"},"_links":{"self":[{"href":"https:\/\/e.kosmolat.eu\/lt\/wp-json\/wp\/v2\/product\/70658","targetHints":{"allow":["GET"]}}],"collection":[{"href":"https:\/\/e.kosmolat.eu\/lt\/wp-json\/wp\/v2\/product"}],"about":[{"href":"https:\/\/e.kosmolat.eu\/lt\/wp-json\/wp\/v2\/types\/product"}],"wp:featuredmedia":[{"embeddable":true,"href":"https:\/\/e.kosmolat.eu\/lt\/wp-json\/wp\/v2\/media\/98291"}],"wp:attachment":[{"href":"https:\/\/e.kosmolat.eu\/lt\/wp-json\/wp\/v2\/media?parent=70658"}],"wp:term":[{"taxonomy":"product_cat","embeddable":true,"href":"https:\/\/e.kosmolat.eu\/lt\/wp-json\/wp\/v2\/product_cat?post=70658"},{"taxonomy":"product_tag","embeddable":true,"href":"https:\/\/e.kosmolat.eu\/lt\/wp-json\/wp\/v2\/product_tag?post=70658"}],"curies":[{"name":"wp","href":"https:\/\/api.w.org\/{rel}","templated":true}]}}