{"id":70650,"date":"2025-06-01T17:50:50","date_gmt":"2025-06-01T17:50:50","guid":{"rendered":"https:\/\/e.kosmolat.eu\/product\/elitan-kremkrasa-uzac-un-skropst-nr-80-grafits-50-ml-50-ml\/"},"modified":"2026-04-22T06:04:34","modified_gmt":"2026-04-22T06:04:34","slug":"elitan-kremkrasa-uzac-un-skropst-nr-80-grafits-50-ml-50-ml","status":"publish","type":"product","link":"https:\/\/e.kosmolat.eu\/lt\/produktas\/elitan-kremkrasa-uzac-un-skropst-nr-80-grafits-50-ml-50-ml\/","title":{"rendered":"ELITAN Kremas-da\u017eai antakiams ir blakstienoms Nr.80 Grafitas, 50 ml\/ 50 ml"},"content":{"rendered":"<p>Ideali\u0105 veido odos prie\u017ei\u016br\u0105 da\u017eant antakius ir blakstienas suteikia speciali Jee Cosmetics linijos kosmetika.<br \/>\n&#8211; Tatuiruot\u0117s efektas<br \/>\n&#8211; Be amoniako<br \/>\n&#8211; Provitaminas B5<br \/>\n&#8211; UV filtras<\/p>\n<p><strong>Atsargumo priemon\u0117s:<\/strong><br \/>\nSud\u0117tyje yra vandenilio peroksido, rezorcinolio, fenilendiamin\u0173 (toluendiamin\u0173). Gali sukelti sunki\u0105 alergin\u0119 reakcij\u0105. 48 valandas prie\u0161 naudojim\u0105 atlikite alergijos test\u0105. Perskaitykite ir vykdykite instrukcijose pateiktus nurodymus. Nenaudoti jaunesniems nei 16 met\u0173 asmenims. Laikinos juodosios chna tatuiruot\u0117s padidina alergijos rizik\u0105. Nenaudoti, esant: b\u0117rimams ant veido,jei &nbsp;jautri, pa\u017eeista ir sudirgusi oda, pasirei\u0161k\u0117 alergini\u0173 reakcij\u0173 po plauk\u0173 da\u017eymo arba po laikinos juodos chna tatuiruot\u0117s. Vengti patekimo \u012f akis. Jei da\u017e\u0173 pateko \u012f akis, nedelsdami praplaukite dideliu kiekiu vandens, kreipkit\u0117s \u012f gydytoj\u0105. Sunaudoti vis\u0105 mi\u0161in\u012f i\u0161kart po paruo\u0161imo. Naudokite apsaugines pir\u0161tines.&nbsp;<br \/>\nNenaudokite metalini\u0173 daikt\u0173. Pasibaigus ekspozicijos laikui, mi\u0161in\u012f gerai nuplaukite. Laikyti vaikams nepasiekiamoje vietoje. Laikytis saugojimo s\u0105lyg\u0173. Profesionaliam naudojimui.<\/p>\n<p><strong>Paketo turinys:<\/strong><br \/>\nKreminiai da\u017eai, 50 ml<br \/>\nOksidacin\u0117 emulsija, 50 ml<br \/>\nAplikatorius 1 vnt.<br \/>\nInstrukcija 2 vnt.<br \/>\n&nbsp;<\/p>\n","protected":false},"excerpt":{"rendered":"<p>Ideali\u0105 veido odos prie\u017ei\u016br\u0105 da\u017eant antakius ir blakstienas suteikia speciali Jee Cosmetics linijos kosmetika. &#8211; Tatuiruot\u0117s efektas &#8211; Be amoniako &#8211; Provitaminas B5 &#8211; UV filtras Atsargumo priemon\u0117s: Sud\u0117tyje yra vandenilio peroksido, rezorcinolio, fenilendiamin\u0173 (toluendiamin\u0173). Gali sukelti sunki\u0105 alergin\u0119 reakcij\u0105. 48 valandas prie\u0161 naudojim\u0105 atlikite alergijos test\u0105. Perskaitykite ir vykdykite instrukcijose pateiktus nurodymus. Nenaudoti jaunesniems [&#8230;]\n","protected":false},"featured_media":98287,"template":"","meta":[],"product_cat":[1666],"product_tag":[],"class_list":{"0":"post-70650","1":"product","2":"type-product","3":"status-publish","4":"has-post-thumbnail","6":"product_brand-kombi_ua-lt","7":"product_cat-antakiu-ir-blakstienu-dazai","9":"first","10":"instock","11":"taxable","12":"shipping-taxable","13":"product-type-simple"},"_links":{"self":[{"href":"https:\/\/e.kosmolat.eu\/lt\/wp-json\/wp\/v2\/product\/70650","targetHints":{"allow":["GET"]}}],"collection":[{"href":"https:\/\/e.kosmolat.eu\/lt\/wp-json\/wp\/v2\/product"}],"about":[{"href":"https:\/\/e.kosmolat.eu\/lt\/wp-json\/wp\/v2\/types\/product"}],"wp:featuredmedia":[{"embeddable":true,"href":"https:\/\/e.kosmolat.eu\/lt\/wp-json\/wp\/v2\/media\/98287"}],"wp:attachment":[{"href":"https:\/\/e.kosmolat.eu\/lt\/wp-json\/wp\/v2\/media?parent=70650"}],"wp:term":[{"taxonomy":"product_cat","embeddable":true,"href":"https:\/\/e.kosmolat.eu\/lt\/wp-json\/wp\/v2\/product_cat?post=70650"},{"taxonomy":"product_tag","embeddable":true,"href":"https:\/\/e.kosmolat.eu\/lt\/wp-json\/wp\/v2\/product_tag?post=70650"}],"curies":[{"name":"wp","href":"https:\/\/api.w.org\/{rel}","templated":true}]}}