{"id":70642,"date":"2025-06-01T17:50:34","date_gmt":"2025-06-01T17:50:34","guid":{"rendered":"https:\/\/e.kosmolat.eu\/product\/jc-profilaktiska-zobu-pasta-3d-balinosa-50-ml\/"},"modified":"2026-04-24T06:12:41","modified_gmt":"2026-04-24T06:12:41","slug":"jc-profilaktiska-zobu-pasta-3d-balinosa-50-ml","status":"publish","type":"product","link":"https:\/\/e.kosmolat.eu\/lt\/produktas\/jc-profilaktiska-zobu-pasta-3d-balinosa-50-ml\/","title":{"rendered":"JEE COSMETICS Dant\u0173 pasta 3D Whitening, 50 ml"},"content":{"rendered":"<p>Nat\u016bralus pagrindas. Aktyviai kovoja su kariesu; efektyviai balina ir gaivina burn\u0105.<\/p>\n<p>Naudojimas: kasdieniniam naudojimui, 2-3 kartus per dien\u0105. Nenuryti. Sud\u0117tyje yra natrio monofluorofosfato. Fluoro mas\u0117s dalis 0,125 %, perskai\u010diavus \u012f fluor\u0105.<\/p>\n<p>Vaikams iki 6 m. naudokite \u017eirnio dyd\u017eio kiek\u012f, steb\u0117kite, kad nenuryt\u0173. Jeigu vartojami produktai, kuri\u0173 sud\u0117tyje yra fluorido, pasitarkite su odontologu arba gydytoju.<\/p>\n<p>Galiojimo laikas: 36 m\u0117n. Laikyti  nuo 5 C iki 25 C.<\/p>\n","protected":false},"excerpt":{"rendered":"<p>Nat\u016bralus pagrindas. Aktyviai kovoja su kariesu; efektyviai balina ir gaivina burn\u0105. Naudojimas: kasdieniniam naudojimui, 2-3 kartus per dien\u0105. Nenuryti. Sud\u0117tyje yra natrio monofluorofosfato. Fluoro mas\u0117s dalis 0,125 %, perskai\u010diavus \u012f fluor\u0105. Vaikams iki 6 m. naudokite \u017eirnio dyd\u017eio kiek\u012f, steb\u0117kite, kad nenuryt\u0173. Jeigu vartojami produktai, kuri\u0173 sud\u0117tyje yra fluorido, pasitarkite su odontologu arba gydytoju. Galiojimo [&#8230;]\n","protected":false},"featured_media":97098,"template":"","meta":[],"product_cat":[1308],"product_tag":[],"class_list":{"0":"post-70642","1":"product","2":"type-product","3":"status-publish","4":"has-post-thumbnail","6":"product_brand-kombi_ua-lt","7":"product_cat-dantu-pastos-ir-geliai","9":"first","10":"instock","11":"taxable","12":"shipping-taxable","13":"product-type-simple"},"_links":{"self":[{"href":"https:\/\/e.kosmolat.eu\/lt\/wp-json\/wp\/v2\/product\/70642","targetHints":{"allow":["GET"]}}],"collection":[{"href":"https:\/\/e.kosmolat.eu\/lt\/wp-json\/wp\/v2\/product"}],"about":[{"href":"https:\/\/e.kosmolat.eu\/lt\/wp-json\/wp\/v2\/types\/product"}],"wp:featuredmedia":[{"embeddable":true,"href":"https:\/\/e.kosmolat.eu\/lt\/wp-json\/wp\/v2\/media\/97098"}],"wp:attachment":[{"href":"https:\/\/e.kosmolat.eu\/lt\/wp-json\/wp\/v2\/media?parent=70642"}],"wp:term":[{"taxonomy":"product_cat","embeddable":true,"href":"https:\/\/e.kosmolat.eu\/lt\/wp-json\/wp\/v2\/product_cat?post=70642"},{"taxonomy":"product_tag","embeddable":true,"href":"https:\/\/e.kosmolat.eu\/lt\/wp-json\/wp\/v2\/product_tag?post=70642"}],"curies":[{"name":"wp","href":"https:\/\/api.w.org\/{rel}","templated":true}]}}