{"id":70634,"date":"2025-06-01T17:50:17","date_gmt":"2025-06-01T17:50:17","guid":{"rendered":"https:\/\/e.kosmolat.eu\/product\/jc-profilaktiska-zobu-pasta-svaiga-piparmetra-50-ml\/"},"modified":"2026-04-24T06:12:29","modified_gmt":"2026-04-24T06:12:29","slug":"jc-profilaktiska-zobu-pasta-svaiga-piparmetra-50-ml","status":"publish","type":"product","link":"https:\/\/e.kosmolat.eu\/lt\/produktas\/jc-profilaktiska-zobu-pasta-svaiga-piparmetra-50-ml\/","title":{"rendered":"JEE COSMETICS Profilaktin\u0117 dant\u0173 pasta \u0160vie\u017eia m\u0117ta, 50 ml"},"content":{"rendered":"<p>Nat\u016bralus pagrindas. Apsaugo dantenas ir gaivina burn\u0105.<\/p>\n<p>Naudojimas: kasdieniniam naudojimui, 2-3 kartus per dien\u0105. Nenuryti. Sud\u0117tyje yra natrio monofluorofosfato. Fluoro mas\u0117s dalis 0,125 %, perskai\u010diavus \u012f fluor\u0105.<\/p>\n<p>Vaikams iki 6 m. naudokite \u017eirnio dyd\u017eio kiek\u012f, steb\u0117kite, kad nenuryt\u0173. Jeigu vartojami produktai, kuri\u0173 sud\u0117tyje yra fluorido, pasitarkite su odontologu arba gydytoju.<\/p>\n<p>Galiojimo laikas: 36 m\u0117n. Laikyti  nuo 5 C iki 25 C.<\/p>\n","protected":false},"excerpt":{"rendered":"<p>Nat\u016bralus pagrindas. Apsaugo dantenas ir gaivina burn\u0105. Naudojimas: kasdieniniam naudojimui, 2-3 kartus per dien\u0105. Nenuryti. Sud\u0117tyje yra natrio monofluorofosfato. Fluoro mas\u0117s dalis 0,125 %, perskai\u010diavus \u012f fluor\u0105. Vaikams iki 6 m. naudokite \u017eirnio dyd\u017eio kiek\u012f, steb\u0117kite, kad nenuryt\u0173. Jeigu vartojami produktai, kuri\u0173 sud\u0117tyje yra fluorido, pasitarkite su odontologu arba gydytoju. Galiojimo laikas: 36 m\u0117n. Laikyti [&#8230;]\n","protected":false},"featured_media":97094,"template":"","meta":[],"product_cat":[1308],"product_tag":[],"class_list":{"0":"post-70634","1":"product","2":"type-product","3":"status-publish","4":"has-post-thumbnail","6":"product_brand-kombi_ua-lt","7":"product_cat-dantu-pastos-ir-geliai","9":"first","10":"instock","11":"taxable","12":"shipping-taxable","13":"product-type-simple"},"_links":{"self":[{"href":"https:\/\/e.kosmolat.eu\/lt\/wp-json\/wp\/v2\/product\/70634","targetHints":{"allow":["GET"]}}],"collection":[{"href":"https:\/\/e.kosmolat.eu\/lt\/wp-json\/wp\/v2\/product"}],"about":[{"href":"https:\/\/e.kosmolat.eu\/lt\/wp-json\/wp\/v2\/types\/product"}],"wp:featuredmedia":[{"embeddable":true,"href":"https:\/\/e.kosmolat.eu\/lt\/wp-json\/wp\/v2\/media\/97094"}],"wp:attachment":[{"href":"https:\/\/e.kosmolat.eu\/lt\/wp-json\/wp\/v2\/media?parent=70634"}],"wp:term":[{"taxonomy":"product_cat","embeddable":true,"href":"https:\/\/e.kosmolat.eu\/lt\/wp-json\/wp\/v2\/product_cat?post=70634"},{"taxonomy":"product_tag","embeddable":true,"href":"https:\/\/e.kosmolat.eu\/lt\/wp-json\/wp\/v2\/product_tag?post=70634"}],"curies":[{"name":"wp","href":"https:\/\/api.w.org\/{rel}","templated":true}]}}