{"id":70562,"date":"2025-06-01T16:15:36","date_gmt":"2025-06-01T16:15:36","guid":{"rendered":"https:\/\/e.kosmolat.eu\/product\/shelly-soft-blade-prof-lidzeklis-kutikulu-mikstinasanai-30-ml\/"},"modified":"2026-03-03T07:51:28","modified_gmt":"2026-03-03T07:51:28","slug":"shelly-soft-blade-prof-lidzeklis-kutikulu-mikstinasanai-30-ml","status":"publish","type":"product","link":"https:\/\/e.kosmolat.eu\/lt\/produktas\/shelly-soft-blade-prof-lidzeklis-kutikulu-mikstinasanai-30-ml\/","title":{"rendered":"SHELLY Soft Blade Profesionalus odeli\u0173 mink\u0161tiklis, 30 ml"},"content":{"rendered":"<p>Odeli\u0173 valiklis maniki\u016brui ir pediki\u016brui. <\/p>\n<p>Naudojimo instrukcijos: Tepkite ant odos aplink nagus ir nuimkite odeles pagaliuku ar stumtuvu.<\/p>\n<p>Atsargumo priemon\u0117s: Sud\u0117tyje yra \u0161arm\u0173. Vengti patekimo \u012f akis. Gali sukelti aklum\u0105. Laikyti vaikams nepasiekiamoje vietoje.<\/p>\n<p>Geriausias: 24 m\u0117nesiai nuo pagaminimo datos.<\/p>\n","protected":false},"excerpt":{"rendered":"<p>Odeli\u0173 valiklis maniki\u016brui ir pediki\u016brui. Naudojimo instrukcijos: Tepkite ant odos aplink nagus ir nuimkite odeles pagaliuku ar stumtuvu. Atsargumo priemon\u0117s: Sud\u0117tyje yra \u0161arm\u0173. Vengti patekimo \u012f akis. Gali sukelti aklum\u0105. Laikyti vaikams nepasiekiamoje vietoje. Geriausias: 24 m\u0117nesiai nuo pagaminimo datos.<\/p>\n","protected":false},"featured_media":100356,"template":"","meta":[],"product_cat":[2181],"product_tag":[],"class_list":{"0":"post-70562","1":"product","2":"type-product","3":"status-publish","4":"has-post-thumbnail","6":"product_brand-procare_ua-lt","7":"product_cat-bez-kategorijas-lt","9":"first","10":"outofstock","11":"taxable","12":"shipping-taxable","13":"product-type-simple"},"_links":{"self":[{"href":"https:\/\/e.kosmolat.eu\/lt\/wp-json\/wp\/v2\/product\/70562","targetHints":{"allow":["GET"]}}],"collection":[{"href":"https:\/\/e.kosmolat.eu\/lt\/wp-json\/wp\/v2\/product"}],"about":[{"href":"https:\/\/e.kosmolat.eu\/lt\/wp-json\/wp\/v2\/types\/product"}],"wp:featuredmedia":[{"embeddable":true,"href":"https:\/\/e.kosmolat.eu\/lt\/wp-json\/wp\/v2\/media\/100356"}],"wp:attachment":[{"href":"https:\/\/e.kosmolat.eu\/lt\/wp-json\/wp\/v2\/media?parent=70562"}],"wp:term":[{"taxonomy":"product_cat","embeddable":true,"href":"https:\/\/e.kosmolat.eu\/lt\/wp-json\/wp\/v2\/product_cat?post=70562"},{"taxonomy":"product_tag","embeddable":true,"href":"https:\/\/e.kosmolat.eu\/lt\/wp-json\/wp\/v2\/product_tag?post=70562"}],"curies":[{"name":"wp","href":"https:\/\/api.w.org\/{rel}","templated":true}]}}