{"id":70546,"date":"2025-06-01T15:00:56","date_gmt":"2025-06-01T15:00:56","guid":{"rendered":"https:\/\/e.kosmolat.eu\/product\/norka-kosmetiskais-vazelins-krems-ar-udelu-ellu-10-g\/"},"modified":"2026-04-02T08:24:56","modified_gmt":"2026-04-02T08:24:56","slug":"norka-kosmetiskais-vazelins-krems-ar-udelu-ellu-10-g","status":"publish","type":"product","link":"https:\/\/e.kosmolat.eu\/lt\/produktas\/norka-kosmetiskais-vazelins-krems-ar-udelu-ellu-10-g\/","title":{"rendered":"NORKA Kosmetinis vazelinas &#8211; kremas su audini\u0173 taukais, 10 g"},"content":{"rendered":"<p>Lengvai \u012fsiskverbia \u012f od\u0105, apsaugo epidermio l\u0105steles nuo prie\u0161laikinio sen\u0117jimo, gerina elastingum\u0105 ir maitina od\u0105.<\/p>\n<p>Naudojimas: plonu sluoksniu u\u017etepkite ant anks\u010diau nuvalytos odos.<\/p>\n<p>Geriausias: 36 m\u0117nesiai nuo pagaminimo datos.<\/p>\n","protected":false},"excerpt":{"rendered":"<p>Lengvai \u012fsiskverbia \u012f od\u0105, apsaugo epidermio l\u0105steles nuo prie\u0161laikinio sen\u0117jimo, gerina elastingum\u0105 ir maitina od\u0105. Naudojimas: plonu sluoksniu u\u017etepkite ant anks\u010diau nuvalytos odos. Geriausias: 36 m\u0117nesiai nuo pagaminimo datos.<\/p>\n","protected":false},"featured_media":100248,"template":"","meta":[],"product_cat":[2181],"product_tag":[],"class_list":{"0":"post-70546","1":"product","2":"type-product","3":"status-publish","4":"has-post-thumbnail","6":"product_brand-healer-cosmetics_ua-lt","7":"product_cat-bez-kategorijas-lt","9":"first","10":"instock","11":"taxable","12":"shipping-taxable","13":"product-type-simple"},"_links":{"self":[{"href":"https:\/\/e.kosmolat.eu\/lt\/wp-json\/wp\/v2\/product\/70546","targetHints":{"allow":["GET"]}}],"collection":[{"href":"https:\/\/e.kosmolat.eu\/lt\/wp-json\/wp\/v2\/product"}],"about":[{"href":"https:\/\/e.kosmolat.eu\/lt\/wp-json\/wp\/v2\/types\/product"}],"wp:featuredmedia":[{"embeddable":true,"href":"https:\/\/e.kosmolat.eu\/lt\/wp-json\/wp\/v2\/media\/100248"}],"wp:attachment":[{"href":"https:\/\/e.kosmolat.eu\/lt\/wp-json\/wp\/v2\/media?parent=70546"}],"wp:term":[{"taxonomy":"product_cat","embeddable":true,"href":"https:\/\/e.kosmolat.eu\/lt\/wp-json\/wp\/v2\/product_cat?post=70546"},{"taxonomy":"product_tag","embeddable":true,"href":"https:\/\/e.kosmolat.eu\/lt\/wp-json\/wp\/v2\/product_tag?post=70546"}],"curies":[{"name":"wp","href":"https:\/\/api.w.org\/{rel}","templated":true}]}}