{"id":70538,"date":"2025-06-01T14:35:29","date_gmt":"2025-06-01T14:35:29","guid":{"rendered":"https:\/\/e.kosmolat.eu\/product\/mf-kosmetisk-vazelins-aizsargajoss-75-ml\/"},"modified":"2025-08-28T06:13:10","modified_gmt":"2025-08-28T06:13:10","slug":"mf-kosmetisk-vazelins-aizsargajoss-75-ml","status":"publish","type":"product","link":"https:\/\/e.kosmolat.eu\/lt\/produktas\/mf-kosmetisk-vazelins-aizsargajoss-75-ml\/","title":{"rendered":"MF Kosm\u0113tisk. vazel\u012bns Aizsarg\u0101jo\u0161s, 75 ml"},"content":{"rendered":"<p>&quot;Aizsarg\u0101jo&scaron;s&quot; kosm\u0113tiskais vazel\u012bns ir \u012bpa&scaron;i izstr\u0101d\u0101ts intens\u012bvai roku un \u0137erme\u0146a \u0101das aizsardz\u012bbai un m\u012bkstin\u0101&scaron;anai. Pateicoties vazel\u012bna, paraf\u012bna un dab\u012bg\u0101 vaska saturam, tas nov\u0113r&scaron; dehidrat\u0101ciju un \u0101das lob\u012b&scaron;anos, uzlabo t\u0101s kr\u0101su un elast\u012bbu. Pateicoties antioksidanta \u012bpa&scaron;\u012bb\u0101m, E vitam\u012bns pal\u0113nina \u0101das noveco&scaron;an\u0101s procesus, savuk\u0101rt A vitam\u012bns stimul\u0113 \u0101das &scaron;\u016bnu atjauno&scaron;anos. Kop\u0101 A un E vitam\u012bni mitrina, baro un izl\u012bdzina roku un \u0137erme\u0146a \u0101du.<\/p>\n<p><strong>Lieto&scaron;ana:<\/strong> uzkl\u0101t pl\u0101n\u0101 k\u0101rt\u0101 uz iepriek&scaron; att\u012br\u012btas roku un \u0137erme\u0146a \u0101das p\u0113c nepiecie&scaron;am\u012bbas.<\/p>\n<p><strong>Br\u012bdin\u0101jums: <\/strong>tikai \u0101r\u012bgai lieto&scaron;anai. Satur A vitam\u012bnu. L\u016bgums pirms lieto&scaron;anas p\u0101rdom\u0101t savu dienas devu.<\/p>\n<p><strong>Kontrindik\u0101cijas:<\/strong> individu\u0101la sast\u0101vda\u013cu nepanesam\u012bba.<\/p>\n<p><strong>Uzglab\u0101&scaron;anas noteikumi:<\/strong> uzglab\u0101t b\u0113rniem nepieejam\u0101 viet\u0101, temperat\u016br\u0101 no +5 &deg;C l\u012bdz +25 &deg;C. Nelietot p\u0113c der\u012bguma termi\u0146a beig\u0101m.<\/p>\n<p>Nesatur alkoholu un m\u0101ksl\u012bgas kr\u0101svielas.<br \/>\n&nbsp;<\/p>\n","protected":false},"excerpt":{"rendered":"<p>&quot;Aizsarg\u0101jo&scaron;s&quot; kosm\u0113tiskais vazel\u012bns ir \u012bpa&scaron;i izstr\u0101d\u0101ts intens\u012bvai roku un \u0137erme\u0146a \u0101das aizsardz\u012bbai un m\u012bkstin\u0101&scaron;anai. Pateicoties vazel\u012bna, paraf\u012bna un dab\u012bg\u0101 vaska saturam, tas nov\u0113r&scaron; dehidrat\u0101ciju un \u0101das lob\u012b&scaron;anos, uzlabo t\u0101s kr\u0101su un elast\u012bbu. Pateicoties antioksidanta \u012bpa&scaron;\u012bb\u0101m, E vitam\u012bns pal\u0113nina \u0101das noveco&scaron;an\u0101s procesus, savuk\u0101rt A vitam\u012bns stimul\u0113 \u0101das &scaron;\u016bnu atjauno&scaron;anos. Kop\u0101 A un E vitam\u012bni mitrina, baro [&#8230;]\n","protected":false},"featured_media":70540,"template":"","meta":[],"product_cat":[1390],"product_tag":[],"class_list":{"0":"post-70538","1":"product","2":"type-product","3":"status-publish","4":"has-post-thumbnail","6":"product_brand-medical-fort_by-lt","7":"product_cat-kremai-aliejai-kuno-pienelis","9":"first","10":"outofstock","11":"taxable","12":"shipping-taxable","13":"product-type-simple"},"_links":{"self":[{"href":"https:\/\/e.kosmolat.eu\/lt\/wp-json\/wp\/v2\/product\/70538","targetHints":{"allow":["GET"]}}],"collection":[{"href":"https:\/\/e.kosmolat.eu\/lt\/wp-json\/wp\/v2\/product"}],"about":[{"href":"https:\/\/e.kosmolat.eu\/lt\/wp-json\/wp\/v2\/types\/product"}],"wp:featuredmedia":[{"embeddable":true,"href":"https:\/\/e.kosmolat.eu\/lt\/wp-json\/wp\/v2\/media\/70540"}],"wp:attachment":[{"href":"https:\/\/e.kosmolat.eu\/lt\/wp-json\/wp\/v2\/media?parent=70538"}],"wp:term":[{"taxonomy":"product_cat","embeddable":true,"href":"https:\/\/e.kosmolat.eu\/lt\/wp-json\/wp\/v2\/product_cat?post=70538"},{"taxonomy":"product_tag","embeddable":true,"href":"https:\/\/e.kosmolat.eu\/lt\/wp-json\/wp\/v2\/product_tag?post=70538"}],"curies":[{"name":"wp","href":"https:\/\/api.w.org\/{rel}","templated":true}]}}