{"id":70530,"date":"2025-06-01T14:07:58","date_gmt":"2025-06-01T14:07:58","guid":{"rendered":"https:\/\/e.kosmolat.eu\/product\/deba-vitamin-c-micelarais-toniks-sejai-200-ml\/"},"modified":"2026-04-17T11:16:39","modified_gmt":"2026-04-17T11:16:39","slug":"deba-vitamin-c-micelarais-toniks-sejai-200-ml","status":"publish","type":"product","link":"https:\/\/e.kosmolat.eu\/lt\/produktas\/deba-vitamin-c-micelarais-toniks-sejai-200-ml\/","title":{"rendered":"DeBa Vitaminas C Micelinis veido tonikas, 200 ml"},"content":{"rendered":"<p>Tinka visiems odos tipams, kasdieniniam naudojimui.<br \/>\nValomasis micelinis tonikas pad\u0117s greitai ir lengvai pa&scaron;alinti makia\u017e\u0105 nuo veido. Tuo pa\u010diu metu ji sudr\u0117kins, atgaivins ir nuramins od\u0105. Formul\u0117 praturtinta vitaminu C ir tinka veganams.<\/p>\n<p><strong>Aktyv\u016bs ingredientai:<\/strong><\/p>\n<p><strong>Vitaminas C<\/strong> yra galingas antioksidantas, kuris suvienodina odos atspalv\u012f ir skaistina.<br \/>\n<strong>Bio ro\u017ei\u0173 vanduo<\/strong> &ndash; gaivina ir ramina od\u0105.<\/p>\n<p><strong>Naudojimas:<\/strong> Sudr4kinkite toniku vatos diskel\u012f ir &scaron;velniai nuvalykite veido, kaklo ir dekolt\u0117 od\u0105.<br \/>\n&nbsp;<\/p>\n","protected":false},"excerpt":{"rendered":"<p>Tinka visiems odos tipams, kasdieniniam naudojimui. Valomasis micelinis tonikas pad\u0117s greitai ir lengvai pa&scaron;alinti makia\u017e\u0105 nuo veido. Tuo pa\u010diu metu ji sudr\u0117kins, atgaivins ir nuramins od\u0105. Formul\u0117 praturtinta vitaminu C ir tinka veganams. Aktyv\u016bs ingredientai: Vitaminas C yra galingas antioksidantas, kuris suvienodina odos atspalv\u012f ir skaistina. Bio ro\u017ei\u0173 vanduo &ndash; gaivina ir ramina od\u0105. Naudojimas: [&#8230;]\n","protected":false},"featured_media":90990,"template":"","meta":[],"product_cat":[1580],"product_tag":[],"class_list":{"0":"post-70530","1":"product","2":"type-product","3":"status-publish","4":"has-post-thumbnail","6":"product_brand-rubella-bg-lt","7":"product_cat-losjonai-ir-tonikai","9":"first","10":"outofstock","11":"taxable","12":"shipping-taxable","13":"product-type-simple"},"_links":{"self":[{"href":"https:\/\/e.kosmolat.eu\/lt\/wp-json\/wp\/v2\/product\/70530","targetHints":{"allow":["GET"]}}],"collection":[{"href":"https:\/\/e.kosmolat.eu\/lt\/wp-json\/wp\/v2\/product"}],"about":[{"href":"https:\/\/e.kosmolat.eu\/lt\/wp-json\/wp\/v2\/types\/product"}],"wp:featuredmedia":[{"embeddable":true,"href":"https:\/\/e.kosmolat.eu\/lt\/wp-json\/wp\/v2\/media\/90990"}],"wp:attachment":[{"href":"https:\/\/e.kosmolat.eu\/lt\/wp-json\/wp\/v2\/media?parent=70530"}],"wp:term":[{"taxonomy":"product_cat","embeddable":true,"href":"https:\/\/e.kosmolat.eu\/lt\/wp-json\/wp\/v2\/product_cat?post=70530"},{"taxonomy":"product_tag","embeddable":true,"href":"https:\/\/e.kosmolat.eu\/lt\/wp-json\/wp\/v2\/product_tag?post=70530"}],"curies":[{"name":"wp","href":"https:\/\/api.w.org\/{rel}","templated":true}]}}