{"id":70522,"date":"2025-06-01T13:50:53","date_gmt":"2025-06-01T13:50:53","guid":{"rendered":"https:\/\/e.kosmolat.eu\/product\/i_hs-kids-bernu-dus-zel-laims-un-piparmetra-2in1-400-ml\/"},"modified":"2026-03-31T20:26:36","modified_gmt":"2026-03-31T20:26:36","slug":"i_hs-kids-bernu-dus-zel-laims-un-piparmetra-2in1-400-ml","status":"publish","type":"product","link":"https:\/\/e.kosmolat.eu\/lt\/produktas\/i_hs-kids-bernu-dus-zel-laims-un-piparmetra-2in1-400-ml\/","title":{"rendered":"HISKIN KIDS vaiki\u0161ka du\u0161o \u017eel\u0117 Laimai ir M\u0117tos 2 in 1, 400 ml"},"content":{"rendered":"<p>M\u0117gaukit\u0117s vonia su nuostabiai aromatingomis putomis, kurios suteiks jums daug malonumo ir taip pat pasir\u016bpins j\u016bs\u0173 odos sveikata ir gro\u017eiu.&nbsp;Sud\u0117tyje yra 98% nat\u016brali\u0173 ingredient\u0173, \u012fskaitant alavij\u0173 lap\u0173 sultis, kurios yra puikus daugelio vitamin\u0173, mineral\u0173 ir ferment\u0173 &scaron;altinis. Alavijas ir trehaloz\u0117 padeda palaikyti tinkam\u0105 odos hidratacijos lyg\u012f, o pantenolis atkuria od\u0105, ji tampa lyg aksomin\u0117. Jei neturite laiko i&scaron;simaudyti vonioje, priemon\u0119 galima naudoti kaip du&scaron;o \u017eel\u0117.<\/p>\n<p><strong>Naudojimas: <\/strong>nedidel\u012f kiek\u012f gelio u\u017etepkite ant delno ar kempin\u0117s ir i&scaron;tepkite od\u0105 bei plaukus. Nuplaukite vandeniu.<\/p>\n<p>Dermatologi&scaron;kai patikrintas.<br \/>\n&nbsp;<\/p>\n","protected":false},"excerpt":{"rendered":"<p>M\u0117gaukit\u0117s vonia su nuostabiai aromatingomis putomis, kurios suteiks jums daug malonumo ir taip pat pasir\u016bpins j\u016bs\u0173 odos sveikata ir gro\u017eiu.&nbsp;Sud\u0117tyje yra 98% nat\u016brali\u0173 ingredient\u0173, \u012fskaitant alavij\u0173 lap\u0173 sultis, kurios yra puikus daugelio vitamin\u0173, mineral\u0173 ir ferment\u0173 &scaron;altinis. Alavijas ir trehaloz\u0117 padeda palaikyti tinkam\u0105 odos hidratacijos lyg\u012f, o pantenolis atkuria od\u0105, ji tampa lyg aksomin\u0117. Jei [&#8230;]\n","protected":false},"featured_media":90526,"template":"","meta":[],"product_cat":[1799],"product_tag":[],"class_list":{"0":"post-70522","1":"product","2":"type-product","3":"status-publish","4":"has-post-thumbnail","6":"product_brand-hiskin_pl-lt","7":"product_cat-duso-geliai-muilas-vonios-putos","9":"first","10":"outofstock","11":"taxable","12":"shipping-taxable","13":"product-type-simple"},"_links":{"self":[{"href":"https:\/\/e.kosmolat.eu\/lt\/wp-json\/wp\/v2\/product\/70522","targetHints":{"allow":["GET"]}}],"collection":[{"href":"https:\/\/e.kosmolat.eu\/lt\/wp-json\/wp\/v2\/product"}],"about":[{"href":"https:\/\/e.kosmolat.eu\/lt\/wp-json\/wp\/v2\/types\/product"}],"wp:featuredmedia":[{"embeddable":true,"href":"https:\/\/e.kosmolat.eu\/lt\/wp-json\/wp\/v2\/media\/90526"}],"wp:attachment":[{"href":"https:\/\/e.kosmolat.eu\/lt\/wp-json\/wp\/v2\/media?parent=70522"}],"wp:term":[{"taxonomy":"product_cat","embeddable":true,"href":"https:\/\/e.kosmolat.eu\/lt\/wp-json\/wp\/v2\/product_cat?post=70522"},{"taxonomy":"product_tag","embeddable":true,"href":"https:\/\/e.kosmolat.eu\/lt\/wp-json\/wp\/v2\/product_tag?post=70522"}],"curies":[{"name":"wp","href":"https:\/\/api.w.org\/{rel}","templated":true}]}}