{"id":70514,"date":"2025-06-01T13:23:01","date_gmt":"2025-06-01T13:23:01","guid":{"rendered":"https:\/\/e.kosmolat.eu\/product\/shik-uti-puti-tual-ziepes-berniem-ar-celtekas-ekstraktu-75-g\/"},"modified":"2026-04-01T12:16:54","modified_gmt":"2026-04-01T12:16:54","slug":"shik-uti-puti-tual-ziepes-berniem-ar-celtekas-ekstraktu-75-g","status":"publish","type":"product","link":"https:\/\/e.kosmolat.eu\/lt\/produktas\/shik-uti-puti-tual-ziepes-berniem-ar-celtekas-ekstraktu-75-g\/","title":{"rendered":"SHIK Uti-Puti Vaiki\u0161kas tualetinis muilas su gyslo\u010di\u0173 ekstraktu, 75 g"},"content":{"rendered":"<p><strong>Geriausias:<\/strong> 5 metai nuo pagaminimo datos.<\/p>\n<p>Laikyti sausose, u\u017edarose, gerai v\u0117dinamose patalpose.<br \/>\n&nbsp;<\/p>\n","protected":false},"excerpt":{"rendered":"<p>Geriausias: 5 metai nuo pagaminimo datos. Laikyti sausose, u\u017edarose, gerai v\u0117dinamose patalpose. &nbsp;<\/p>\n","protected":false},"featured_media":89590,"template":"","meta":[],"product_cat":[1799],"product_tag":[],"class_list":{"0":"post-70514","1":"product","2":"type-product","3":"status-publish","4":"has-post-thumbnail","6":"product_brand-slobozanskij-milovar_ua-lt","7":"product_cat-duso-geliai-muilas-vonios-putos","9":"first","10":"instock","11":"taxable","12":"shipping-taxable","13":"product-type-simple"},"_links":{"self":[{"href":"https:\/\/e.kosmolat.eu\/lt\/wp-json\/wp\/v2\/product\/70514","targetHints":{"allow":["GET"]}}],"collection":[{"href":"https:\/\/e.kosmolat.eu\/lt\/wp-json\/wp\/v2\/product"}],"about":[{"href":"https:\/\/e.kosmolat.eu\/lt\/wp-json\/wp\/v2\/types\/product"}],"wp:featuredmedia":[{"embeddable":true,"href":"https:\/\/e.kosmolat.eu\/lt\/wp-json\/wp\/v2\/media\/89590"}],"wp:attachment":[{"href":"https:\/\/e.kosmolat.eu\/lt\/wp-json\/wp\/v2\/media?parent=70514"}],"wp:term":[{"taxonomy":"product_cat","embeddable":true,"href":"https:\/\/e.kosmolat.eu\/lt\/wp-json\/wp\/v2\/product_cat?post=70514"},{"taxonomy":"product_tag","embeddable":true,"href":"https:\/\/e.kosmolat.eu\/lt\/wp-json\/wp\/v2\/product_tag?post=70514"}],"curies":[{"name":"wp","href":"https:\/\/api.w.org\/{rel}","templated":true}]}}