{"id":70498,"date":"2025-06-01T13:19:40","date_gmt":"2025-06-01T13:19:40","guid":{"rendered":"https:\/\/e.kosmolat.eu\/product\/spkrug-hialuronskabe-3-gels-40-g\/"},"modified":"2026-04-02T13:09:16","modified_gmt":"2026-04-02T13:09:16","slug":"spkrug-hialuronskabe-3-gels-40-g","status":"publish","type":"product","link":"https:\/\/e.kosmolat.eu\/lt\/produktas\/spkrug-hialuronskabe-3-gels-40-g\/","title":{"rendered":"SPASATELNIJ KRUG Hialurono r\u016bg\u0161tis 3% gelis, 40 g"},"content":{"rendered":"<p>Kosmetin\u0117 priemon\u0117 intensyviam odos dr\u0117kinimui<\/p>\n<p><strong>Naudojimas: <\/strong>Tepkite ant &scaron;varios ir sausos odos.<\/p>\n<p>Laikyti nuo +2&deg;C iki +25&deg;C temperat\u016broje.<br \/>\n&nbsp;<\/p>\n","protected":false},"excerpt":{"rendered":"<p>Kosmetin\u0117 priemon\u0117 intensyviam odos dr\u0117kinimui Naudojimas: Tepkite ant &scaron;varios ir sausos odos. Laikyti nuo +2&deg;C iki +25&deg;C temperat\u016broje. &nbsp;<\/p>\n","protected":false},"featured_media":89474,"template":"","meta":[],"product_cat":[1599],"product_tag":[],"class_list":{"0":"post-70498","1":"product","2":"type-product","3":"status-publish","4":"has-post-thumbnail","6":"product_brand-elpis-lt","7":"product_cat-aliejai-ir-kitos-specifines-priemones","9":"first","10":"outofstock","11":"taxable","12":"shipping-taxable","13":"product-type-simple"},"_links":{"self":[{"href":"https:\/\/e.kosmolat.eu\/lt\/wp-json\/wp\/v2\/product\/70498","targetHints":{"allow":["GET"]}}],"collection":[{"href":"https:\/\/e.kosmolat.eu\/lt\/wp-json\/wp\/v2\/product"}],"about":[{"href":"https:\/\/e.kosmolat.eu\/lt\/wp-json\/wp\/v2\/types\/product"}],"wp:featuredmedia":[{"embeddable":true,"href":"https:\/\/e.kosmolat.eu\/lt\/wp-json\/wp\/v2\/media\/89474"}],"wp:attachment":[{"href":"https:\/\/e.kosmolat.eu\/lt\/wp-json\/wp\/v2\/media?parent=70498"}],"wp:term":[{"taxonomy":"product_cat","embeddable":true,"href":"https:\/\/e.kosmolat.eu\/lt\/wp-json\/wp\/v2\/product_cat?post=70498"},{"taxonomy":"product_tag","embeddable":true,"href":"https:\/\/e.kosmolat.eu\/lt\/wp-json\/wp\/v2\/product_tag?post=70498"}],"curies":[{"name":"wp","href":"https:\/\/api.w.org\/{rel}","templated":true}]}}