{"id":70478,"date":"2025-06-01T11:20:58","date_gmt":"2025-06-01T11:20:58","guid":{"rendered":"https:\/\/e.kosmolat.eu\/product\/cz-sejas-mazg-krems-zeleja-sausai-un-jut-adai-110-ml\/"},"modified":"2025-06-05T05:12:52","modified_gmt":"2025-06-05T05:12:52","slug":"cz-sejas-mazg-krems-zeleja-sausai-un-jut-adai-110-ml","status":"publish","type":"product","link":"https:\/\/e.kosmolat.eu\/lt\/produktas\/cz-sejas-mazg-krems-zeleja-sausai-un-jut-adai-110-ml\/","title":{"rendered":"\u010cIORNYJ \u017dEM\u010cIUG Veido prausimo gelis-kremas sausai ir jautriai odai, 110 ml"},"content":{"rendered":"<p>Dvigubas valymas ir komfortas. Valymas + prie\u017ei\u016bra yra naujas valymo standartas. Unikali technologija: formul\u0117 su 20% aktyvaus serumo, kolageno, kamelij\u0173 aliejaus ir hialurono dr\u0117kina, maitina ir gerina odos elastingum\u0105 jos valymo stadijoje. Veikia ir toliau net nuplovus. Odos prie\u017ei\u016bra tampa 2 kartus efektyvesn\u0117.<\/p>\n<p><strong>Naudojimas: <\/strong>Tepkite krem\u0105-gel\u012f ant dr\u0117gnos veido masa\u017euojan\u010diais judesiais, tada nuplaukite vandeniu.<\/p>\n<p>Laikyti nuo 0&deg;C iki +25&deg;C temperat\u016broje.<\/p>\n<p><strong>Galiojimo laikas:<\/strong> 36 m\u0117nesiai nuo pagaminimo datos.<br \/>\n&nbsp;<\/p>\n","protected":false},"excerpt":{"rendered":"<p>Dvigubas valymas ir komfortas. Valymas + prie\u017ei\u016bra yra naujas valymo standartas. Unikali technologija: formul\u0117 su 20% aktyvaus serumo, kolageno, kamelij\u0173 aliejaus ir hialurono dr\u0117kina, maitina ir gerina odos elastingum\u0105 jos valymo stadijoje. Veikia ir toliau net nuplovus. Odos prie\u017ei\u016bra tampa 2 kartus efektyvesn\u0117. Naudojimas: Tepkite krem\u0105-gel\u012f ant dr\u0117gnos veido masa\u017euojan\u010diais judesiais, tada nuplaukite vandeniu. Laikyti [&#8230;]\n","protected":false},"featured_media":624,"template":"","meta":[],"product_cat":[1577],"product_tag":[],"class_list":{"0":"post-70478","1":"product","2":"type-product","3":"status-publish","4":"has-post-thumbnail","6":"product_brand-unilever-ua-lt","7":"product_cat-gelis","9":"first","10":"outofstock","11":"taxable","12":"shipping-taxable","13":"product-type-simple"},"_links":{"self":[{"href":"https:\/\/e.kosmolat.eu\/lt\/wp-json\/wp\/v2\/product\/70478","targetHints":{"allow":["GET"]}}],"collection":[{"href":"https:\/\/e.kosmolat.eu\/lt\/wp-json\/wp\/v2\/product"}],"about":[{"href":"https:\/\/e.kosmolat.eu\/lt\/wp-json\/wp\/v2\/types\/product"}],"wp:featuredmedia":[{"embeddable":true,"href":"https:\/\/e.kosmolat.eu\/lt\/wp-json\/wp\/v2\/media\/624"}],"wp:attachment":[{"href":"https:\/\/e.kosmolat.eu\/lt\/wp-json\/wp\/v2\/media?parent=70478"}],"wp:term":[{"taxonomy":"product_cat","embeddable":true,"href":"https:\/\/e.kosmolat.eu\/lt\/wp-json\/wp\/v2\/product_cat?post=70478"},{"taxonomy":"product_tag","embeddable":true,"href":"https:\/\/e.kosmolat.eu\/lt\/wp-json\/wp\/v2\/product_tag?post=70478"}],"curies":[{"name":"wp","href":"https:\/\/api.w.org\/{rel}","templated":true}]}}