{"id":70462,"date":"2025-06-01T10:50:05","date_gmt":"2025-06-01T10:50:05","guid":{"rendered":"https:\/\/e.kosmolat.eu\/product\/i_naturpro-100-nerafineta-kokosella-400-ml\/"},"modified":"2026-02-02T07:13:21","modified_gmt":"2026-02-02T07:13:21","slug":"i_naturpro-100-nerafineta-kokosriekstu-ella-400-ml","status":"publish","type":"product","link":"https:\/\/e.kosmolat.eu\/lt\/produktas\/i_naturpro-100-nerafineta-kokosriekstu-ella-400-ml\/","title":{"rendered":"NATURPRO 100% Nerafinuotas kokos\u0173 aliejus, 400 ml"},"content":{"rendered":"<p>Nerafinuotas \u0161alto spaudimo grynas kokos\u0173 aliejus<br \/>\nNat\u016brali prie\u017ei\u016bra plaukams ir odai!<br \/>\n<strong>Plaukams:<\/strong><br \/>\n&#8211; giliai atkuria plaukus<br \/>\n&#8211; Apsaugo nuo plauk\u0173 slinkimo ir dr\u0117kina pa\u017eeistus plaukus<br \/>\n&#8211; suteikia plaukams elastingumo ir \u017evilgesio<br \/>\n<strong>Odai:<\/strong><br \/>\n&#8211; giliai dr\u0117kina od\u0105<br \/>\n&#8211; mink\u0161tina ir maitina k\u016bno od\u0105<br \/>\n-ma\u017eina nuovargio po\u017eymius ir l\u0117tina odos sen\u0117jimo procesus<br \/>\n<strong>Naudojimas: Plaukams:<\/strong> reikiamu kiekiu kokos\u0173 aliejaus i\u0161tepkite plaukus ir galvos od\u0105. Paskirstykite per vis\u0105 plauk\u0173 ilg\u012f. Laikyti 30-60 minu\u010di\u0173. Kruop\u0161\u010diai i\u0161skalaukite plaukus \u0161amp\u016bnu, kol visi\u0161kai nebeliks aliejaus liku\u010di\u0173.&nbsp;<br \/>\n<strong>K\u016bnui: <\/strong>reikiam\u0105 kiek\u012f kokos\u0173 aliejaus masa\u017einiais judesiais u\u017etepkite ant dr\u0117gnos odos. \u012etrinkite, kol visi\u0161kai \u012fsigers. Rekomenduojama naudoti kaip masa\u017eo aliej\u0173.&nbsp;<br \/>\nAtsargiai: Tik i\u0161oriniam naudojimui. Vengti patekimo \u012f akis ir gleivines. Patekus \u012f akis, praplauti dideliu kiekiu tekan\u010dio &nbsp;vandens. U\u017e\u0161\u0105la esant \u017eemesnei nei +22&deg;C temperat\u016brai. Naudokite tik skystoje b\u016bsenoje. Kad aliejus sumink\u0161t\u0117t\u0173, buteliuk\u0105 palaikykite &nbsp;kar\u0161tame vandenyje.<br \/>\nKontraindikacijos: individualus netoleravimas aliejaus komponentams. Laikyti nuo +5&deg;C iki +25&deg;C temperat\u016broje, &nbsp;55-70% santykin\u0117je oro dr\u0117gm\u0117 je 55-70%, saugoti nuo tiesiogini\u0173 saul\u0117s spinduli\u0173, ma\u017eiausiai vieno metro atstumu nuo auk\u0161tos temperat\u016bros \u0161altini\u0173.<br \/>\n&nbsp;<\/p>\n","protected":false},"excerpt":{"rendered":"<p>Nerafinuotas \u0161alto spaudimo grynas kokos\u0173 aliejus Nat\u016brali prie\u017ei\u016bra plaukams ir odai! Plaukams: &#8211; giliai atkuria plaukus &#8211; Apsaugo nuo plauk\u0173 slinkimo ir dr\u0117kina pa\u017eeistus plaukus &#8211; suteikia plaukams elastingumo ir \u017evilgesio Odai: &#8211; giliai dr\u0117kina od\u0105 &#8211; mink\u0161tina ir maitina k\u016bno od\u0105 -ma\u017eina nuovargio po\u017eymius ir l\u0117tina odos sen\u0117jimo procesus Naudojimas: Plaukams: reikiamu kiekiu kokos\u0173 [&#8230;]\n","protected":false},"featured_media":87066,"template":"","meta":[],"product_cat":[2181],"product_tag":[],"class_list":{"0":"post-70462","1":"product","2":"type-product","3":"status-publish","4":"has-post-thumbnail","6":"product_brand-naturpro_ua-lt","7":"product_cat-bez-kategorijas-lt","9":"first","10":"outofstock","11":"taxable","12":"shipping-taxable","13":"product-type-simple"},"_links":{"self":[{"href":"https:\/\/e.kosmolat.eu\/lt\/wp-json\/wp\/v2\/product\/70462","targetHints":{"allow":["GET"]}}],"collection":[{"href":"https:\/\/e.kosmolat.eu\/lt\/wp-json\/wp\/v2\/product"}],"about":[{"href":"https:\/\/e.kosmolat.eu\/lt\/wp-json\/wp\/v2\/types\/product"}],"wp:featuredmedia":[{"embeddable":true,"href":"https:\/\/e.kosmolat.eu\/lt\/wp-json\/wp\/v2\/media\/87066"}],"wp:attachment":[{"href":"https:\/\/e.kosmolat.eu\/lt\/wp-json\/wp\/v2\/media?parent=70462"}],"wp:term":[{"taxonomy":"product_cat","embeddable":true,"href":"https:\/\/e.kosmolat.eu\/lt\/wp-json\/wp\/v2\/product_cat?post=70462"},{"taxonomy":"product_tag","embeddable":true,"href":"https:\/\/e.kosmolat.eu\/lt\/wp-json\/wp\/v2\/product_tag?post=70462"}],"curies":[{"name":"wp","href":"https:\/\/api.w.org\/{rel}","templated":true}]}}