{"id":70454,"date":"2025-06-01T10:49:43","date_gmt":"2025-06-01T10:49:43","guid":{"rendered":"https:\/\/e.kosmolat.eu\/product\/i_naturpro-100-naturala-kokosella-200-ml\/"},"modified":"2025-10-28T15:32:18","modified_gmt":"2025-10-28T15:32:18","slug":"naturpro-100-dabiga-kokosriekstu-ella-200-ml","status":"publish","type":"product","link":"https:\/\/e.kosmolat.eu\/lt\/produktas\/naturpro-100-dabiga-kokosriekstu-ella-200-ml\/","title":{"rendered":"NATURPRO 100% Nat\u016bralus kokos\u0173 aliejus, 200 ml"},"content":{"rendered":"<p>Gili nat\u016brali plauk\u0173 ir odos prie\u017ei\u016bra!<br \/>\n<strong>Odai:<\/strong><br \/>\n&#8211; giliai dr\u0117kina od\u0105<br \/>\n&#8211; mink\u0161tina ir maitina<br \/>\n-ma\u017eina nuovargio po\u017eymius ir l\u0117tina odos sen\u0117jimo procesus<br \/>\n<strong>Plaukams:<\/strong><br \/>\n&#8211; giliai atkuria plaukus<br \/>\n&#8211; Apsaugo nuo plauk\u0173 slinkimo ir dr\u0117kina pa\u017eeistus plaukus<br \/>\n&#8211; suteikia plaukams elastingumo ir \u017evilgesio<br \/>\n<strong>Naudojimas: K\u016bnui:<\/strong> reikiam\u0105 kiek\u012f kokos\u0173 aliejaus masa\u017einiais judesiais u\u017etepkite ant dr\u0117gnos odos. \u012etrinkite, kol visi\u0161kai \u012fsigers. Rekomenduojama naudoti kaip masa\u017eo aliej\u0173. <strong>Plaukams:<\/strong> i\u0161tepkite plaukus ir galvos od\u0105 atitinkamu kiekiu kokos\u0173 aliejaus. Paskirstykite per vis\u0105 plauk\u0173 ilg\u012f.<br \/>\nLaikyti 30-60 minu\u010di\u0173. Kruop\u0161\u010diai i\u0161skalaukite plaukus \u0161amp\u016bnu, kol visi\u0161kai nebeliks aliejaus liku\u010di\u0173.<br \/>\nAtsargiai: Tik i\u0161oriniam naudojimui. Vengti patekimo \u012f akis ir gleivines. Patekus \u012f akis, praplauti dideliu kiekiu tekan\u010dio &nbsp;vandens. U\u017e\u0161\u0105la esant \u017eemesnei nei +22&deg;C temperat\u016brai. Naudokite tik skystoje b\u016bsenoje. Kad aliejus sumink\u0161t\u0117t\u0173, buteliuk\u0105 palaikykite &nbsp;kar\u0161tame vandenyje.<br \/>\nKontraindikacijos: individualus netoleravimas aliejaus komponentams. Laikyti nuo +5&deg;C iki +25&deg;C temperat\u016broje, &nbsp;55-70% santykin\u0117je oro dr\u0117gm\u0117 je 55-70%, saugoti nuo tiesiogini\u0173 saul\u0117s spinduli\u0173, ma\u017eiausiai vieno metro atstumu nuo auk\u0161tos temperat\u016bros \u0161altini\u0173.<br \/>\n&nbsp;<\/p>\n","protected":false},"excerpt":{"rendered":"<p>Gili nat\u016brali plauk\u0173 ir odos prie\u017ei\u016bra! Odai: &#8211; giliai dr\u0117kina od\u0105 &#8211; mink\u0161tina ir maitina -ma\u017eina nuovargio po\u017eymius ir l\u0117tina odos sen\u0117jimo procesus Plaukams: &#8211; giliai atkuria plaukus &#8211; Apsaugo nuo plauk\u0173 slinkimo ir dr\u0117kina pa\u017eeistus plaukus &#8211; suteikia plaukams elastingumo ir \u017evilgesio Naudojimas: K\u016bnui: reikiam\u0105 kiek\u012f kokos\u0173 aliejaus masa\u017einiais judesiais u\u017etepkite ant dr\u0117gnos odos. [&#8230;]\n","protected":false},"featured_media":87062,"template":"","meta":[],"product_cat":[2181],"product_tag":[],"class_list":{"0":"post-70454","1":"product","2":"type-product","3":"status-publish","4":"has-post-thumbnail","6":"product_brand-naturpro_ua-lt","7":"product_cat-bez-kategorijas-lt","9":"first","10":"outofstock","11":"taxable","12":"shipping-taxable","13":"product-type-simple"},"_links":{"self":[{"href":"https:\/\/e.kosmolat.eu\/lt\/wp-json\/wp\/v2\/product\/70454","targetHints":{"allow":["GET"]}}],"collection":[{"href":"https:\/\/e.kosmolat.eu\/lt\/wp-json\/wp\/v2\/product"}],"about":[{"href":"https:\/\/e.kosmolat.eu\/lt\/wp-json\/wp\/v2\/types\/product"}],"wp:featuredmedia":[{"embeddable":true,"href":"https:\/\/e.kosmolat.eu\/lt\/wp-json\/wp\/v2\/media\/87062"}],"wp:attachment":[{"href":"https:\/\/e.kosmolat.eu\/lt\/wp-json\/wp\/v2\/media?parent=70454"}],"wp:term":[{"taxonomy":"product_cat","embeddable":true,"href":"https:\/\/e.kosmolat.eu\/lt\/wp-json\/wp\/v2\/product_cat?post=70454"},{"taxonomy":"product_tag","embeddable":true,"href":"https:\/\/e.kosmolat.eu\/lt\/wp-json\/wp\/v2\/product_tag?post=70454"}],"curies":[{"name":"wp","href":"https:\/\/api.w.org\/{rel}","templated":true}]}}