{"id":70446,"date":"2025-06-01T10:49:03","date_gmt":"2025-06-01T10:49:03","guid":{"rendered":"https:\/\/e.kosmolat.eu\/product\/i_bd-regenerejoss-roku-krems-cica-75-ml\/"},"modified":"2026-03-09T09:55:14","modified_gmt":"2026-03-09T09:55:14","slug":"i_bd-regenerejoss-roku-krems-cica-75-ml","status":"publish","type":"product","link":"https:\/\/e.kosmolat.eu\/lt\/produktas\/i_bd-regenerejoss-roku-krems-cica-75-ml\/","title":{"rendered":"BEAUTYDERM Regeneruojantis rank\u0173 kremas CICA, 75 ml"},"content":{"rendered":"<p>Sukurtas intensyviai i\u0161saus\u0117jusioms ir \u0161iurk\u0161\u010dioms rankoms atstatyti, nepaliekant riebumo ar lipnumo jausmo.<br \/>\n<strong>Veikliosios med\u017eiagos:<\/strong><br \/>\nCentella asiatica ekstraktas ramina, r\u016bpinasi nedideliais pa\u017eeidimais ir padeda kovoti su odos sen\u0117jimu.<br \/>\nD-pantenolis ma\u017eina dirginim\u0105 ir skatina nat\u016bral\u0173 l\u0105steli\u0173 atsinaujinim\u0105.<br \/>\nKokos\u0173 aliejus stiprina barjerin\u012f epidermio sluoksn\u012f.<br \/>\nAlantoinas prisideda prie greito odos l\u0105steli\u0173 atstatymo.<br \/>\n<strong>Naudojimas:<\/strong> tepkite krem\u0105 ant \u0161varios, sausos rank\u0173 odos.<br \/>\nD\u0117mesio: prie\u0161 naudojant krem\u0105 b\u016btina i\u0161bandyti ant nedidelio odos ploto. Jei pasirei\u0161kia alergin\u0117 reakcija, nustokite Naudoti. Naudokite kaip nurodyta.<br \/>\n<strong>Kontraindikacijos:<\/strong> individualus netoleravimas kremo komponentams. Laikyti nuo +5&deg;C iki +25&deg;C ir 55-75% santykin\u0117je &nbsp;dr\u0117gm\u0117je, apsaugotoje nuo tiesiogini\u0173 saul\u0117s spinduli\u0173 vietoje. Nelaikykite gaminio ar\u010diau kaip 1 m atstumu nuo auk\u0161tos temperat\u016bros \u0161altini\u0173.<br \/>\n&nbsp;<\/p>\n","protected":false},"excerpt":{"rendered":"<p>Sukurtas intensyviai i\u0161saus\u0117jusioms ir \u0161iurk\u0161\u010dioms rankoms atstatyti, nepaliekant riebumo ar lipnumo jausmo. Veikliosios med\u017eiagos: Centella asiatica ekstraktas ramina, r\u016bpinasi nedideliais pa\u017eeidimais ir padeda kovoti su odos sen\u0117jimu. D-pantenolis ma\u017eina dirginim\u0105 ir skatina nat\u016bral\u0173 l\u0105steli\u0173 atsinaujinim\u0105. Kokos\u0173 aliejus stiprina barjerin\u012f epidermio sluoksn\u012f. Alantoinas prisideda prie greito odos l\u0105steli\u0173 atstatymo. Naudojimas: tepkite krem\u0105 ant \u0161varios, sausos rank\u0173 [&#8230;]\n","protected":false},"featured_media":87034,"template":"","meta":[],"product_cat":[2181],"product_tag":[],"class_list":{"0":"post-70446","1":"product","2":"type-product","3":"status-publish","4":"has-post-thumbnail","6":"product_brand-naturpro_ua-lt","7":"product_cat-bez-kategorijas-lt","9":"first","10":"outofstock","11":"taxable","12":"shipping-taxable","13":"product-type-simple"},"_links":{"self":[{"href":"https:\/\/e.kosmolat.eu\/lt\/wp-json\/wp\/v2\/product\/70446","targetHints":{"allow":["GET"]}}],"collection":[{"href":"https:\/\/e.kosmolat.eu\/lt\/wp-json\/wp\/v2\/product"}],"about":[{"href":"https:\/\/e.kosmolat.eu\/lt\/wp-json\/wp\/v2\/types\/product"}],"wp:featuredmedia":[{"embeddable":true,"href":"https:\/\/e.kosmolat.eu\/lt\/wp-json\/wp\/v2\/media\/87034"}],"wp:attachment":[{"href":"https:\/\/e.kosmolat.eu\/lt\/wp-json\/wp\/v2\/media?parent=70446"}],"wp:term":[{"taxonomy":"product_cat","embeddable":true,"href":"https:\/\/e.kosmolat.eu\/lt\/wp-json\/wp\/v2\/product_cat?post=70446"},{"taxonomy":"product_tag","embeddable":true,"href":"https:\/\/e.kosmolat.eu\/lt\/wp-json\/wp\/v2\/product_tag?post=70446"}],"curies":[{"name":"wp","href":"https:\/\/api.w.org\/{rel}","templated":true}]}}