{"id":70426,"date":"2025-06-01T09:07:59","date_gmt":"2025-06-01T09:07:59","guid":{"rendered":"https:\/\/e.kosmolat.eu\/product\/i_dr-s-argan-hair-maska-1-l\/"},"modified":"2025-07-08T13:55:45","modified_gmt":"2025-07-08T13:55:45","slug":"i_dr-s-argan-hair-maska-1-l","status":"publish","type":"product","link":"https:\/\/e.kosmolat.eu\/lt\/produktas\/i_dr-s-argan-hair-maska-1-l\/","title":{"rendered":"I_&#8221;Dr.S Argan Hair&#8221; Plauk\u0173 kauk\u0117 1000ml"},"content":{"rendered":"<p>Pa\u017eeistiems plaukams. \u0160amp\u016bnas \u0161velniai valo plaukus nuo ne\u0161varum\u0173 ir paruo\u0161ia juos atstatymo ir stiprinimo proced\u016brai. Suteikia plaukams nepakartojam\u0105 lengvum\u0105 ir sveik\u0105 i\u0161vaizd\u0105. Sud\u0117tyje n\u0117ra SLS, SLES, paraben\u0173.\n<\/p>\n<h4>Naudojimo b\u016bdas:<\/h4>\n<p>u\u017etepkite \u0161amp\u016bno ant dr\u0117gn\u0173 plauk\u0173, sukelkite putas, tada nuplaukite vandeniu. Jei reikia, proced\u016br\u0105 galite pakartoti.\n<\/p>\n<h4>ATSARGUMO PRIEMON\u0116S:<\/h4>\n<p> tik i\u0161oriniam naudojimui. Jei pateko \u012f akis, praplaukite vandeniu.<\/p>\n","protected":false},"excerpt":{"rendered":"<p>Pa\u017eeistiems plaukams. \u0160amp\u016bnas \u0161velniai valo plaukus nuo ne\u0161varum\u0173 ir paruo\u0161ia juos atstatymo ir stiprinimo proced\u016brai. Suteikia plaukams nepakartojam\u0105 lengvum\u0105 ir sveik\u0105 i\u0161vaizd\u0105. Sud\u0117tyje n\u0117ra SLS, SLES, paraben\u0173. Naudojimo b\u016bdas: u\u017etepkite \u0161amp\u016bno ant dr\u0117gn\u0173 plauk\u0173, sukelkite putas, tada nuplaukite vandeniu. Jei reikia, proced\u016br\u0105 galite pakartoti. ATSARGUMO PRIEMON\u0116S: tik i\u0161oriniam naudojimui. Jei pateko \u012f akis, praplaukite vandeniu.<\/p>\n","protected":false},"featured_media":70428,"template":"","meta":[],"product_cat":[1256],"product_tag":[],"class_list":{"0":"post-70426","1":"product","2":"type-product","3":"status-publish","4":"has-post-thumbnail","6":"product_brand-elfa_ua-lt","7":"product_cat-plauku-kaukes","9":"first","10":"outofstock","11":"taxable","12":"shipping-taxable","13":"product-type-simple"},"_links":{"self":[{"href":"https:\/\/e.kosmolat.eu\/lt\/wp-json\/wp\/v2\/product\/70426","targetHints":{"allow":["GET"]}}],"collection":[{"href":"https:\/\/e.kosmolat.eu\/lt\/wp-json\/wp\/v2\/product"}],"about":[{"href":"https:\/\/e.kosmolat.eu\/lt\/wp-json\/wp\/v2\/types\/product"}],"wp:featuredmedia":[{"embeddable":true,"href":"https:\/\/e.kosmolat.eu\/lt\/wp-json\/wp\/v2\/media\/70428"}],"wp:attachment":[{"href":"https:\/\/e.kosmolat.eu\/lt\/wp-json\/wp\/v2\/media?parent=70426"}],"wp:term":[{"taxonomy":"product_cat","embeddable":true,"href":"https:\/\/e.kosmolat.eu\/lt\/wp-json\/wp\/v2\/product_cat?post=70426"},{"taxonomy":"product_tag","embeddable":true,"href":"https:\/\/e.kosmolat.eu\/lt\/wp-json\/wp\/v2\/product_tag?post=70426"}],"curies":[{"name":"wp","href":"https:\/\/api.w.org\/{rel}","templated":true}]}}