{"id":70418,"date":"2025-06-01T09:06:52","date_gmt":"2025-06-01T09:06:52","guid":{"rendered":"https:\/\/e.kosmolat.eu\/product\/i_dr-s-macadamia-hair-sampuns-250-ml-2\/"},"modified":"2026-04-01T06:28:23","modified_gmt":"2026-04-01T06:28:23","slug":"i_dr-s-macadamia-hair-sampuns-250-ml-2","status":"publish","type":"product","link":"https:\/\/e.kosmolat.eu\/lt\/produktas\/i_dr-s-macadamia-hair-sampuns-250-ml-2\/","title":{"rendered":"DR.SANTE Macadamia Hair \u0160amp\u016bnas Atstatymas ir apsauga Silpniems plaukams, 250 ml"},"content":{"rendered":"<p><strong>Naudojimo b\u016bdas:<\/strong> u\u017etepkite &scaron;amp\u016bno ant dr\u0117gn\u0173 plauk\u0173, sukelkite putas, tada nuplaukite vandeniu.&nbsp;<\/p>\n<p><strong>Atsargumo priemon\u0117s: <\/strong>tik i&scaron;oriniam naudojimui. Jei pateko \u012f akis, praplaukite vandeniu. Galimas padid\u0117j\u0119s individualus jautrumas atskiriems komponentams.<\/p>\n<p>Laikyti nuo +5 &deg;C iki +25 &deg;C temperat\u016broje.<br \/>\n&nbsp;<\/p>\n","protected":false},"excerpt":{"rendered":"<p>Naudojimo b\u016bdas: u\u017etepkite &scaron;amp\u016bno ant dr\u0117gn\u0173 plauk\u0173, sukelkite putas, tada nuplaukite vandeniu.&nbsp; Atsargumo priemon\u0117s: tik i&scaron;oriniam naudojimui. Jei pateko \u012f akis, praplaukite vandeniu. Galimas padid\u0117j\u0119s individualus jautrumas atskiriems komponentams. Laikyti nuo +5 &deg;C iki +25 &deg;C temperat\u016broje. &nbsp;<\/p>\n","protected":false},"featured_media":96682,"template":"","meta":[],"product_cat":[1251],"product_tag":[],"class_list":{"0":"post-70418","1":"product","2":"type-product","3":"status-publish","4":"has-post-thumbnail","6":"product_brand-elfa_ua-lt","7":"product_cat-sampunai","9":"first","10":"outofstock","11":"taxable","12":"shipping-taxable","13":"product-type-simple"},"_links":{"self":[{"href":"https:\/\/e.kosmolat.eu\/lt\/wp-json\/wp\/v2\/product\/70418","targetHints":{"allow":["GET"]}}],"collection":[{"href":"https:\/\/e.kosmolat.eu\/lt\/wp-json\/wp\/v2\/product"}],"about":[{"href":"https:\/\/e.kosmolat.eu\/lt\/wp-json\/wp\/v2\/types\/product"}],"wp:featuredmedia":[{"embeddable":true,"href":"https:\/\/e.kosmolat.eu\/lt\/wp-json\/wp\/v2\/media\/96682"}],"wp:attachment":[{"href":"https:\/\/e.kosmolat.eu\/lt\/wp-json\/wp\/v2\/media?parent=70418"}],"wp:term":[{"taxonomy":"product_cat","embeddable":true,"href":"https:\/\/e.kosmolat.eu\/lt\/wp-json\/wp\/v2\/product_cat?post=70418"},{"taxonomy":"product_tag","embeddable":true,"href":"https:\/\/e.kosmolat.eu\/lt\/wp-json\/wp\/v2\/product_tag?post=70418"}],"curies":[{"name":"wp","href":"https:\/\/api.w.org\/{rel}","templated":true}]}}