{"id":70393,"date":"2025-06-01T08:43:08","date_gmt":"2025-06-01T08:43:08","guid":{"rendered":"https:\/\/e.kosmolat.eu\/product\/lady-caramel-depilacijas-krems-dusa-100-ml\/"},"modified":"2026-04-01T06:27:53","modified_gmt":"2026-04-01T06:27:53","slug":"lady-caramel-depilacijas-krems-dusa-100-ml","status":"publish","type":"product","link":"https:\/\/e.kosmolat.eu\/lt\/produktas\/lady-caramel-depilacijas-krems-dusa-100-ml\/","title":{"rendered":"LADY CARAMEL Kremas depilaicijai du\u0161e, 100 ml"},"content":{"rendered":"<p>Vynuogi\u0173 kauliuk\u0173 aliejus. Oda tampa stangresn\u0117, kremas palaiko dr\u0117gm\u0117s ir riebal\u0173 balans\u0105 odoje, u\u017etikrina odos lygum\u0105 i&scaron; mink&scaron;tum\u0105.<\/p>\n<p><strong>Naudojimo b\u016bdas: <\/strong>Prie&scaron; prausim\u0105si po du&scaron;u, krem\u0105 tolygiai u\u017etepti ant odos mentel\u0117s pagalba. \u012esitikinti, kad depiliuojama stritis visi&scaron;kai padengta kremu.<\/p>\n<p>Ne\u012ftrinti! Gerai nuplauti rankas. Maudantis du&scaron;e kremas turi likti ant odos. Nekreipti vandens srov\u0117s ant kremu i&scaron;teptu viet\u0173. Po 5-10min pa&scaron;alinti krem\u0105 mentel\u0117s pagalba, braukti i&scaron; apa\u010dios \u012f vir&scaron;\u0173. Po depiliacijos od\u0105 nuplauti v\u0117siu vandeniu be muilo ir nu&scaron;luostyti rank&scaron;luo&scaron;\u010diu. Kremas netinkamas veido depiliacijai.<\/p>\n<p><strong>Rekomenduojama:&nbsp;<\/strong>Prie&scaron; depiliacij\u0105 padaryti jautrios odos test\u0105: nedidel\u012f kremo kiek\u012f u\u017etepti ant vidin\u0117s rankos pus\u0117s, palikyti 10min., nuplauti v\u0117siu vandeniu. Jei per 24 val. ant odos neatsirado sudirgimo-galima depiliuoti.&nbsp;Netepti priemon\u0117s ant pa\u017eeistos, sudirgusios arba stipriai \u012fdegusios odos.&nbsp;Nenaudoti gilios bikinio zonos depiliacijai.&nbsp;24val. po depiliacjos negalima naudotis dezodorantais ir kvepalais.&nbsp;I&scaron;kart po depiliacijos negalima degintis saul\u0117je arba soliariume.<\/p>\n<p><strong>D\u0117mesio! <\/strong>Stipraus poveikio priemon\u0117! Saugoti nuo vaik\u0173! Nenaudoti vaido plauk\u0173 depiliacijai. Vengti priemon\u0117s patekimo \u012f aki sarba gleivin\u0119. Patekimo atveju praplauti dideliu kiekiu vandens ir esant b\u016btinybei kreiptis \u012f gydytoj\u0105.<\/p>\n<p><strong>Laikymo s\u0105lygos:<\/strong> nuo +5 &deg;C iki +25 &deg;C.<\/p>\n","protected":false},"excerpt":{"rendered":"<p>Vynuogi\u0173 kauliuk\u0173 aliejus. Oda tampa stangresn\u0117, kremas palaiko dr\u0117gm\u0117s ir riebal\u0173 balans\u0105 odoje, u\u017etikrina odos lygum\u0105 i&scaron; mink&scaron;tum\u0105. Naudojimo b\u016bdas: Prie&scaron; prausim\u0105si po du&scaron;u, krem\u0105 tolygiai u\u017etepti ant odos mentel\u0117s pagalba. \u012esitikinti, kad depiliuojama stritis visi&scaron;kai padengta kremu. Ne\u012ftrinti! Gerai nuplauti rankas. Maudantis du&scaron;e kremas turi likti ant odos. Nekreipti vandens srov\u0117s ant kremu i&scaron;teptu [&#8230;]\n","protected":false},"featured_media":79414,"template":"","meta":[],"product_cat":[1624],"product_tag":[],"class_list":{"0":"post-70393","1":"product","2":"type-product","3":"status-publish","4":"has-post-thumbnail","6":"product_brand-elfa_ua-lt","7":"product_cat-depiliacijos-priemones","9":"first","10":"instock","11":"taxable","12":"shipping-taxable","13":"product-type-simple"},"_links":{"self":[{"href":"https:\/\/e.kosmolat.eu\/lt\/wp-json\/wp\/v2\/product\/70393","targetHints":{"allow":["GET"]}}],"collection":[{"href":"https:\/\/e.kosmolat.eu\/lt\/wp-json\/wp\/v2\/product"}],"about":[{"href":"https:\/\/e.kosmolat.eu\/lt\/wp-json\/wp\/v2\/types\/product"}],"wp:featuredmedia":[{"embeddable":true,"href":"https:\/\/e.kosmolat.eu\/lt\/wp-json\/wp\/v2\/media\/79414"}],"wp:attachment":[{"href":"https:\/\/e.kosmolat.eu\/lt\/wp-json\/wp\/v2\/media?parent=70393"}],"wp:term":[{"taxonomy":"product_cat","embeddable":true,"href":"https:\/\/e.kosmolat.eu\/lt\/wp-json\/wp\/v2\/product_cat?post=70393"},{"taxonomy":"product_tag","embeddable":true,"href":"https:\/\/e.kosmolat.eu\/lt\/wp-json\/wp\/v2\/product_tag?post=70393"}],"curies":[{"name":"wp","href":"https:\/\/api.w.org\/{rel}","templated":true}]}}