{"id":70376,"date":"2025-05-31T04:03:19","date_gmt":"2025-05-31T04:03:19","guid":{"rendered":"https:\/\/e.kosmolat.eu\/product\/hp-fito-linija-samp-balz-2-in-1-natre-un-mezroz-svaig-un-apj-tauk-mat-500-ml\/"},"modified":"2026-04-23T11:36:39","modified_gmt":"2026-04-23T11:36:39","slug":"hp-fito-linija-samp-balz-2-in-1-natre-un-mezroz-svaig-un-apj-tauk-mat-500-ml","status":"publish","type":"product","link":"https:\/\/e.kosmolat.eu\/lt\/produktas\/hp-fito-linija-samp-balz-2-in-1-natre-un-mezroz-svaig-un-apj-tauk-mat-500-ml\/","title":{"rendered":"HERB\u2019S PLANET Phyto Line \u0161amp\u016bnas-balzamas 2in1. Dilg\u0117l\u0117s ir er\u0161k\u0117tuog\u0117s Gaivumas ir apimtis riebiem"},"content":{"rendered":"<p>\u0160amp\u016bnas-balzamas \u0161velniai valo galvos od\u0105 ir plaukus per vis\u0105 j\u0173 ilg\u012f nuo ne\u0161varum\u0173. Sud\u0117tyje yra dilg\u0117li\u0173 ir er\u0161k\u0117tuogi\u0173 ekstrakt\u0173.<\/p>\n<p>Naudojimas: tepkite ant dr\u0117gn\u0173 plauk\u0173, \u012ftrinkite, nuplaukite \u0161iltu vandeniu.<\/p>\n<p>Atsargumo priemon\u0117s: tik i\u0161oriniam naudojimui. Patekus \u012f akis, nedelsiant praplaukite vandeniu. Galimas individualus jautrumas atskiriems komponentams.<\/p>\n<p>Laikymo s\u0105lygos: laikyti +5\u201325 \u00b0C temperat\u016broje, saugoti nuo tiesiogini\u0173 saul\u0117s spinduli\u0173, bent 0,5 m atstumu nuo \u012fjungt\u0173 \u0161ildymo prietais\u0173. Pakuot\u0119 i\u0161meskite kaip buitines atliekas.<\/p>\n<p>Geriausias: 30 m\u0117nesi\u0173 nuo pagaminimo datos.<\/p>\n","protected":false},"excerpt":{"rendered":"<p>\u0160amp\u016bnas-balzamas \u0161velniai valo galvos od\u0105 ir plaukus per vis\u0105 j\u0173 ilg\u012f nuo ne\u0161varum\u0173. Sud\u0117tyje yra dilg\u0117li\u0173 ir er\u0161k\u0117tuogi\u0173 ekstrakt\u0173. Naudojimas: tepkite ant dr\u0117gn\u0173 plauk\u0173, \u012ftrinkite, nuplaukite \u0161iltu vandeniu. Atsargumo priemon\u0117s: tik i\u0161oriniam naudojimui. Patekus \u012f akis, nedelsiant praplaukite vandeniu. Galimas individualus jautrumas atskiriems komponentams. Laikymo s\u0105lygos: laikyti +5\u201325 \u00b0C temperat\u016broje, saugoti nuo tiesiogini\u0173 saul\u0117s spinduli\u0173, [&#8230;]\n","protected":false},"featured_media":99056,"template":"","meta":[],"product_cat":[1251],"product_tag":[],"class_list":{"0":"post-70376","1":"product","2":"type-product","3":"status-publish","4":"has-post-thumbnail","6":"product_brand-supermash_ua-lt","7":"product_cat-sampunai","9":"first","10":"instock","11":"taxable","12":"shipping-taxable","13":"product-type-simple"},"_links":{"self":[{"href":"https:\/\/e.kosmolat.eu\/lt\/wp-json\/wp\/v2\/product\/70376","targetHints":{"allow":["GET"]}}],"collection":[{"href":"https:\/\/e.kosmolat.eu\/lt\/wp-json\/wp\/v2\/product"}],"about":[{"href":"https:\/\/e.kosmolat.eu\/lt\/wp-json\/wp\/v2\/types\/product"}],"wp:featuredmedia":[{"embeddable":true,"href":"https:\/\/e.kosmolat.eu\/lt\/wp-json\/wp\/v2\/media\/99056"}],"wp:attachment":[{"href":"https:\/\/e.kosmolat.eu\/lt\/wp-json\/wp\/v2\/media?parent=70376"}],"wp:term":[{"taxonomy":"product_cat","embeddable":true,"href":"https:\/\/e.kosmolat.eu\/lt\/wp-json\/wp\/v2\/product_cat?post=70376"},{"taxonomy":"product_tag","embeddable":true,"href":"https:\/\/e.kosmolat.eu\/lt\/wp-json\/wp\/v2\/product_tag?post=70376"}],"curies":[{"name":"wp","href":"https:\/\/api.w.org\/{rel}","templated":true}]}}