{"id":70360,"date":"2025-05-31T04:02:52","date_gmt":"2025-05-31T04:02:52","guid":{"rendered":"https:\/\/e.kosmolat.eu\/product\/hp-fito-linija-samp-balz-2-in-1-7-augi-stipr-un-svaig-visiem-m-tip-500-ml\/"},"modified":"2026-04-21T09:33:18","modified_gmt":"2026-04-21T09:33:18","slug":"hp-fito-linija-samp-balz-2-in-1-7-augi-stipr-un-svaig-visiem-m-tip-500-ml","status":"publish","type":"product","link":"https:\/\/e.kosmolat.eu\/lt\/produktas\/hp-fito-linija-samp-balz-2-in-1-7-augi-stipr-un-svaig-visiem-m-tip-500-ml\/","title":{"rendered":"HERB\u2019S PLANET Phyto Line \u0161amp\u016bnas-balzamas 2in1 Septynios \u017eolel\u0117s Stiprinimas ir gaiva vis\u0173 tip\u0173 pla"},"content":{"rendered":"<p>\u0160amp\u016bnas-balzamas \u0161velniai valo galvos od\u0105 ir plaukus per vis\u0105 j\u0173 ilg\u012f nuo ne\u0161varum\u0173. Sud\u0117tyje yra 7 vaista\u017eoli\u0173 ekstraktai.<\/p>\n<p>Naudojimas: tepkite ant dr\u0117gn\u0173 plauk\u0173, \u012ftrinkite, nuplaukite \u0161iltu vandeniu.<\/p>\n<p>Atsargumo priemon\u0117s: tik i\u0161oriniam naudojimui. Patekus \u012f akis, nedelsiant praplaukite vandeniu. Galimas individualus jautrumas atskiriems komponentams.<\/p>\n<p>Laikymo s\u0105lygos: laikyti +5\u201325 \u00b0C temperat\u016broje, saugoti nuo tiesiogini\u0173 saul\u0117s spinduli\u0173, bent 0,5 m atstumu nuo \u012fjungt\u0173 \u0161ildymo prietais\u0173. Pakuot\u0119 i\u0161meskite kaip buitines atliekas.<\/p>\n<p>Geriausias: 30 m\u0117nesi\u0173 nuo pagaminimo datos.<\/p>\n","protected":false},"excerpt":{"rendered":"<p>\u0160amp\u016bnas-balzamas \u0161velniai valo galvos od\u0105 ir plaukus per vis\u0105 j\u0173 ilg\u012f nuo ne\u0161varum\u0173. Sud\u0117tyje yra 7 vaista\u017eoli\u0173 ekstraktai. Naudojimas: tepkite ant dr\u0117gn\u0173 plauk\u0173, \u012ftrinkite, nuplaukite \u0161iltu vandeniu. Atsargumo priemon\u0117s: tik i\u0161oriniam naudojimui. Patekus \u012f akis, nedelsiant praplaukite vandeniu. Galimas individualus jautrumas atskiriems komponentams. Laikymo s\u0105lygos: laikyti +5\u201325 \u00b0C temperat\u016broje, saugoti nuo tiesiogini\u0173 saul\u0117s spinduli\u0173, bent [&#8230;]\n","protected":false},"featured_media":99908,"template":"","meta":[],"product_cat":[2181],"product_tag":[],"class_list":{"0":"post-70360","1":"product","2":"type-product","3":"status-publish","4":"has-post-thumbnail","6":"product_brand-supermash_ua-lt","7":"product_cat-bez-kategorijas-lt","9":"first","10":"instock","11":"taxable","12":"shipping-taxable","13":"product-type-simple"},"_links":{"self":[{"href":"https:\/\/e.kosmolat.eu\/lt\/wp-json\/wp\/v2\/product\/70360","targetHints":{"allow":["GET"]}}],"collection":[{"href":"https:\/\/e.kosmolat.eu\/lt\/wp-json\/wp\/v2\/product"}],"about":[{"href":"https:\/\/e.kosmolat.eu\/lt\/wp-json\/wp\/v2\/types\/product"}],"wp:featuredmedia":[{"embeddable":true,"href":"https:\/\/e.kosmolat.eu\/lt\/wp-json\/wp\/v2\/media\/99908"}],"wp:attachment":[{"href":"https:\/\/e.kosmolat.eu\/lt\/wp-json\/wp\/v2\/media?parent=70360"}],"wp:term":[{"taxonomy":"product_cat","embeddable":true,"href":"https:\/\/e.kosmolat.eu\/lt\/wp-json\/wp\/v2\/product_cat?post=70360"},{"taxonomy":"product_tag","embeddable":true,"href":"https:\/\/e.kosmolat.eu\/lt\/wp-json\/wp\/v2\/product_tag?post=70360"}],"curies":[{"name":"wp","href":"https:\/\/api.w.org\/{rel}","templated":true}]}}